{"id":84293,"date":"2018-04-26T18:35:33","date_gmt":"2018-04-26T18:35:33","guid":{"rendered":"http:\/\/www.irdin.org.br\/site\/produto\/mensagem-sideral-em-junho-de-2012\/"},"modified":"2025-08-11T08:54:54","modified_gmt":"2025-08-11T11:54:54","slug":"mensagem-sideral-em-junho-de-2012","status":"publish","type":"product","link":"https:\/\/www.irdin.org.br\/site\/produtos\/mensagem-sideral-em-junho-de-2012\/","title":{"rendered":"Mensagem Sideral em junho de 2012"},"content":{"rendered":"<p><em>Instru\u00e7\u00e3o transmitida pelas Hierarquias Oxalc e Antarel \u00e0s Comunidades-Luz, aos seus colaboradores e a todos os membros do Grande Esp\u00edrito da Confraternidade Universal.<\/em><\/p>\n<p><strong>Ou\u00e7a agora:<\/strong><\/p>\n<p><span data-href=\"https:\/\/www.irdin.org.br\/site\/envios\/audios\/2822_0001__mul_mul__mensagem_sideral_em_junho_de_2012.mp3\" data-title=\"mensagem sideral em junho de 2012\" data-rel=\"\" data-target=\"\" data-meta=\"#fap-meta-6a02c3181beb6\" class=\"fap-single-track fap-track-button fap-play-button\" data-enqueue=\"no\" data-autoenqueue=\"no\" title=\"mensagem sideral em junho de 2012\"><span class=\"fap-icon-play\"><\/span>Ouvir<\/span> <a class=\"baixar\" href=\"https:\/\/www.irdin.org.br\/site\/envios\/audios\/2822_0001__mul_mul__mensagem_sideral_em_junho_de_2012.mp3\" download=\"\">Baixar<\/a> <span class=\"textobaixar\"> mensagem sideral em junho de 2012<\/span><\/p>\n<p>&nbsp;<\/p>\n","protected":false},"excerpt":{"rendered":"<p>Instru\u00e7\u00e3o transmitida pelas Hierarquias Oxalc e Antarel \u00e0s Comunidades-Luz, aos seus colaboradores e a todos os membros do Grande Esp\u00edrito<\/p>\n","protected":false},"featured_media":37803,"template":"","meta":{"_acf_changed":false},"product_brand":[],"product_cat":[18076,33068],"product_tag":[41887],"class_list":{"0":"post-84293","1":"product","2":"type-product","3":"status-publish","4":"has-post-thumbnail","6":"product_cat-cddvd","7":"product_cat-palestras","8":"product_tag-41887","9":"pa_autor-artur","10":"pa_autor-madre-maria-shimani","11":"pa_codigo-da-serie-27572","12":"pa_codigo-externo-28220001mulcd","13":"pa_data-de-gravacao-27568","14":"pa_duracao-1h36","15":"pa_idioma-de-destino-espanhol","16":"pa_idioma-de-destino-portugues","17":"pa_idioma-de-origem-espanhol","18":"pa_idioma-de-origem-portugues","19":"pa_lancamento-no","20":"pa_midia-cd","21":"pa_moac-41886","22":"pa_quantidade-de-saldo-33067","23":"pa_sequencial-da-serie-31877","24":"pa_tipo-de-traducao-nao-classificado","26":"first","27":"outofstock","28":"product-type-simple"},"acf":[],"_links":{"self":[{"href":"https:\/\/www.irdin.org.br\/site\/wp-json\/wp\/v2\/product\/84293","targetHints":{"allow":["GET"]}}],"collection":[{"href":"https:\/\/www.irdin.org.br\/site\/wp-json\/wp\/v2\/product"}],"about":[{"href":"https:\/\/www.irdin.org.br\/site\/wp-json\/wp\/v2\/types\/product"}],"version-history":[{"count":2,"href":"https:\/\/www.irdin.org.br\/site\/wp-json\/wp\/v2\/product\/84293\/revisions"}],"predecessor-version":[{"id":109882,"href":"https:\/\/www.irdin.org.br\/site\/wp-json\/wp\/v2\/product\/84293\/revisions\/109882"}],"wp:featuredmedia":[{"embeddable":true,"href":"https:\/\/www.irdin.org.br\/site\/wp-json\/wp\/v2\/media\/37803"}],"wp:attachment":[{"href":"https:\/\/www.irdin.org.br\/site\/wp-json\/wp\/v2\/media?parent=84293"}],"wp:term":[{"taxonomy":"product_brand","embeddable":true,"href":"https:\/\/www.irdin.org.br\/site\/wp-json\/wp\/v2\/product_brand?post=84293"},{"taxonomy":"product_cat","embeddable":true,"href":"https:\/\/www.irdin.org.br\/site\/wp-json\/wp\/v2\/product_cat?post=84293"},{"taxonomy":"product_tag","embeddable":true,"href":"https:\/\/www.irdin.org.br\/site\/wp-json\/wp\/v2\/product_tag?post=84293"}],"curies":[{"name":"wp","href":"https:\/\/api.w.org\/{rel}","templated":true}]}}