{"id":84294,"date":"2018-04-26T18:35:33","date_gmt":"2018-04-26T18:35:33","guid":{"rendered":"http:\/\/www.irdin.org.br\/site\/produto\/las-apariciones-de-maria-y-el-trabajo-cosmico-de-las-jerarquias\/"},"modified":"2025-07-04T09:06:13","modified_gmt":"2025-07-04T12:06:13","slug":"las-apariciones-de-maria-y-el-trabajo-cosmico-de-las-jerarquias","status":"publish","type":"product","link":"https:\/\/www.irdin.org.br\/site\/produtos\/las-apariciones-de-maria-y-el-trabajo-cosmico-de-las-jerarquias\/","title":{"rendered":"Las apariciones de Mar\u00eda y el trabajo c\u00f3smico de las Jerarqu\u00edas"},"content":{"rendered":"<p><em>Esclarecimientos de Mainhdra y de Thaykhuma sobre el proceso de la Madre Universal unido al trabajo de las Jerarqu\u00edas C\u00f3smicas. Tiempos de pruebas y de fe.<\/em><\/p>\n<p><strong>Ou\u00e7a agora:<\/strong><\/p>\n<p><span data-href=\"https:\/\/www.irdin.org.br\/site\/envios\/audios\/2824_0001__spa_spa__las_apariciones_de_maria_y_el_trabajo_cosmico_de_las_jerarquias.mp3\" data-title=\"las apariciones de mar\u00eda y el trabajo c\u00f3smico de las jerarqu\u00edas\" data-rel=\"\" data-target=\"\" data-meta=\"#fap-meta-69e28eddf3180\" class=\"fap-single-track fap-track-button fap-play-button\" data-enqueue=\"no\" data-autoenqueue=\"no\" title=\"las apariciones de mar\u00eda y el trabajo c\u00f3smico de las jerarqu\u00edas\"><span class=\"fap-icon-play\"><\/span>Ouvir<\/span> <a class=\"baixar\" href=\"https:\/\/www.irdin.org.br\/site\/envios\/audios\/2824_0001__spa_spa__las_apariciones_de_maria_y_el_trabajo_cosmico_de_las_jerarquias.mp3\" download=\"\">Baixar<\/a> <span class=\"textobaixar\"> las apariciones de mar\u00eda y el trabajo c\u00f3smico de las jerarqu\u00edas<\/span><\/p>\n<p>&nbsp;<\/p>\n","protected":false},"excerpt":{"rendered":"<p>Esclarecimientos de Mainhdra y de Thaykhuma sobre el proceso de la Madre Universal unido al trabajo de las Jerarqu\u00edas C\u00f3smicas.<\/p>\n","protected":false},"featured_media":37803,"template":"","meta":{"_acf_changed":false},"product_brand":[],"product_cat":[18076,33068],"product_tag":[41889],"class_list":{"0":"post-84294","1":"product","2":"type-product","3":"status-publish","4":"has-post-thumbnail","6":"product_cat-cddvd","7":"product_cat-palestras","8":"product_tag-41889","9":"pa_autor-madre-maria-shimani","10":"pa_codigo-da-serie-27577","11":"pa_codigo-externo-28240001spacd","12":"pa_data-de-gravacao-27574","13":"pa_duracao-38-min-39-s","14":"pa_idioma-de-destino-espanhol","15":"pa_idioma-de-origem-espanhol","16":"pa_lancamento-no","17":"pa_midia-cd","18":"pa_moac-41888","19":"pa_quantidade-de-saldo-33067","20":"pa_sequencial-da-serie-31877","21":"pa_tipo-de-traducao-nao-classificado","23":"first","24":"outofstock","25":"product-type-simple"},"acf":[],"_links":{"self":[{"href":"https:\/\/www.irdin.org.br\/site\/wp-json\/wp\/v2\/product\/84294","targetHints":{"allow":["GET"]}}],"collection":[{"href":"https:\/\/www.irdin.org.br\/site\/wp-json\/wp\/v2\/product"}],"about":[{"href":"https:\/\/www.irdin.org.br\/site\/wp-json\/wp\/v2\/types\/product"}],"version-history":[{"count":1,"href":"https:\/\/www.irdin.org.br\/site\/wp-json\/wp\/v2\/product\/84294\/revisions"}],"predecessor-version":[{"id":108149,"href":"https:\/\/www.irdin.org.br\/site\/wp-json\/wp\/v2\/product\/84294\/revisions\/108149"}],"wp:featuredmedia":[{"embeddable":true,"href":"https:\/\/www.irdin.org.br\/site\/wp-json\/wp\/v2\/media\/37803"}],"wp:attachment":[{"href":"https:\/\/www.irdin.org.br\/site\/wp-json\/wp\/v2\/media?parent=84294"}],"wp:term":[{"taxonomy":"product_brand","embeddable":true,"href":"https:\/\/www.irdin.org.br\/site\/wp-json\/wp\/v2\/product_brand?post=84294"},{"taxonomy":"product_cat","embeddable":true,"href":"https:\/\/www.irdin.org.br\/site\/wp-json\/wp\/v2\/product_cat?post=84294"},{"taxonomy":"product_tag","embeddable":true,"href":"https:\/\/www.irdin.org.br\/site\/wp-json\/wp\/v2\/product_tag?post=84294"}],"curies":[{"name":"wp","href":"https:\/\/api.w.org\/{rel}","templated":true}]}}