{"id":84299,"date":"2018-04-26T18:35:54","date_gmt":"2018-04-26T18:35:54","guid":{"rendered":"http:\/\/www.irdin.org.br\/site\/produto\/as-aparicoes-de-maria-e-outras-questoes\/"},"modified":"2025-08-11T08:59:18","modified_gmt":"2025-08-11T11:59:18","slug":"as-aparicoes-de-maria-e-outras-questoes","status":"publish","type":"product","link":"https:\/\/www.irdin.org.br\/site\/produtos\/as-aparicoes-de-maria-e-outras-questoes\/","title":{"rendered":"As apari\u00e7\u00f5es de Maria e outras quest\u00f5es"},"content":{"rendered":"<p><em>Transmiss\u00e3o mundial e a onipresen\u00e7a da M\u00e3e \/ Esperan\u00e7a na doa\u00e7\u00e3o do grupo \/ Transforma\u00e7\u00f5es internas \/ Consagra\u00e7\u00e3o e obedi\u00eancia \/ Esposa do Criador \/ Momento da Apari\u00e7\u00e3o \/ O contato da M\u00e3e Divina com frei Elias \/ Alinhamento das consci\u00eancias \/ Simbolismo das rosas \/ Mensagens anteriores \u00e0 transmiss\u00e3o \/ A escolha do lugar da Apari\u00e7\u00e3o \/ O v\u00ednculo com a M\u00e3e nos momentos dif\u00edceis \/ Retorno de Cristo \/ Apocalipse<\/em><\/p>\n<p><strong>Ou\u00e7a agora:<\/strong><\/p>\n<p><span data-href=\"https:\/\/www.irdin.org.br\/site\/envios\/audios\/2828_0001__por_spa__as_aparicoes_de_maria_e_outras_questoes.mp3\" data-title=\"as apari\u00e7\u00f5es de maria e outras quest\u00f5es\" data-rel=\"\" data-target=\"\" data-meta=\"#fap-meta-69f8d7d260b1d\" class=\"fap-single-track fap-track-button fap-play-button\" data-enqueue=\"no\" data-autoenqueue=\"no\" title=\"as apari\u00e7\u00f5es de maria e outras quest\u00f5es\"><span class=\"fap-icon-play\"><\/span>Ouvir<\/span> <a class=\"baixar\" href=\"https:\/\/www.irdin.org.br\/site\/envios\/audios\/2828_0001__por_spa__as_aparicoes_de_maria_e_outras_questoes.mp3\" download=\"\">Baixar<\/a> <span class=\"textobaixar\"> as apari\u00e7\u00f5es de maria e outras quest\u00f5es<\/span><\/p>\n<p>&nbsp;<\/p>\n","protected":false},"excerpt":{"rendered":"<p>Transmiss\u00e3o mundial e a onipresen\u00e7a da M\u00e3e \/ Esperan\u00e7a na doa\u00e7\u00e3o do grupo \/ Transforma\u00e7\u00f5es internas \/ Consagra\u00e7\u00e3o e obedi\u00eancia<\/p>\n","protected":false},"featured_media":37803,"template":"","meta":{"_acf_changed":false},"product_brand":[],"product_cat":[18076,33068],"product_tag":[41899],"class_list":{"0":"post-84299","1":"product","2":"type-product","3":"status-publish","4":"has-post-thumbnail","6":"product_cat-cddvd","7":"product_cat-palestras","8":"product_tag-41899","9":"pa_autor-artur","10":"pa_autor-frei-elias-del-sagrado-corazon","11":"pa_autor-madre-maria-shimani","12":"pa_codigo-da-serie-27615","13":"pa_codigo-externo-28280001mulcd","14":"pa_data-de-gravacao-27611","15":"pa_duracao-1h34min","16":"pa_idioma-de-destino-espanhol","17":"pa_idioma-de-destino-portugues","18":"pa_idioma-de-origem-espanhol","19":"pa_idioma-de-origem-portugues","20":"pa_lancamento-no","21":"pa_midia-cd","22":"pa_moac-41898","23":"pa_quantidade-de-saldo-33067","24":"pa_sequencial-da-serie-31877","25":"pa_tipo-de-traducao-nao-classificado","27":"first","28":"outofstock","29":"product-type-simple"},"acf":[],"_links":{"self":[{"href":"https:\/\/www.irdin.org.br\/site\/wp-json\/wp\/v2\/product\/84299","targetHints":{"allow":["GET"]}}],"collection":[{"href":"https:\/\/www.irdin.org.br\/site\/wp-json\/wp\/v2\/product"}],"about":[{"href":"https:\/\/www.irdin.org.br\/site\/wp-json\/wp\/v2\/types\/product"}],"version-history":[{"count":2,"href":"https:\/\/www.irdin.org.br\/site\/wp-json\/wp\/v2\/product\/84299\/revisions"}],"predecessor-version":[{"id":109883,"href":"https:\/\/www.irdin.org.br\/site\/wp-json\/wp\/v2\/product\/84299\/revisions\/109883"}],"wp:featuredmedia":[{"embeddable":true,"href":"https:\/\/www.irdin.org.br\/site\/wp-json\/wp\/v2\/media\/37803"}],"wp:attachment":[{"href":"https:\/\/www.irdin.org.br\/site\/wp-json\/wp\/v2\/media?parent=84299"}],"wp:term":[{"taxonomy":"product_brand","embeddable":true,"href":"https:\/\/www.irdin.org.br\/site\/wp-json\/wp\/v2\/product_brand?post=84299"},{"taxonomy":"product_cat","embeddable":true,"href":"https:\/\/www.irdin.org.br\/site\/wp-json\/wp\/v2\/product_cat?post=84299"},{"taxonomy":"product_tag","embeddable":true,"href":"https:\/\/www.irdin.org.br\/site\/wp-json\/wp\/v2\/product_tag?post=84299"}],"curies":[{"name":"wp","href":"https:\/\/api.w.org\/{rel}","templated":true}]}}