{"id":84304,"date":"2018-04-26T18:35:54","date_gmt":"2018-04-26T18:35:54","guid":{"rendered":"http:\/\/www.irdin.org.br\/site\/produto\/sugestoes-para-o-amadurecimento-do-ser\/"},"modified":"2025-03-15T18:48:16","modified_gmt":"2025-03-15T18:48:16","slug":"sugestoes-para-o-amadurecimento-do-ser","status":"publish","type":"product","link":"https:\/\/www.irdin.org.br\/site\/produtos\/sugestoes-para-o-amadurecimento-do-ser\/","title":{"rendered":"Sugest\u00f5es para o amadurecimento do Ser"},"content":{"rendered":"<p><em>V\u00e1rios temas, entre os quais: Rela\u00e7\u00e3o espiritual entre os Mestres \/ Metas superiores das Comunidades-Luz \/ Diferen\u00e7a entre apari\u00e7\u00e3o\u00b4 e \u00b4manifesta\u00e7\u00e3o\u00b4 \/ Rela\u00e7\u00e3o ecum\u00eanica de Figueira com as religi\u00f5es \/ Mist\u00e9rios na evolu\u00e7\u00e3o das aves e de outros animais \/ Cristo Jesus nos convoca ao amor e ao perd\u00e3o                                                                                                                                                                                                                                                                                                                                                                                                                                                                                                                                                                                                                                                                                                                                                                                                                                                                                                                                                                                                                                                                                                                                                                                                                                                                                                                                                                                                                                                                                                                                                                                                                                                                                                                                                                                                                                                                                                                                                                                                                                                                                                                                                                                                                                                                                                                                                                                                                                                                                                                                                                                                                                                                                                                                                                                                                                                                                                                                                                                                                                                                                                                                                                                                                                                                                                                                                                                                                                                                                                                                                                                                                                                                                                                                                                                                                                                                                                                                                                                                                                                                                                           \u00b4<\/em><\/p>\n<p>&nbsp;<br \/>\n<strong>Ou\u00e7a agora:<\/strong><\/p>\n<p><span data-href=\"https:\/\/www.irdin.org.br\/site\/envios\/audios\/2846_0004__por_por__sugestoes_para_o_amadurecimento_do_ser.mp3\" data-title=\"sugest\u00f5es para o amadurecimento do ser\" data-rel=\"\" data-target=\"\" data-meta=\"#fap-meta-69feef1bd3eb2\" class=\"fap-single-track fap-track-button fap-play-button\" data-enqueue=\"no\" data-autoenqueue=\"no\" title=\"sugest\u00f5es para o amadurecimento do ser\"><span class=\"fap-icon-play\"><\/span>Ouvir<\/span> <a href=\"https:\/\/www.irdin.org.br\/site\/envios\/audios\/2846_0004__por_por__sugestoes_para_o_amadurecimento_do_ser.mp3\" class=\"baixar\" download><span class=\"fa fa-arrow-down\"><\/span>Baixar<\/span><\/a> <span class=\"textobaixar\"> sugest\u00f5es para o amadurecimento do ser<\/span><\/p>\n<p>&nbsp;<\/p>\n","protected":false},"excerpt":{"rendered":"<p>V\u00e1rios temas, entre os quais: Rela\u00e7\u00e3o espiritual entre os Mestres \/ Metas superiores das Comunidades-Luz \/ Diferen\u00e7a entre apari\u00e7\u00e3o\u00b4 e<\/p>\n","protected":false},"featured_media":37803,"template":"","meta":{"_acf_changed":false},"product_brand":[],"product_cat":[18076,33068],"product_tag":[41909],"class_list":{"0":"post-84304","1":"product","2":"type-product","3":"status-publish","4":"has-post-thumbnail","6":"product_cat-cddvd","7":"product_cat-palestras","8":"product_tag-41909","9":"pa_autor-trigueirinho","10":"pa_codigo-da-serie-27654","11":"pa_codigo-externo-28460004porcd","12":"pa_data-de-gravacao-27664","13":"pa_duracao-65-m","14":"pa_idioma-de-destino-portugues","15":"pa_idioma-de-origem-portugues","16":"pa_lancamento-no","17":"pa_midia-cd","18":"pa_moac-41908","19":"pa_quantidade-de-saldo-33067","20":"pa_sequencial-da-serie-31880","21":"pa_tipo-de-traducao-nao-classificado","23":"first","24":"outofstock","25":"product-type-simple"},"acf":[],"_links":{"self":[{"href":"https:\/\/www.irdin.org.br\/site\/wp-json\/wp\/v2\/product\/84304","targetHints":{"allow":["GET"]}}],"collection":[{"href":"https:\/\/www.irdin.org.br\/site\/wp-json\/wp\/v2\/product"}],"about":[{"href":"https:\/\/www.irdin.org.br\/site\/wp-json\/wp\/v2\/types\/product"}],"version-history":[{"count":1,"href":"https:\/\/www.irdin.org.br\/site\/wp-json\/wp\/v2\/product\/84304\/revisions"}],"predecessor-version":[{"id":108308,"href":"https:\/\/www.irdin.org.br\/site\/wp-json\/wp\/v2\/product\/84304\/revisions\/108308"}],"wp:featuredmedia":[{"embeddable":true,"href":"https:\/\/www.irdin.org.br\/site\/wp-json\/wp\/v2\/media\/37803"}],"wp:attachment":[{"href":"https:\/\/www.irdin.org.br\/site\/wp-json\/wp\/v2\/media?parent=84304"}],"wp:term":[{"taxonomy":"product_brand","embeddable":true,"href":"https:\/\/www.irdin.org.br\/site\/wp-json\/wp\/v2\/product_brand?post=84304"},{"taxonomy":"product_cat","embeddable":true,"href":"https:\/\/www.irdin.org.br\/site\/wp-json\/wp\/v2\/product_cat?post=84304"},{"taxonomy":"product_tag","embeddable":true,"href":"https:\/\/www.irdin.org.br\/site\/wp-json\/wp\/v2\/product_tag?post=84304"}],"curies":[{"name":"wp","href":"https:\/\/api.w.org\/{rel}","templated":true}]}}