{"id":84305,"date":"2018-04-26T18:35:54","date_gmt":"2018-04-26T18:35:54","guid":{"rendered":"http:\/\/www.irdin.org.br\/site\/produto\/por-obra-da-graca-a-proposito-de-mistica-cidade-de-deus\/"},"modified":"2025-03-15T18:48:25","modified_gmt":"2025-03-15T18:48:25","slug":"por-obra-da-graca-a-proposito-de-mistica-cidade-de-deus","status":"publish","type":"product","link":"https:\/\/www.irdin.org.br\/site\/produtos\/por-obra-da-graca-a-proposito-de-mistica-cidade-de-deus\/","title":{"rendered":"Por obra da Gra\u00e7a &#8211; A prop\u00f3sito de &#8220;M\u00edstica Cidade de Deus&#8221;"},"content":{"rendered":"<p><em>Jesus, Maria e Jos\u00e9: A presen\u00e7a dos c\u00f3digos arquet\u00edpicos da Sagrada Fam\u00edlia nas atuais Comunidades-Luz, sementes para a Nova Humanidade.<\/em><\/p>\n<p>&nbsp;<br \/>\n<strong>Ou\u00e7a agora:<\/strong><\/p>\n<p><span data-href=\"https:\/\/www.irdin.org.br\/site\/envios\/audios\/2846_0005__por_obra_da_graca.mp3\" data-title=\"por obra da gra\u00e7a\" data-rel=\"\" data-target=\"\" data-meta=\"#fap-meta-69feff7ca0a00\" class=\"fap-single-track fap-track-button fap-play-button\" data-enqueue=\"no\" data-autoenqueue=\"no\" title=\"por obra da gra\u00e7a\"><span class=\"fap-icon-play\"><\/span>Ouvir<\/span> <a href=\"https:\/\/www.irdin.org.br\/site\/envios\/audios\/2846_0005__por_obra_da_graca.mp3\" class=\"baixar\" download><span class=\"fa fa-arrow-down\"><\/span>Baixar<\/span><\/a> <span class=\"textobaixar\"> por obra da gra\u00e7a<\/span><\/p>\n<p>&nbsp;<\/p>\n","protected":false},"excerpt":{"rendered":"<p>Jesus, Maria e Jos\u00e9: A presen\u00e7a dos c\u00f3digos arquet\u00edpicos da Sagrada Fam\u00edlia nas atuais Comunidades-Luz, sementes para a Nova Humanidade.<\/p>\n","protected":false},"featured_media":37803,"template":"","meta":{"_acf_changed":false},"product_brand":[],"product_cat":[18076,33068],"product_tag":[41911],"class_list":{"0":"post-84305","1":"product","2":"type-product","3":"status-publish","4":"has-post-thumbnail","6":"product_cat-cddvd","7":"product_cat-palestras","8":"product_tag-41911","9":"pa_autor-trigueirinho","10":"pa_codigo-da-serie-27654","11":"pa_codigo-externo-28460005porcd","12":"pa_data-de-gravacao-27668","13":"pa_duracao-53min03s","14":"pa_idioma-de-destino-portugues","15":"pa_idioma-de-origem-portugues","16":"pa_lancamento-no","17":"pa_midia-cd","18":"pa_moac-41910","19":"pa_quantidade-de-saldo-33067","20":"pa_sequencial-da-serie-31881","21":"pa_tipo-de-traducao-nao-classificado","23":"first","24":"outofstock","25":"product-type-simple"},"acf":[],"_links":{"self":[{"href":"https:\/\/www.irdin.org.br\/site\/wp-json\/wp\/v2\/product\/84305","targetHints":{"allow":["GET"]}}],"collection":[{"href":"https:\/\/www.irdin.org.br\/site\/wp-json\/wp\/v2\/product"}],"about":[{"href":"https:\/\/www.irdin.org.br\/site\/wp-json\/wp\/v2\/types\/product"}],"version-history":[{"count":1,"href":"https:\/\/www.irdin.org.br\/site\/wp-json\/wp\/v2\/product\/84305\/revisions"}],"predecessor-version":[{"id":108309,"href":"https:\/\/www.irdin.org.br\/site\/wp-json\/wp\/v2\/product\/84305\/revisions\/108309"}],"wp:featuredmedia":[{"embeddable":true,"href":"https:\/\/www.irdin.org.br\/site\/wp-json\/wp\/v2\/media\/37803"}],"wp:attachment":[{"href":"https:\/\/www.irdin.org.br\/site\/wp-json\/wp\/v2\/media?parent=84305"}],"wp:term":[{"taxonomy":"product_brand","embeddable":true,"href":"https:\/\/www.irdin.org.br\/site\/wp-json\/wp\/v2\/product_brand?post=84305"},{"taxonomy":"product_cat","embeddable":true,"href":"https:\/\/www.irdin.org.br\/site\/wp-json\/wp\/v2\/product_cat?post=84305"},{"taxonomy":"product_tag","embeddable":true,"href":"https:\/\/www.irdin.org.br\/site\/wp-json\/wp\/v2\/product_tag?post=84305"}],"curies":[{"name":"wp","href":"https:\/\/api.w.org\/{rel}","templated":true}]}}