{"id":84306,"date":"2018-04-26T18:35:54","date_gmt":"2018-04-26T18:35:54","guid":{"rendered":"http:\/\/www.irdin.org.br\/site\/produto\/passos-rumo-as-portas-interdimensionais\/"},"modified":"2025-03-15T18:48:33","modified_gmt":"2025-03-15T18:48:33","slug":"passos-rumo-as-portas-interdimensionais","status":"publish","type":"product","link":"https:\/\/www.irdin.org.br\/site\/produtos\/passos-rumo-as-portas-interdimensionais\/","title":{"rendered":"Passos rumo \u00e0s portas interdimensionais"},"content":{"rendered":"<p><em>Leis maiores e aspectos ocultos da vida s\u00e3o revelados aos que se entregam em humildade e em confian\u00e7a aos pedidos da Hierarquia.<\/em><\/p>\n<p>&nbsp;<br \/>\n<strong>Ou\u00e7a agora:<\/strong><\/p>\n<p><span data-href=\"https:\/\/www.irdin.org.br\/site\/envios\/audios\/2846_0006__por_por__passos_rumo_as portas_interdimensionais.mp3\" data-title=\"passos rumo \u00e0s portas interdimensionais\" data-rel=\"\" data-target=\"\" data-meta=\"#fap-meta-69e5f9d6dc978\" class=\"fap-single-track fap-track-button fap-play-button\" data-enqueue=\"no\" data-autoenqueue=\"no\" title=\"passos rumo \u00e0s portas interdimensionais\"><span class=\"fap-icon-play\"><\/span>Ouvir<\/span> <a href=\"https:\/\/www.irdin.org.br\/site\/envios\/audios\/2846_0006__por_por__passos_rumo_as portas_interdimensionais.mp3\" class=\"baixar\" download><span class=\"fa fa-arrow-down\"><\/span>Baixar<\/span><\/a> <span class=\"textobaixar\"> passos rumo \u00e0s portas interdimensionais<\/span><\/p>\n<p>&nbsp;<\/p>\n","protected":false},"excerpt":{"rendered":"<p>Leis maiores e aspectos ocultos da vida s\u00e3o revelados aos que se entregam em humildade e em confian\u00e7a aos pedidos<\/p>\n","protected":false},"featured_media":37803,"template":"","meta":{"_acf_changed":false},"product_brand":[],"product_cat":[18076,33068],"product_tag":[41913],"class_list":{"0":"post-84306","1":"product","2":"type-product","3":"status-publish","4":"has-post-thumbnail","6":"product_cat-cddvd","7":"product_cat-palestras","8":"product_tag-41913","9":"pa_autor-trigueirinho","10":"pa_codigo-da-serie-27654","11":"pa_codigo-externo-28460006porcd","12":"pa_data-de-gravacao-27672","13":"pa_duracao-49-min","14":"pa_idioma-de-destino-portugues","15":"pa_idioma-de-origem-portugues","16":"pa_lancamento-no","17":"pa_midia-cd","18":"pa_moac-41912","19":"pa_quantidade-de-saldo-33067","20":"pa_sequencial-da-serie-31882","21":"pa_tipo-de-traducao-nao-classificado","23":"first","24":"outofstock","25":"product-type-simple"},"acf":[],"_links":{"self":[{"href":"https:\/\/www.irdin.org.br\/site\/wp-json\/wp\/v2\/product\/84306","targetHints":{"allow":["GET"]}}],"collection":[{"href":"https:\/\/www.irdin.org.br\/site\/wp-json\/wp\/v2\/product"}],"about":[{"href":"https:\/\/www.irdin.org.br\/site\/wp-json\/wp\/v2\/types\/product"}],"version-history":[{"count":1,"href":"https:\/\/www.irdin.org.br\/site\/wp-json\/wp\/v2\/product\/84306\/revisions"}],"predecessor-version":[{"id":108310,"href":"https:\/\/www.irdin.org.br\/site\/wp-json\/wp\/v2\/product\/84306\/revisions\/108310"}],"wp:featuredmedia":[{"embeddable":true,"href":"https:\/\/www.irdin.org.br\/site\/wp-json\/wp\/v2\/media\/37803"}],"wp:attachment":[{"href":"https:\/\/www.irdin.org.br\/site\/wp-json\/wp\/v2\/media?parent=84306"}],"wp:term":[{"taxonomy":"product_brand","embeddable":true,"href":"https:\/\/www.irdin.org.br\/site\/wp-json\/wp\/v2\/product_brand?post=84306"},{"taxonomy":"product_cat","embeddable":true,"href":"https:\/\/www.irdin.org.br\/site\/wp-json\/wp\/v2\/product_cat?post=84306"},{"taxonomy":"product_tag","embeddable":true,"href":"https:\/\/www.irdin.org.br\/site\/wp-json\/wp\/v2\/product_tag?post=84306"}],"curies":[{"name":"wp","href":"https:\/\/api.w.org\/{rel}","templated":true}]}}