{"id":84311,"date":"2018-04-26T18:35:54","date_gmt":"2018-04-26T18:35:54","guid":{"rendered":"http:\/\/www.irdin.org.br\/site\/produto\/nossa-cura-diante-de-cristo\/"},"modified":"2025-08-11T09:01:06","modified_gmt":"2025-08-11T12:01:06","slug":"nossa-cura-diante-de-cristo","status":"publish","type":"product","link":"https:\/\/www.irdin.org.br\/site\/produtos\/nossa-cura-diante-de-cristo\/","title":{"rendered":"Nossa cura diante de Cristo"},"content":{"rendered":"<p><em>Uma importante s\u00edntese de impulsos vindos da Entidade m\u00e1xima deste Universo.<\/em><\/p>\n<p><strong>Ou\u00e7a agora:<\/strong><\/p>\n<p><span data-href=\"https:\/\/www.irdin.org.br\/site\/envios\/audios\/2849_0001__mul_mul__nossa_cura_diante_de_cristo.mp3\" data-title=\"nossa cura diante de cristo\" data-rel=\"\" data-target=\"\" data-meta=\"#fap-meta-6a04cb89eb21d\" class=\"fap-single-track fap-track-button fap-play-button\" data-enqueue=\"no\" data-autoenqueue=\"no\" title=\"nossa cura diante de cristo\"><span class=\"fap-icon-play\"><\/span>Ouvir<\/span> <a class=\"baixar\" href=\"https:\/\/www.irdin.org.br\/site\/envios\/audios\/2849_0001__mul_mul__nossa_cura_diante_de_cristo.mp3\" download=\"\">Baixar<\/a> <span class=\"textobaixar\"> nossa cura diante de cristo<\/span><\/p>\n<p>&nbsp;<\/p>\n","protected":false},"excerpt":{"rendered":"<p>Uma importante s\u00edntese de impulsos vindos da Entidade m\u00e1xima deste Universo. Ou\u00e7a agora: Baixar nossa cura diante de cristo &nbsp;<\/p>\n","protected":false},"featured_media":37803,"template":"","meta":{"_acf_changed":false},"product_brand":[],"product_cat":[18076,33068],"product_tag":[41923],"class_list":{"0":"post-84311","1":"product","2":"type-product","3":"status-publish","4":"has-post-thumbnail","6":"product_cat-cddvd","7":"product_cat-palestras","8":"product_tag-41923","9":"pa_autor-madre-maria-shimani","10":"pa_autor-trigueirinho","11":"pa_codigo-da-serie-27694","12":"pa_codigo-externo-28490001mulcd","13":"pa_data-de-gravacao-27691","14":"pa_duracao-55min13s","15":"pa_idioma-de-destino-espanhol","16":"pa_idioma-de-destino-portugues","17":"pa_idioma-de-origem-espanhol","18":"pa_idioma-de-origem-portugues","19":"pa_lancamento-no","20":"pa_midia-cd","21":"pa_moac-41922","22":"pa_quantidade-de-saldo-33067","23":"pa_sequencial-da-serie-31877","24":"pa_tipo-de-traducao-nao-classificado","26":"first","27":"outofstock","28":"product-type-simple"},"acf":[],"_links":{"self":[{"href":"https:\/\/www.irdin.org.br\/site\/wp-json\/wp\/v2\/product\/84311","targetHints":{"allow":["GET"]}}],"collection":[{"href":"https:\/\/www.irdin.org.br\/site\/wp-json\/wp\/v2\/product"}],"about":[{"href":"https:\/\/www.irdin.org.br\/site\/wp-json\/wp\/v2\/types\/product"}],"version-history":[{"count":2,"href":"https:\/\/www.irdin.org.br\/site\/wp-json\/wp\/v2\/product\/84311\/revisions"}],"predecessor-version":[{"id":109885,"href":"https:\/\/www.irdin.org.br\/site\/wp-json\/wp\/v2\/product\/84311\/revisions\/109885"}],"wp:featuredmedia":[{"embeddable":true,"href":"https:\/\/www.irdin.org.br\/site\/wp-json\/wp\/v2\/media\/37803"}],"wp:attachment":[{"href":"https:\/\/www.irdin.org.br\/site\/wp-json\/wp\/v2\/media?parent=84311"}],"wp:term":[{"taxonomy":"product_brand","embeddable":true,"href":"https:\/\/www.irdin.org.br\/site\/wp-json\/wp\/v2\/product_brand?post=84311"},{"taxonomy":"product_cat","embeddable":true,"href":"https:\/\/www.irdin.org.br\/site\/wp-json\/wp\/v2\/product_cat?post=84311"},{"taxonomy":"product_tag","embeddable":true,"href":"https:\/\/www.irdin.org.br\/site\/wp-json\/wp\/v2\/product_tag?post=84311"}],"curies":[{"name":"wp","href":"https:\/\/api.w.org\/{rel}","templated":true}]}}