{"id":84313,"date":"2018-04-26T18:35:54","date_gmt":"2018-04-26T18:35:54","guid":{"rendered":"http:\/\/www.irdin.org.br\/site\/produto\/encontros-entre-coracoes-vivos\/"},"modified":"2025-03-15T18:49:11","modified_gmt":"2025-03-15T18:49:11","slug":"encontros-entre-coracoes-vivos","status":"publish","type":"product","link":"https:\/\/www.irdin.org.br\/site\/produtos\/encontros-entre-coracoes-vivos\/","title":{"rendered":"Encontros entre cora\u00e7\u00f5es vivos"},"content":{"rendered":"<p><em>Necessidade de colocar sentimento em nossas ora\u00e7\u00f5es \/ N\u00f3s diante dos Reinos da Natureza e da M\u00e3e Universal \/ A arte de realizar o imposs\u00edvel \/ O que somos dentro do Universo? \/ Tempo de defini\u00e7\u00f5es<\/em><\/p>\n<p>&nbsp;<br \/>\n<strong>Ou\u00e7a agora:<\/strong><\/p>\n<p><span data-href=\"https:\/\/www.irdin.org.br\/site\/envios\/audios\/2849_0003__por_por__encontros_entre_coracoes_vivos.mp3\" data-title=\"encontros entre cora\u00e7\u00f5es vivos\" data-rel=\"\" data-target=\"\" data-meta=\"#fap-meta-69fecd8a7d448\" class=\"fap-single-track fap-track-button fap-play-button\" data-enqueue=\"no\" data-autoenqueue=\"no\" title=\"encontros entre cora\u00e7\u00f5es vivos\"><span class=\"fap-icon-play\"><\/span>Ouvir<\/span> <a href=\"https:\/\/www.irdin.org.br\/site\/envios\/audios\/2849_0003__por_por__encontros_entre_coracoes_vivos.mp3\" class=\"baixar\" download><span class=\"fa fa-arrow-down\"><\/span>Baixar<\/span><\/a> <span class=\"textobaixar\"> encontros entre cora\u00e7\u00f5es vivos<\/span><\/p>\n<p>&nbsp;<\/p>\n","protected":false},"excerpt":{"rendered":"<p>Necessidade de colocar sentimento em nossas ora\u00e7\u00f5es \/ N\u00f3s diante dos Reinos da Natureza e da M\u00e3e Universal \/ A<\/p>\n","protected":false},"featured_media":37803,"template":"","meta":{"_acf_changed":false},"product_brand":[],"product_cat":[18076,33068],"product_tag":[41927],"class_list":{"0":"post-84313","1":"product","2":"type-product","3":"status-publish","4":"has-post-thumbnail","6":"product_cat-cddvd","7":"product_cat-palestras","8":"product_tag-41927","9":"pa_autor-trigueirinho","10":"pa_codigo-da-serie-27694","11":"pa_codigo-externo-28490003porcd","12":"pa_data-de-gravacao-27699","13":"pa_duracao-49min","14":"pa_idioma-de-destino-portugues","15":"pa_idioma-de-origem-portugues","16":"pa_lancamento-no","17":"pa_midia-cd","18":"pa_moac-41926","19":"pa_quantidade-de-saldo-33067","20":"pa_sequencial-da-serie-31879","21":"pa_tipo-de-traducao-nao-classificado","23":"first","24":"outofstock","25":"product-type-simple"},"acf":[],"_links":{"self":[{"href":"https:\/\/www.irdin.org.br\/site\/wp-json\/wp\/v2\/product\/84313","targetHints":{"allow":["GET"]}}],"collection":[{"href":"https:\/\/www.irdin.org.br\/site\/wp-json\/wp\/v2\/product"}],"about":[{"href":"https:\/\/www.irdin.org.br\/site\/wp-json\/wp\/v2\/types\/product"}],"version-history":[{"count":1,"href":"https:\/\/www.irdin.org.br\/site\/wp-json\/wp\/v2\/product\/84313\/revisions"}],"predecessor-version":[{"id":108315,"href":"https:\/\/www.irdin.org.br\/site\/wp-json\/wp\/v2\/product\/84313\/revisions\/108315"}],"wp:featuredmedia":[{"embeddable":true,"href":"https:\/\/www.irdin.org.br\/site\/wp-json\/wp\/v2\/media\/37803"}],"wp:attachment":[{"href":"https:\/\/www.irdin.org.br\/site\/wp-json\/wp\/v2\/media?parent=84313"}],"wp:term":[{"taxonomy":"product_brand","embeddable":true,"href":"https:\/\/www.irdin.org.br\/site\/wp-json\/wp\/v2\/product_brand?post=84313"},{"taxonomy":"product_cat","embeddable":true,"href":"https:\/\/www.irdin.org.br\/site\/wp-json\/wp\/v2\/product_cat?post=84313"},{"taxonomy":"product_tag","embeddable":true,"href":"https:\/\/www.irdin.org.br\/site\/wp-json\/wp\/v2\/product_tag?post=84313"}],"curies":[{"name":"wp","href":"https:\/\/api.w.org\/{rel}","templated":true}]}}