{"id":84314,"date":"2018-04-26T18:35:54","date_gmt":"2018-04-26T18:35:54","guid":{"rendered":"http:\/\/www.irdin.org.br\/site\/produto\/uma-visao-panoramica-sobre-a-consciencia-indigena\/"},"modified":"2025-03-15T18:49:25","modified_gmt":"2025-03-15T18:49:25","slug":"uma-visao-panoramica-sobre-a-consciencia-indigena","status":"publish","type":"product","link":"https:\/\/www.irdin.org.br\/site\/produtos\/uma-visao-panoramica-sobre-a-consciencia-indigena\/","title":{"rendered":"Uma vis\u00e3o panor\u00e2mica sobre a consci\u00eancia ind\u00edgena"},"content":{"rendered":"<p><em>Buscando reconcilia\u00e7\u00e3o diante de um passado colonizador \/ Instru\u00e7\u00e3o que vem de fontes inesperadas<\/em><\/p>\n<p>&nbsp;<br \/>\n<strong>Ou\u00e7a agora:<\/strong><\/p>\n<p><span data-href=\"https:\/\/www.irdin.org.br\/site\/envios\/audios\/2849_0004__por_por__uma_visao_panoramica_sobre_a_consciencia_indigena.mp3\" data-title=\"uma vis\u00e3o panor\u00e2mica sobre a consci\u00eancia ind\u00edgena\" data-rel=\"\" data-target=\"\" data-meta=\"#fap-meta-69fee109606e8\" class=\"fap-single-track fap-track-button fap-play-button\" data-enqueue=\"no\" data-autoenqueue=\"no\" title=\"uma vis\u00e3o panor\u00e2mica sobre a consci\u00eancia ind\u00edgena\"><span class=\"fap-icon-play\"><\/span>Ouvir<\/span> <a href=\"https:\/\/www.irdin.org.br\/site\/envios\/audios\/2849_0004__por_por__uma_visao_panoramica_sobre_a_consciencia_indigena.mp3\" class=\"baixar\" download><span class=\"fa fa-arrow-down\"><\/span>Baixar<\/span><\/a> <span class=\"textobaixar\"> uma vis\u00e3o panor\u00e2mica sobre a consci\u00eancia ind\u00edgena<\/span><\/p>\n<p>&nbsp;<\/p>\n","protected":false},"excerpt":{"rendered":"<p>Buscando reconcilia\u00e7\u00e3o diante de um passado colonizador \/ Instru\u00e7\u00e3o que vem de fontes inesperadas &nbsp; Ou\u00e7a agora: Baixar uma vis\u00e3o<\/p>\n","protected":false},"featured_media":37803,"template":"","meta":{"_acf_changed":false},"product_brand":[],"product_cat":[18076,33068],"product_tag":[41929],"class_list":{"0":"post-84314","1":"product","2":"type-product","3":"status-publish","4":"has-post-thumbnail","6":"product_cat-cddvd","7":"product_cat-palestras","8":"product_tag-41929","9":"pa_autor-trigueirinho","10":"pa_codigo-da-serie-27694","11":"pa_codigo-externo-28490004porcd","12":"pa_data-de-gravacao-26744","13":"pa_duracao-60min","14":"pa_idioma-de-destino-portugues","15":"pa_idioma-de-origem-portugues","16":"pa_lancamento-no","17":"pa_midia-cd","18":"pa_moac-41928","19":"pa_quantidade-de-saldo-33067","20":"pa_sequencial-da-serie-31880","21":"pa_tipo-de-traducao-nao-classificado","23":"first","24":"outofstock","25":"product-type-simple"},"acf":[],"_links":{"self":[{"href":"https:\/\/www.irdin.org.br\/site\/wp-json\/wp\/v2\/product\/84314","targetHints":{"allow":["GET"]}}],"collection":[{"href":"https:\/\/www.irdin.org.br\/site\/wp-json\/wp\/v2\/product"}],"about":[{"href":"https:\/\/www.irdin.org.br\/site\/wp-json\/wp\/v2\/types\/product"}],"version-history":[{"count":1,"href":"https:\/\/www.irdin.org.br\/site\/wp-json\/wp\/v2\/product\/84314\/revisions"}],"predecessor-version":[{"id":108316,"href":"https:\/\/www.irdin.org.br\/site\/wp-json\/wp\/v2\/product\/84314\/revisions\/108316"}],"wp:featuredmedia":[{"embeddable":true,"href":"https:\/\/www.irdin.org.br\/site\/wp-json\/wp\/v2\/media\/37803"}],"wp:attachment":[{"href":"https:\/\/www.irdin.org.br\/site\/wp-json\/wp\/v2\/media?parent=84314"}],"wp:term":[{"taxonomy":"product_brand","embeddable":true,"href":"https:\/\/www.irdin.org.br\/site\/wp-json\/wp\/v2\/product_brand?post=84314"},{"taxonomy":"product_cat","embeddable":true,"href":"https:\/\/www.irdin.org.br\/site\/wp-json\/wp\/v2\/product_cat?post=84314"},{"taxonomy":"product_tag","embeddable":true,"href":"https:\/\/www.irdin.org.br\/site\/wp-json\/wp\/v2\/product_tag?post=84314"}],"curies":[{"name":"wp","href":"https:\/\/api.w.org\/{rel}","templated":true}]}}