{"id":84322,"date":"2018-04-26T18:36:16","date_gmt":"2018-04-26T18:36:16","guid":{"rendered":"http:\/\/www.irdin.org.br\/site\/produto\/so-resta-orar\/"},"modified":"2025-03-15T18:44:51","modified_gmt":"2025-03-15T18:44:51","slug":"so-resta-orar","status":"publish","type":"product","link":"https:\/\/www.irdin.org.br\/site\/produtos\/so-resta-orar\/","title":{"rendered":"S\u00f3 resta orar"},"content":{"rendered":"<p><em>Mentiras muito repetidas podem parecer realidades \/ O que significa perder a encarna\u00e7\u00e3o\u00b4 \/ A F\u00e9 como possibilidade de transcender qualquer situa\u00e7\u00e3o \/ A ora\u00e7\u00e3o como busca da Vontade Superior para cada um de n\u00f3s \/ Purifica\u00e7\u00e3o do corpo et\u00e9rico como ponto de partida                                                                                                                                                                                                                                                                                                                                                                                                                                                                                                                                                                                                                                                                                                                                                                                                                                                                                                                                                                                                                                                                                                                                                                                                                                                                                                                                                                                                                                                                                                                                                                                                                                                                                                                                                                                                                                                                                                                                                                                                                                                                                                                                                                                                                                                                                                                                                                                                                                                                                                                                                                                                                                                                                                                                                                                                                                                                                                                                                                                                                                                                                                                                                                                                                                                                                                                                                                                                                                                                                                                                                                                                                                                                                                                                                                                                                                                                                                                                                                                                                                                                                                                             \u00b4<\/em><\/p>\n<p>&nbsp;<br \/>\n<strong>Ou\u00e7a agora:<\/strong><\/p>\n<p><span data-href=\"https:\/\/www.irdin.org.br\/site\/envios\/audios\/2849_0012__por_por__so_resta_orar.mp3\" data-title=\"s\u00f3 resta orar\" data-rel=\"\" data-target=\"\" data-meta=\"#fap-meta-69e1f464f0f15\" class=\"fap-single-track fap-track-button fap-play-button\" data-enqueue=\"no\" data-autoenqueue=\"no\" title=\"s\u00f3 resta orar\"><span class=\"fap-icon-play\"><\/span>Ouvir<\/span> <a href=\"https:\/\/www.irdin.org.br\/site\/envios\/audios\/2849_0012__por_por__so_resta_orar.mp3\" class=\"baixar\" download><span class=\"fa fa-arrow-down\"><\/span>Baixar<\/span><\/a> <span class=\"textobaixar\"> s\u00f3 resta orar<\/span><\/p>\n<p>&nbsp;<\/p>\n","protected":false},"excerpt":{"rendered":"<p>Mentiras muito repetidas podem parecer realidades \/ O que significa perder a encarna\u00e7\u00e3o\u00b4 \/ A F\u00e9 como possibilidade de transcender<\/p>\n","protected":false},"featured_media":37803,"template":"","meta":{"_acf_changed":false},"product_brand":[],"product_cat":[18076,33068],"product_tag":[41945],"class_list":{"0":"post-84322","1":"product","2":"type-product","3":"status-publish","4":"has-post-thumbnail","6":"product_cat-cddvd","7":"product_cat-palestras","8":"product_tag-41945","9":"pa_autor-trigueirinho","10":"pa_codigo-da-serie-27694","11":"pa_codigo-externo-28490012porcd","12":"pa_data-de-gravacao-27728","13":"pa_duracao-66min","14":"pa_idioma-de-destino-portugues","15":"pa_idioma-de-origem-portugues","16":"pa_lancamento-no","17":"pa_midia-cd","18":"pa_moac-41944","19":"pa_quantidade-de-saldo-33067","20":"pa_sequencial-da-serie-31892","21":"pa_tipo-de-traducao-nao-classificado","23":"first","24":"outofstock","25":"product-type-simple"},"acf":[],"_links":{"self":[{"href":"https:\/\/www.irdin.org.br\/site\/wp-json\/wp\/v2\/product\/84322","targetHints":{"allow":["GET"]}}],"collection":[{"href":"https:\/\/www.irdin.org.br\/site\/wp-json\/wp\/v2\/product"}],"about":[{"href":"https:\/\/www.irdin.org.br\/site\/wp-json\/wp\/v2\/types\/product"}],"version-history":[{"count":1,"href":"https:\/\/www.irdin.org.br\/site\/wp-json\/wp\/v2\/product\/84322\/revisions"}],"predecessor-version":[{"id":108289,"href":"https:\/\/www.irdin.org.br\/site\/wp-json\/wp\/v2\/product\/84322\/revisions\/108289"}],"wp:featuredmedia":[{"embeddable":true,"href":"https:\/\/www.irdin.org.br\/site\/wp-json\/wp\/v2\/media\/37803"}],"wp:attachment":[{"href":"https:\/\/www.irdin.org.br\/site\/wp-json\/wp\/v2\/media?parent=84322"}],"wp:term":[{"taxonomy":"product_brand","embeddable":true,"href":"https:\/\/www.irdin.org.br\/site\/wp-json\/wp\/v2\/product_brand?post=84322"},{"taxonomy":"product_cat","embeddable":true,"href":"https:\/\/www.irdin.org.br\/site\/wp-json\/wp\/v2\/product_cat?post=84322"},{"taxonomy":"product_tag","embeddable":true,"href":"https:\/\/www.irdin.org.br\/site\/wp-json\/wp\/v2\/product_tag?post=84322"}],"curies":[{"name":"wp","href":"https:\/\/api.w.org\/{rel}","templated":true}]}}