{"id":84324,"date":"2018-04-26T18:36:16","date_gmt":"2018-04-26T18:36:16","guid":{"rendered":"http:\/\/www.irdin.org.br\/site\/produto\/o-impulso-do-amor-infinito\/"},"modified":"2025-03-15T18:45:09","modified_gmt":"2025-03-15T18:45:09","slug":"o-impulso-do-amor-infinito","status":"publish","type":"product","link":"https:\/\/www.irdin.org.br\/site\/produtos\/o-impulso-do-amor-infinito\/","title":{"rendered":"O impulso do Amor Infinito"},"content":{"rendered":"<p><em>Portais liberadores de almas abertos por S\u00e3o Jos\u00e9 \/ Introdu\u00e7\u00e3o de part\u00edculas celestes nos seres humanos \/ A entrega vista como retorno \u00e0 nossa origem fora da Terra \/ O Anjo de Portugal declara que o projeto gen\u00e9tico para a humanidade s\u00f3 ser\u00e1 revelado depois deste mundo \/ Como obter a benevol\u00eancia da Divindade \/ Maria e o trabalho com as naves<\/em><\/p>\n<p>&nbsp;<br \/>\n<strong>Ou\u00e7a agora:<\/strong><\/p>\n<p><span data-href=\"https:\/\/www.irdin.org.br\/site\/envios\/audios\/2849_0015__por_por__o_impulso_do_amor_infinito.mp3\" data-title=\"o impulso do amor infinito\" data-rel=\"\" data-target=\"\" data-meta=\"#fap-meta-69e7e372b09a8\" class=\"fap-single-track fap-track-button fap-play-button\" data-enqueue=\"no\" data-autoenqueue=\"no\" title=\"o impulso do amor infinito\"><span class=\"fap-icon-play\"><\/span>Ouvir<\/span> <a href=\"https:\/\/www.irdin.org.br\/site\/envios\/audios\/2849_0015__por_por__o_impulso_do_amor_infinito.mp3\" class=\"baixar\" download><span class=\"fa fa-arrow-down\"><\/span>Baixar<\/span><\/a> <span class=\"textobaixar\"> o impulso do amor infinito<\/span><\/p>\n<p>&nbsp;<\/p>\n","protected":false},"excerpt":{"rendered":"<p>Portais liberadores de almas abertos por S\u00e3o Jos\u00e9 \/ Introdu\u00e7\u00e3o de part\u00edculas celestes nos seres humanos \/ A entrega vista<\/p>\n","protected":false},"featured_media":37803,"template":"","meta":{"_acf_changed":false},"product_brand":[],"product_cat":[18076,33068],"product_tag":[41949],"class_list":{"0":"post-84324","1":"product","2":"type-product","3":"status-publish","4":"has-post-thumbnail","6":"product_cat-cddvd","7":"product_cat-palestras","8":"product_tag-41949","9":"pa_autor-trigueirinho","10":"pa_codigo-da-serie-27694","11":"pa_codigo-externo-28490015porcd","12":"pa_data-de-gravacao-27735","13":"pa_duracao-45min","14":"pa_idioma-de-destino-portugues","15":"pa_idioma-de-origem-portugues","16":"pa_lancamento-no","17":"pa_midia-cd","18":"pa_moac-41948","19":"pa_quantidade-de-saldo-33067","20":"pa_sequencial-da-serie-31897","21":"pa_tipo-de-traducao-nao-classificado","23":"first","24":"outofstock","25":"product-type-simple"},"acf":[],"_links":{"self":[{"href":"https:\/\/www.irdin.org.br\/site\/wp-json\/wp\/v2\/product\/84324","targetHints":{"allow":["GET"]}}],"collection":[{"href":"https:\/\/www.irdin.org.br\/site\/wp-json\/wp\/v2\/product"}],"about":[{"href":"https:\/\/www.irdin.org.br\/site\/wp-json\/wp\/v2\/types\/product"}],"version-history":[{"count":1,"href":"https:\/\/www.irdin.org.br\/site\/wp-json\/wp\/v2\/product\/84324\/revisions"}],"predecessor-version":[{"id":108291,"href":"https:\/\/www.irdin.org.br\/site\/wp-json\/wp\/v2\/product\/84324\/revisions\/108291"}],"wp:featuredmedia":[{"embeddable":true,"href":"https:\/\/www.irdin.org.br\/site\/wp-json\/wp\/v2\/media\/37803"}],"wp:attachment":[{"href":"https:\/\/www.irdin.org.br\/site\/wp-json\/wp\/v2\/media?parent=84324"}],"wp:term":[{"taxonomy":"product_brand","embeddable":true,"href":"https:\/\/www.irdin.org.br\/site\/wp-json\/wp\/v2\/product_brand?post=84324"},{"taxonomy":"product_cat","embeddable":true,"href":"https:\/\/www.irdin.org.br\/site\/wp-json\/wp\/v2\/product_cat?post=84324"},{"taxonomy":"product_tag","embeddable":true,"href":"https:\/\/www.irdin.org.br\/site\/wp-json\/wp\/v2\/product_tag?post=84324"}],"curies":[{"name":"wp","href":"https:\/\/api.w.org\/{rel}","templated":true}]}}