{"id":84327,"date":"2018-04-26T18:36:16","date_gmt":"2018-04-26T18:36:16","guid":{"rendered":"http:\/\/www.irdin.org.br\/site\/produto\/do-egoismo-a-libertacao-das-aparencias\/"},"modified":"2025-03-15T18:45:40","modified_gmt":"2025-03-15T18:45:40","slug":"do-egoismo-a-libertacao-das-aparencias","status":"publish","type":"product","link":"https:\/\/www.irdin.org.br\/site\/produtos\/do-egoismo-a-libertacao-das-aparencias\/","title":{"rendered":"Do ego\u00edsmo \u00e0 liberta\u00e7\u00e3o das apar\u00eancias"},"content":{"rendered":"<p><em>A fun\u00e7\u00e3o de cada um dos nossos corpos \/ Enganos que cometemos com o trato do nosso ser \/ Usos e comportamentos nesta \u00e9poca de transi\u00e7\u00f5es, e a pergunta que precisamos nos fazer<\/em><\/p>\n<p>&nbsp;<br \/>\n<strong>Ou\u00e7a agora:<\/strong><\/p>\n<p><span data-href=\"https:\/\/www.irdin.org.br\/site\/envios\/audios\/2849_0018__por_por__do_egoismo_a_libertacao_das_aparencias.mp3\" data-title=\"do ego\u00edsmo \u00e0 liberta\u00e7\u00e3o das apar\u00eancias\" data-rel=\"\" data-target=\"\" data-meta=\"#fap-meta-69e305c031e11\" class=\"fap-single-track fap-track-button fap-play-button\" data-enqueue=\"no\" data-autoenqueue=\"no\" title=\"do ego\u00edsmo \u00e0 liberta\u00e7\u00e3o das apar\u00eancias\"><span class=\"fap-icon-play\"><\/span>Ouvir<\/span> <a href=\"https:\/\/www.irdin.org.br\/site\/envios\/audios\/2849_0018__por_por__do_egoismo_a_libertacao_das_aparencias.mp3\" class=\"baixar\" download><span class=\"fa fa-arrow-down\"><\/span>Baixar<\/span><\/a> <span class=\"textobaixar\"> do ego\u00edsmo \u00e0 liberta\u00e7\u00e3o das apar\u00eancias<\/span><\/p>\n<p>&nbsp;<\/p>\n","protected":false},"excerpt":{"rendered":"<p>A fun\u00e7\u00e3o de cada um dos nossos corpos \/ Enganos que cometemos com o trato do nosso ser \/ Usos<\/p>\n","protected":false},"featured_media":37803,"template":"","meta":{"_acf_changed":false},"product_brand":[],"product_cat":[18076,33068],"product_tag":[41955],"class_list":{"0":"post-84327","1":"product","2":"type-product","3":"status-publish","4":"has-post-thumbnail","6":"product_cat-cddvd","7":"product_cat-palestras","8":"product_tag-41955","9":"pa_autor-trigueirinho","10":"pa_codigo-da-serie-27694","11":"pa_codigo-externo-28490018porcd","12":"pa_data-de-gravacao-27743","13":"pa_duracao-45-min","14":"pa_idioma-de-destino-portugues","15":"pa_idioma-de-origem-portugues","16":"pa_lancamento-no","17":"pa_midia-cd","18":"pa_moac-41954","19":"pa_quantidade-de-saldo-33067","20":"pa_sequencial-da-serie-31871","21":"pa_tipo-de-traducao-nao-classificado","23":"first","24":"outofstock","25":"product-type-simple"},"acf":[],"_links":{"self":[{"href":"https:\/\/www.irdin.org.br\/site\/wp-json\/wp\/v2\/product\/84327","targetHints":{"allow":["GET"]}}],"collection":[{"href":"https:\/\/www.irdin.org.br\/site\/wp-json\/wp\/v2\/product"}],"about":[{"href":"https:\/\/www.irdin.org.br\/site\/wp-json\/wp\/v2\/types\/product"}],"version-history":[{"count":1,"href":"https:\/\/www.irdin.org.br\/site\/wp-json\/wp\/v2\/product\/84327\/revisions"}],"predecessor-version":[{"id":108294,"href":"https:\/\/www.irdin.org.br\/site\/wp-json\/wp\/v2\/product\/84327\/revisions\/108294"}],"wp:featuredmedia":[{"embeddable":true,"href":"https:\/\/www.irdin.org.br\/site\/wp-json\/wp\/v2\/media\/37803"}],"wp:attachment":[{"href":"https:\/\/www.irdin.org.br\/site\/wp-json\/wp\/v2\/media?parent=84327"}],"wp:term":[{"taxonomy":"product_brand","embeddable":true,"href":"https:\/\/www.irdin.org.br\/site\/wp-json\/wp\/v2\/product_brand?post=84327"},{"taxonomy":"product_cat","embeddable":true,"href":"https:\/\/www.irdin.org.br\/site\/wp-json\/wp\/v2\/product_cat?post=84327"},{"taxonomy":"product_tag","embeddable":true,"href":"https:\/\/www.irdin.org.br\/site\/wp-json\/wp\/v2\/product_tag?post=84327"}],"curies":[{"name":"wp","href":"https:\/\/api.w.org\/{rel}","templated":true}]}}