{"id":84328,"date":"2018-04-26T18:36:16","date_gmt":"2018-04-26T18:36:16","guid":{"rendered":"http:\/\/www.irdin.org.br\/site\/produto\/a-maior-necessidade-neste-momento\/"},"modified":"2025-03-15T18:45:48","modified_gmt":"2025-03-15T18:45:48","slug":"a-maior-necessidade-neste-momento","status":"publish","type":"product","link":"https:\/\/www.irdin.org.br\/site\/produtos\/a-maior-necessidade-neste-momento\/","title":{"rendered":"A maior necessidade neste momento"},"content":{"rendered":"<p><em>Perd\u00e3o que realiza prod\u00edgios \/ Livre-arb\u00edtrio, lei da transmuta\u00e7\u00e3o e quando o cora\u00e7\u00e3o se abre \/ A morte espiritual da alma \/ Sentidos internos adormecidos \/ Convers\u00e3o total \/ Mensagens de Maria de 1 e 2 de setembro de 2015<\/em><\/p>\n<p>&nbsp;<br \/>\n<strong>Ou\u00e7a agora:<\/strong><\/p>\n<p><span data-href=\"https:\/\/www.irdin.org.br\/site\/envios\/audios\/2849_0019__por_por__a_maior_necessidade_neste_momento.mp3\" data-title=\"a maior necessidade neste momento\" data-rel=\"\" data-target=\"\" data-meta=\"#fap-meta-69fec053b91a1\" class=\"fap-single-track fap-track-button fap-play-button\" data-enqueue=\"no\" data-autoenqueue=\"no\" title=\"a maior necessidade neste momento\"><span class=\"fap-icon-play\"><\/span>Ouvir<\/span> <a href=\"https:\/\/www.irdin.org.br\/site\/envios\/audios\/2849_0019__por_por__a_maior_necessidade_neste_momento.mp3\" class=\"baixar\" download><span class=\"fa fa-arrow-down\"><\/span>Baixar<\/span><\/a> <span class=\"textobaixar\"> a maior necessidade neste momento<\/span><\/p>\n<p>&nbsp;<\/p>\n","protected":false},"excerpt":{"rendered":"<p>Perd\u00e3o que realiza prod\u00edgios \/ Livre-arb\u00edtrio, lei da transmuta\u00e7\u00e3o e quando o cora\u00e7\u00e3o se abre \/ A morte espiritual da<\/p>\n","protected":false},"featured_media":37803,"template":"","meta":{"_acf_changed":false},"product_brand":[],"product_cat":[18076,33068],"product_tag":[41957],"class_list":{"0":"post-84328","1":"product","2":"type-product","3":"status-publish","4":"has-post-thumbnail","6":"product_cat-cddvd","7":"product_cat-palestras","8":"product_tag-41957","9":"pa_autor-trigueirinho","10":"pa_codigo-da-serie-27694","11":"pa_codigo-externo-28490019porcd","12":"pa_data-de-gravacao-27746","13":"pa_duracao-66-min","14":"pa_idioma-de-destino-portugues","15":"pa_idioma-de-origem-portugues","16":"pa_lancamento-no","17":"pa_midia-cd","18":"pa_moac-41956","19":"pa_quantidade-de-saldo-33067","20":"pa_sequencial-da-serie-31872","21":"pa_tipo-de-traducao-nao-classificado","23":"first","24":"outofstock","25":"product-type-simple"},"acf":[],"_links":{"self":[{"href":"https:\/\/www.irdin.org.br\/site\/wp-json\/wp\/v2\/product\/84328","targetHints":{"allow":["GET"]}}],"collection":[{"href":"https:\/\/www.irdin.org.br\/site\/wp-json\/wp\/v2\/product"}],"about":[{"href":"https:\/\/www.irdin.org.br\/site\/wp-json\/wp\/v2\/types\/product"}],"version-history":[{"count":1,"href":"https:\/\/www.irdin.org.br\/site\/wp-json\/wp\/v2\/product\/84328\/revisions"}],"predecessor-version":[{"id":108295,"href":"https:\/\/www.irdin.org.br\/site\/wp-json\/wp\/v2\/product\/84328\/revisions\/108295"}],"wp:featuredmedia":[{"embeddable":true,"href":"https:\/\/www.irdin.org.br\/site\/wp-json\/wp\/v2\/media\/37803"}],"wp:attachment":[{"href":"https:\/\/www.irdin.org.br\/site\/wp-json\/wp\/v2\/media?parent=84328"}],"wp:term":[{"taxonomy":"product_brand","embeddable":true,"href":"https:\/\/www.irdin.org.br\/site\/wp-json\/wp\/v2\/product_brand?post=84328"},{"taxonomy":"product_cat","embeddable":true,"href":"https:\/\/www.irdin.org.br\/site\/wp-json\/wp\/v2\/product_cat?post=84328"},{"taxonomy":"product_tag","embeddable":true,"href":"https:\/\/www.irdin.org.br\/site\/wp-json\/wp\/v2\/product_tag?post=84328"}],"curies":[{"name":"wp","href":"https:\/\/api.w.org\/{rel}","templated":true}]}}