{"id":84331,"date":"2018-04-26T18:36:16","date_gmt":"2018-04-26T18:36:16","guid":{"rendered":"http:\/\/www.irdin.org.br\/site\/produto\/outras-urgencias\/"},"modified":"2019-12-06T19:50:20","modified_gmt":"2019-12-06T19:50:20","slug":"outras-urgencias","status":"publish","type":"product","link":"https:\/\/www.irdin.org.br\/site\/produtos\/outras-urgencias\/","title":{"rendered":"Outras urg\u00eancias"},"content":{"rendered":"<p><em>Temas que nos pressionam a record\u00e1-los \/ Solu\u00e7\u00f5es trazidas por um novo c\u00f3digo \/ Revela\u00e7\u00f5es sobre as ilhas de salva\u00e7\u00e3o \/ Uma guerra a ser evitada a qualquer pre\u00e7o \/ A necessidade do ego humano ser absorvido \/ Trechos que sobressaem nas transmiss\u00f5es de Maria e de Cristo nos dias 15, 16, 17 e 20 de novembro de 2015<\/em><\/p>\n<p>&nbsp;<br \/>\n<strong>Ou\u00e7a agora:<\/strong><\/p>\n<p><span data-href=\"https:\/\/www.irdin.org.br\/site\/envios\/audios\/2849_0022__por_por__outras_urgencias.mp3\" data-title=\"outras urg\u00eancias\" data-rel=\"\" data-target=\"\" data-meta=\"#fap-meta-6a04bea409cd1\" class=\"fap-single-track fap-track-button fap-play-button\" data-enqueue=\"no\" data-autoenqueue=\"no\" title=\"outras urg\u00eancias\"><span class=\"fap-icon-play\"><\/span>Ouvir<\/span> <a href=\"https:\/\/www.irdin.org.br\/site\/envios\/audios\/2849_0022__por_por__outras_urgencias.mp3\" class=\"baixar\" download><span class=\"fa fa-arrow-down\"><\/span>Baixar<\/span><\/a> <span class=\"textobaixar\"> outras urg\u00eancias<\/span><\/p>\n<p>&nbsp;<\/p>\n","protected":false},"excerpt":{"rendered":"<p>Temas que nos pressionam a record\u00e1-los \/ Solu\u00e7\u00f5es trazidas por um novo c\u00f3digo \/ Revela\u00e7\u00f5es sobre as ilhas de salva\u00e7\u00e3o<\/p>\n","protected":false},"featured_media":37803,"template":"","meta":{"_acf_changed":false},"product_brand":[],"product_cat":[18076,33068],"product_tag":[41963],"class_list":{"0":"post-84331","1":"product","2":"type-product","3":"status-publish","4":"has-post-thumbnail","6":"product_cat-cddvd","7":"product_cat-palestras","8":"product_tag-41963","9":"pa_autor-trigueirinho","10":"pa_codigo-da-serie-27694","11":"pa_codigo-externo-28490022porcd","12":"pa_data-de-gravacao-27754","13":"pa_duracao-71-min","14":"pa_idioma-de-destino-portugues","15":"pa_idioma-de-origem-portugues","16":"pa_lancamento-no","17":"pa_midia-cd","18":"pa_moac-41962","19":"pa_quantidade-de-saldo-33067","20":"pa_sequencial-da-serie-31875","21":"pa_tipo-de-traducao-nao-classificado","23":"first","24":"outofstock","25":"product-type-simple"},"acf":[],"_links":{"self":[{"href":"https:\/\/www.irdin.org.br\/site\/wp-json\/wp\/v2\/product\/84331","targetHints":{"allow":["GET"]}}],"collection":[{"href":"https:\/\/www.irdin.org.br\/site\/wp-json\/wp\/v2\/product"}],"about":[{"href":"https:\/\/www.irdin.org.br\/site\/wp-json\/wp\/v2\/types\/product"}],"version-history":[{"count":0,"href":"https:\/\/www.irdin.org.br\/site\/wp-json\/wp\/v2\/product\/84331\/revisions"}],"wp:featuredmedia":[{"embeddable":true,"href":"https:\/\/www.irdin.org.br\/site\/wp-json\/wp\/v2\/media\/37803"}],"wp:attachment":[{"href":"https:\/\/www.irdin.org.br\/site\/wp-json\/wp\/v2\/media?parent=84331"}],"wp:term":[{"taxonomy":"product_brand","embeddable":true,"href":"https:\/\/www.irdin.org.br\/site\/wp-json\/wp\/v2\/product_brand?post=84331"},{"taxonomy":"product_cat","embeddable":true,"href":"https:\/\/www.irdin.org.br\/site\/wp-json\/wp\/v2\/product_cat?post=84331"},{"taxonomy":"product_tag","embeddable":true,"href":"https:\/\/www.irdin.org.br\/site\/wp-json\/wp\/v2\/product_tag?post=84331"}],"curies":[{"name":"wp","href":"https:\/\/api.w.org\/{rel}","templated":true}]}}