{"id":84334,"date":"2018-04-26T18:36:16","date_gmt":"2018-04-26T18:36:16","guid":{"rendered":"http:\/\/www.irdin.org.br\/site\/produto\/principios-que-hoje-pedem-muita-atencao\/"},"modified":"2025-03-15T18:46:49","modified_gmt":"2025-03-15T18:46:49","slug":"principios-que-hoje-pedem-muita-atencao","status":"publish","type":"product","link":"https:\/\/www.irdin.org.br\/site\/produtos\/principios-que-hoje-pedem-muita-atencao\/","title":{"rendered":"Princ\u00edpios que hoje pedem muita aten\u00e7\u00e3o"},"content":{"rendered":"<p><em>O momento em que vivemos n\u00e3o \u00e9 como nenhum outro \/ Conhecemos 10% do que seria nossa verdadeira tarefa \/ Trata-se de estarmos preocupados exclusivamente com a busca do nosso ser real e do seu servi\u00e7o \/ A ci\u00eancia exposta por Mishuk em recente transmiss\u00e3o<\/em><\/p>\n<p>&nbsp;<br \/>\n<strong>Ou\u00e7a agora:<\/strong><\/p>\n<p><span data-href=\"https:\/\/www.irdin.org.br\/site\/envios\/audios\/2849_0025__por_por__principios_que_hoje_pedem_muita_atencao.mp3\" data-title=\"princ\u00edpios que hoje pedem muita aten\u00e7\u00e3o\" data-rel=\"\" data-target=\"\" data-meta=\"#fap-meta-69ffdb6f03875\" class=\"fap-single-track fap-track-button fap-play-button\" data-enqueue=\"no\" data-autoenqueue=\"no\" title=\"princ\u00edpios que hoje pedem muita aten\u00e7\u00e3o\"><span class=\"fap-icon-play\"><\/span>Ouvir<\/span> <a href=\"https:\/\/www.irdin.org.br\/site\/envios\/audios\/2849_0025__por_por__principios_que_hoje_pedem_muita_atencao.mp3\" class=\"baixar\" download><span class=\"fa fa-arrow-down\"><\/span>Baixar<\/span><\/a> <span class=\"textobaixar\"> princ\u00edpios que hoje pedem muita aten\u00e7\u00e3o<\/span><\/p>\n<p>&nbsp;<\/p>\n","protected":false},"excerpt":{"rendered":"<p>O momento em que vivemos n\u00e3o \u00e9 como nenhum outro \/ Conhecemos 10% do que seria nossa verdadeira tarefa \/<\/p>\n","protected":false},"featured_media":37803,"template":"","meta":{"_acf_changed":false},"product_brand":[],"product_cat":[18076,33068],"product_tag":[41969],"class_list":{"0":"post-84334","1":"product","2":"type-product","3":"status-publish","4":"has-post-thumbnail","6":"product_cat-cddvd","7":"product_cat-palestras","8":"product_tag-41969","9":"pa_autor-trigueirinho","10":"pa_codigo-da-serie-27694","11":"pa_codigo-externo-28490025porcd","12":"pa_data-de-gravacao-27764","13":"pa_duracao-71-min","14":"pa_idioma-de-destino-portugues","15":"pa_idioma-de-origem-portugues","16":"pa_lancamento-no","17":"pa_midia-cd","18":"pa_moac-41968","19":"pa_quantidade-de-saldo-33067","20":"pa_sequencial-da-serie-31901","21":"pa_tipo-de-traducao-nao-classificado","23":"first","24":"outofstock","25":"product-type-simple"},"acf":[],"_links":{"self":[{"href":"https:\/\/www.irdin.org.br\/site\/wp-json\/wp\/v2\/product\/84334","targetHints":{"allow":["GET"]}}],"collection":[{"href":"https:\/\/www.irdin.org.br\/site\/wp-json\/wp\/v2\/product"}],"about":[{"href":"https:\/\/www.irdin.org.br\/site\/wp-json\/wp\/v2\/types\/product"}],"version-history":[{"count":1,"href":"https:\/\/www.irdin.org.br\/site\/wp-json\/wp\/v2\/product\/84334\/revisions"}],"predecessor-version":[{"id":108300,"href":"https:\/\/www.irdin.org.br\/site\/wp-json\/wp\/v2\/product\/84334\/revisions\/108300"}],"wp:featuredmedia":[{"embeddable":true,"href":"https:\/\/www.irdin.org.br\/site\/wp-json\/wp\/v2\/media\/37803"}],"wp:attachment":[{"href":"https:\/\/www.irdin.org.br\/site\/wp-json\/wp\/v2\/media?parent=84334"}],"wp:term":[{"taxonomy":"product_brand","embeddable":true,"href":"https:\/\/www.irdin.org.br\/site\/wp-json\/wp\/v2\/product_brand?post=84334"},{"taxonomy":"product_cat","embeddable":true,"href":"https:\/\/www.irdin.org.br\/site\/wp-json\/wp\/v2\/product_cat?post=84334"},{"taxonomy":"product_tag","embeddable":true,"href":"https:\/\/www.irdin.org.br\/site\/wp-json\/wp\/v2\/product_tag?post=84334"}],"curies":[{"name":"wp","href":"https:\/\/api.w.org\/{rel}","templated":true}]}}