{"id":84337,"date":"2018-04-26T18:36:16","date_gmt":"2018-04-26T18:36:16","guid":{"rendered":"http:\/\/www.irdin.org.br\/site\/produto\/duvidas-proprias-desta-epoca-no-2\/"},"modified":"2025-03-15T18:47:27","modified_gmt":"2025-03-15T18:47:27","slug":"duvidas-proprias-desta-epoca-no-2","status":"publish","type":"product","link":"https:\/\/www.irdin.org.br\/site\/produtos\/duvidas-proprias-desta-epoca-no-2\/","title":{"rendered":"D\u00favidas pr\u00f3prias desta \u00e9poca &#8211; n\u00ba 2"},"content":{"rendered":"<p><em>Profecias Maias \/ Educa\u00e7\u00e3o nos tempos atuais \/ Ecumenismo \/ Vida Divina \/ O que \u00e9 minist\u00e9rio? \/ Vegetarianismo na inf\u00e2ncia \/ Comunh\u00e3o \/ Maria e a evolu\u00e7\u00e3o dos Reinos \/ Comunidades-Luz \/ Real Tempo \/ Lei da manifesta\u00e7\u00e3o em Figueira \/ Idioma Universal \/ Procria\u00e7\u00e3o \/ Reencarna\u00e7\u00e3o e Catolicismo \/ Par\u00e1bolas \/ Anjo da Guarda \/ Doen\u00e7a autoimune \/ Ofertar as ora\u00e7\u00f5es ao Todo, entre outros temas<\/em><\/p>\n<p>&nbsp;<br \/>\n<strong>Ou\u00e7a agora:<\/strong><\/p>\n<p><span data-href=\"https:\/\/www.irdin.org.br\/site\/envios\/audios\/2853_0002__por_por__duvidas_proprias_desta_epoca_n2.mp3\" data-title=\"d\u00favidas pr\u00f3prias desta \u00e9poca - n\u00ba 2\" data-rel=\"\" data-target=\"\" data-meta=\"#fap-meta-69e24cbb2fabb\" class=\"fap-single-track fap-track-button fap-play-button\" data-enqueue=\"no\" data-autoenqueue=\"no\" title=\"d\u00favidas pr\u00f3prias desta \u00e9poca - n\u00ba 2\"><span class=\"fap-icon-play\"><\/span>Ouvir<\/span> <a href=\"https:\/\/www.irdin.org.br\/site\/envios\/audios\/2853_0002__por_por__duvidas_proprias_desta_epoca_n2.mp3\" class=\"baixar\" download><span class=\"fa fa-arrow-down\"><\/span>Baixar<\/span><\/a> <span class=\"textobaixar\"> d\u00favidas pr\u00f3prias desta \u00e9poca &#8211; n\u00ba 2<\/span><\/p>\n<p>&nbsp;<\/p>\n","protected":false},"excerpt":{"rendered":"<p>Profecias Maias \/ Educa\u00e7\u00e3o nos tempos atuais \/ Ecumenismo \/ Vida Divina \/ O que \u00e9 minist\u00e9rio? \/ Vegetarianismo na<\/p>\n","protected":false},"featured_media":37803,"template":"","meta":{"_acf_changed":false},"product_brand":[],"product_cat":[18076,33068],"product_tag":[41975],"class_list":{"0":"post-84337","1":"product","2":"type-product","3":"status-publish","4":"has-post-thumbnail","6":"product_cat-cddvd","7":"product_cat-palestras","8":"product_tag-41975","9":"pa_autor-trigueirinho","10":"pa_codigo-da-serie-27789","11":"pa_codigo-externo-28530002porcd","12":"pa_data-de-gravacao-27791","13":"pa_duracao-45min40s","14":"pa_idioma-de-destino-portugues","15":"pa_idioma-de-origem-portugues","16":"pa_lancamento-no","17":"pa_midia-cd","18":"pa_moac-41974","19":"pa_quantidade-de-saldo-33067","20":"pa_sequencial-da-serie-31878","21":"pa_tipo-de-traducao-nao-classificado","23":"first","24":"outofstock","25":"product-type-simple"},"acf":[],"_links":{"self":[{"href":"https:\/\/www.irdin.org.br\/site\/wp-json\/wp\/v2\/product\/84337","targetHints":{"allow":["GET"]}}],"collection":[{"href":"https:\/\/www.irdin.org.br\/site\/wp-json\/wp\/v2\/product"}],"about":[{"href":"https:\/\/www.irdin.org.br\/site\/wp-json\/wp\/v2\/types\/product"}],"version-history":[{"count":1,"href":"https:\/\/www.irdin.org.br\/site\/wp-json\/wp\/v2\/product\/84337\/revisions"}],"predecessor-version":[{"id":108303,"href":"https:\/\/www.irdin.org.br\/site\/wp-json\/wp\/v2\/product\/84337\/revisions\/108303"}],"wp:featuredmedia":[{"embeddable":true,"href":"https:\/\/www.irdin.org.br\/site\/wp-json\/wp\/v2\/media\/37803"}],"wp:attachment":[{"href":"https:\/\/www.irdin.org.br\/site\/wp-json\/wp\/v2\/media?parent=84337"}],"wp:term":[{"taxonomy":"product_brand","embeddable":true,"href":"https:\/\/www.irdin.org.br\/site\/wp-json\/wp\/v2\/product_brand?post=84337"},{"taxonomy":"product_cat","embeddable":true,"href":"https:\/\/www.irdin.org.br\/site\/wp-json\/wp\/v2\/product_cat?post=84337"},{"taxonomy":"product_tag","embeddable":true,"href":"https:\/\/www.irdin.org.br\/site\/wp-json\/wp\/v2\/product_tag?post=84337"}],"curies":[{"name":"wp","href":"https:\/\/api.w.org\/{rel}","templated":true}]}}