{"id":84339,"date":"2018-04-26T18:36:37","date_gmt":"2018-04-26T18:36:37","guid":{"rendered":"http:\/\/www.irdin.org.br\/site\/produto\/duvidas-proprias-desta-epoca-no-4\/"},"modified":"2024-09-23T13:55:10","modified_gmt":"2024-09-23T13:55:10","slug":"duvidas-proprias-desta-epoca-no-4","status":"publish","type":"product","link":"https:\/\/www.irdin.org.br\/site\/produtos\/duvidas-proprias-desta-epoca-no-4\/","title":{"rendered":"D\u00favidas pr\u00f3prias desta \u00e9poca &#8211; n\u00ba 4"},"content":{"rendered":"<p><em>V\u00e1rios temas, entre os quais: Filosofia espiritual na educa\u00e7\u00e3o \/ Amplia\u00e7\u00e3o da instru\u00e7\u00e3o trazida pela M\u00e3e do Mundo \/ Carma e perd\u00e3o \/ O retorno de Cristo \/ Rela\u00e7\u00e3o fraterna com os Reinos \/ Causa espiritual das doen\u00e7as \/ Quem \u00e9 Maria? \/ Sonho com o livro ?A Quinta Ra\u00e7a? \/ As leis divinas \/ Contar com a Gra\u00e7a<\/em><\/p>\n<p>&nbsp;<br \/>\n<strong>Ou\u00e7a agora:<\/strong><\/p>\n<p><span data-href=\"https:\/\/www.irdin.org.br\/site\/envios\/audios\/2853_0004__por_por__duvidas_proprias_desta_epoca_n4.mp3\" data-title=\"d\u00favidas pr\u00f3prias desta \u00e9poca - n\u00ba 4\" data-rel=\"\" data-target=\"\" data-meta=\"#fap-meta-69e28c0d48485\" class=\"fap-single-track fap-track-button fap-play-button\" data-enqueue=\"no\" data-autoenqueue=\"no\" title=\"d\u00favidas pr\u00f3prias desta \u00e9poca - n\u00ba 4\"><span class=\"fap-icon-play\"><\/span>Ouvir<\/span> <a href=\"https:\/\/www.irdin.org.br\/site\/envios\/audios\/2853_0004__por_por__duvidas_proprias_desta_epoca_n4.mp3\" class=\"baixar\" download><span class=\"fa fa-arrow-down\"><\/span>Baixar<\/span><\/a> <span class=\"textobaixar\"> d\u00favidas pr\u00f3prias desta \u00e9poca &#8211; n\u00ba 4<\/span><\/p>\n<p>&nbsp;<\/p>\n","protected":false},"excerpt":{"rendered":"<p>V\u00e1rios temas, entre os quais: Filosofia espiritual na educa\u00e7\u00e3o \/ Amplia\u00e7\u00e3o da instru\u00e7\u00e3o trazida pela M\u00e3e do Mundo \/ Carma<\/p>\n","protected":false},"featured_media":37803,"template":"","meta":{"_acf_changed":false},"product_brand":[],"product_cat":[18076,33068],"product_tag":[41979],"class_list":{"0":"post-84339","1":"product","2":"type-product","3":"status-publish","4":"has-post-thumbnail","6":"product_cat-cddvd","7":"product_cat-palestras","8":"product_tag-41979","9":"pa_autor-trigueirinho","10":"pa_codigo-da-serie-27789","11":"pa_codigo-externo-28530004porcd","12":"pa_data-de-gravacao-27799","13":"pa_duracao-45-m","14":"pa_idioma-de-destino-portugues","15":"pa_idioma-de-origem-portugues","16":"pa_lancamento-no","17":"pa_midia-cd","18":"pa_moac-41978","19":"pa_quantidade-de-saldo-33067","20":"pa_sequencial-da-serie-31880","21":"pa_tipo-de-traducao-nao-classificado","23":"first","24":"outofstock","25":"product-type-simple"},"acf":[],"_links":{"self":[{"href":"https:\/\/www.irdin.org.br\/site\/wp-json\/wp\/v2\/product\/84339","targetHints":{"allow":["GET"]}}],"collection":[{"href":"https:\/\/www.irdin.org.br\/site\/wp-json\/wp\/v2\/product"}],"about":[{"href":"https:\/\/www.irdin.org.br\/site\/wp-json\/wp\/v2\/types\/product"}],"version-history":[{"count":1,"href":"https:\/\/www.irdin.org.br\/site\/wp-json\/wp\/v2\/product\/84339\/revisions"}],"predecessor-version":[{"id":107639,"href":"https:\/\/www.irdin.org.br\/site\/wp-json\/wp\/v2\/product\/84339\/revisions\/107639"}],"wp:featuredmedia":[{"embeddable":true,"href":"https:\/\/www.irdin.org.br\/site\/wp-json\/wp\/v2\/media\/37803"}],"wp:attachment":[{"href":"https:\/\/www.irdin.org.br\/site\/wp-json\/wp\/v2\/media?parent=84339"}],"wp:term":[{"taxonomy":"product_brand","embeddable":true,"href":"https:\/\/www.irdin.org.br\/site\/wp-json\/wp\/v2\/product_brand?post=84339"},{"taxonomy":"product_cat","embeddable":true,"href":"https:\/\/www.irdin.org.br\/site\/wp-json\/wp\/v2\/product_cat?post=84339"},{"taxonomy":"product_tag","embeddable":true,"href":"https:\/\/www.irdin.org.br\/site\/wp-json\/wp\/v2\/product_tag?post=84339"}],"curies":[{"name":"wp","href":"https:\/\/api.w.org\/{rel}","templated":true}]}}