{"id":84341,"date":"2018-04-26T18:36:37","date_gmt":"2018-04-26T18:36:37","guid":{"rendered":"http:\/\/www.irdin.org.br\/site\/produto\/duvidas-proprias-desta-epoca-no-6\/"},"modified":"2024-09-23T13:55:18","modified_gmt":"2024-09-23T13:55:18","slug":"duvidas-proprias-desta-epoca-no-6","status":"publish","type":"product","link":"https:\/\/www.irdin.org.br\/site\/produtos\/duvidas-proprias-desta-epoca-no-6\/","title":{"rendered":"D\u00favidas pr\u00f3prias desta \u00e9poca &#8211; n\u00ba 6"},"content":{"rendered":"<p><em>V\u00e1rios temas, entre os quais: Como ajudar idosos enfermos \/ A vida intraterrena e a vida de superf\u00edcie \/ Do amor humano ao Amor Universal \/ Vida espiritual nas grandes cidades \/ A alegria de viver \/ O que significa convers\u00e3o\u00b4? \/ Reconhecer a Vida \u00danica \/ Rumo ao advento da Nova Humanidade \/ A maternidade como servi\u00e7o                                                                                                                                                                                                                                                                                                                                                                                                                                                                                                                                                                                                                                                                                                                                                                                                                                                                                                                                                                                                                                                                                                                                                                                                                                                                                                                                                                                                                                                                                                                                                                                                                                                                                                                                                                                                                                                                                                                                                                                                                                                                                                                                                                                                                                                                                                                                                                                                                                                                                                                                                                                                                                                                                                                                                                                                                                                                                                                                                                                                                                                                                                                                                                                                                                                                                                                                                                                                                                                                                                                                                                                                                                                                                                                                                                                                                                                                                                                                                                                                                                                                                                 \u00b4<\/em><\/p>\n<p>&nbsp;<br \/>\n<strong>Ou\u00e7a agora:<\/strong><\/p>\n<p><span data-href=\"https:\/\/www.irdin.org.br\/site\/envios\/audios\/2853_0006__por_por__duvidas_proprias_desta_epoca_n6.mp3\" data-title=\"d\u00favidas pr\u00f3prias desta \u00e9poca - n\u00ba 6\" data-rel=\"\" data-target=\"\" data-meta=\"#fap-meta-69ff823806547\" class=\"fap-single-track fap-track-button fap-play-button\" data-enqueue=\"no\" data-autoenqueue=\"no\" title=\"d\u00favidas pr\u00f3prias desta \u00e9poca - n\u00ba 6\"><span class=\"fap-icon-play\"><\/span>Ouvir<\/span> <a href=\"https:\/\/www.irdin.org.br\/site\/envios\/audios\/2853_0006__por_por__duvidas_proprias_desta_epoca_n6.mp3\" class=\"baixar\" download><span class=\"fa fa-arrow-down\"><\/span>Baixar<\/span><\/a> <span class=\"textobaixar\"> d\u00favidas pr\u00f3prias desta \u00e9poca &#8211; n\u00ba 6<\/span><\/p>\n<p>&nbsp;<\/p>\n","protected":false},"excerpt":{"rendered":"<p>V\u00e1rios temas, entre os quais: Como ajudar idosos enfermos \/ A vida intraterrena e a vida de superf\u00edcie \/ Do<\/p>\n","protected":false},"featured_media":37803,"template":"","meta":{"_acf_changed":false},"product_brand":[],"product_cat":[18076,33068],"product_tag":[41983],"class_list":{"0":"post-84341","1":"product","2":"type-product","3":"status-publish","4":"has-post-thumbnail","6":"product_cat-cddvd","7":"product_cat-palestras","8":"product_tag-41983","9":"pa_autor-trigueirinho","10":"pa_codigo-da-serie-27789","11":"pa_codigo-externo-28530006porcd","12":"pa_data-de-gravacao-27807","13":"pa_duracao-55min","14":"pa_idioma-de-destino-portugues","15":"pa_idioma-de-origem-portugues","16":"pa_lancamento-no","17":"pa_midia-cd","18":"pa_moac-41982","19":"pa_quantidade-de-saldo-33067","20":"pa_sequencial-da-serie-31882","21":"pa_tipo-de-traducao-nao-classificado","23":"first","24":"outofstock","25":"product-type-simple"},"acf":[],"_links":{"self":[{"href":"https:\/\/www.irdin.org.br\/site\/wp-json\/wp\/v2\/product\/84341","targetHints":{"allow":["GET"]}}],"collection":[{"href":"https:\/\/www.irdin.org.br\/site\/wp-json\/wp\/v2\/product"}],"about":[{"href":"https:\/\/www.irdin.org.br\/site\/wp-json\/wp\/v2\/types\/product"}],"version-history":[{"count":1,"href":"https:\/\/www.irdin.org.br\/site\/wp-json\/wp\/v2\/product\/84341\/revisions"}],"predecessor-version":[{"id":107640,"href":"https:\/\/www.irdin.org.br\/site\/wp-json\/wp\/v2\/product\/84341\/revisions\/107640"}],"wp:featuredmedia":[{"embeddable":true,"href":"https:\/\/www.irdin.org.br\/site\/wp-json\/wp\/v2\/media\/37803"}],"wp:attachment":[{"href":"https:\/\/www.irdin.org.br\/site\/wp-json\/wp\/v2\/media?parent=84341"}],"wp:term":[{"taxonomy":"product_brand","embeddable":true,"href":"https:\/\/www.irdin.org.br\/site\/wp-json\/wp\/v2\/product_brand?post=84341"},{"taxonomy":"product_cat","embeddable":true,"href":"https:\/\/www.irdin.org.br\/site\/wp-json\/wp\/v2\/product_cat?post=84341"},{"taxonomy":"product_tag","embeddable":true,"href":"https:\/\/www.irdin.org.br\/site\/wp-json\/wp\/v2\/product_tag?post=84341"}],"curies":[{"name":"wp","href":"https:\/\/api.w.org\/{rel}","templated":true}]}}