{"id":84346,"date":"2018-04-26T18:36:37","date_gmt":"2018-04-26T18:36:37","guid":{"rendered":"http:\/\/www.irdin.org.br\/site\/produto\/revendo-significados-dos-sonhos-no-1\/"},"modified":"2024-09-23T13:56:48","modified_gmt":"2024-09-23T13:56:48","slug":"revendo-significados-dos-sonhos-no-1","status":"publish","type":"product","link":"https:\/\/www.irdin.org.br\/site\/produtos\/revendo-significados-dos-sonhos-no-1\/","title":{"rendered":"Revendo significados dos sonhos &#8211; n\u00ba 1"},"content":{"rendered":"<p><em>O simbolismo nos sonhos \/ Necessidade de anotar os sonhos em todos os detalhes \/ For\u00e7as involutivas nos sonhos \/ D\u00favidas quanto \u00e0s sa\u00eddas do corpo durante o sono \/ Influ\u00eancia e interfer\u00eancia da mente \/ Necessidade de concentra\u00e7\u00e3o antes de adormecer<\/em><\/p>\n<p>&nbsp;<br \/>\n<strong>Ou\u00e7a agora:<\/strong><\/p>\n<p><span data-href=\"https:\/\/www.irdin.org.br\/site\/envios\/audios\/2853_0011__por_por__revendo_significados_dos_sonhos_n1.mp3\" data-title=\"revendo significados dos sonhos - n\u00ba 1\" data-rel=\"\" data-target=\"\" data-meta=\"#fap-meta-6a04f89d01c55\" class=\"fap-single-track fap-track-button fap-play-button\" data-enqueue=\"no\" data-autoenqueue=\"no\" title=\"revendo significados dos sonhos - n\u00ba 1\"><span class=\"fap-icon-play\"><\/span>Ouvir<\/span> <a href=\"https:\/\/www.irdin.org.br\/site\/envios\/audios\/2853_0011__por_por__revendo_significados_dos_sonhos_n1.mp3\" class=\"baixar\" download><span class=\"fa fa-arrow-down\"><\/span>Baixar<\/span><\/a> <span class=\"textobaixar\"> revendo significados dos sonhos &#8211; n\u00ba 1<\/span><\/p>\n<p>&nbsp;<\/p>\n","protected":false},"excerpt":{"rendered":"<p>O simbolismo nos sonhos \/ Necessidade de anotar os sonhos em todos os detalhes \/ For\u00e7as involutivas nos sonhos \/<\/p>\n","protected":false},"featured_media":37803,"template":"","meta":{"_acf_changed":false},"product_brand":[],"product_cat":[18076,33068],"product_tag":[41993],"class_list":{"0":"post-84346","1":"product","2":"type-product","3":"status-publish","4":"has-post-thumbnail","6":"product_cat-cddvd","7":"product_cat-palestras","8":"product_tag-41993","9":"pa_autor-trigueirinho","10":"pa_codigo-da-serie-27789","11":"pa_codigo-externo-28530011porcd","12":"pa_data-de-gravacao-27822","13":"pa_duracao-44min","14":"pa_idioma-de-destino-portugues","15":"pa_idioma-de-origem-portugues","16":"pa_lancamento-no","17":"pa_midia-cd","18":"pa_moac-41992","19":"pa_quantidade-de-saldo-33067","20":"pa_sequencial-da-serie-31891","21":"pa_tipo-de-traducao-nao-classificado","23":"first","24":"outofstock","25":"product-type-simple"},"acf":[],"_links":{"self":[{"href":"https:\/\/www.irdin.org.br\/site\/wp-json\/wp\/v2\/product\/84346","targetHints":{"allow":["GET"]}}],"collection":[{"href":"https:\/\/www.irdin.org.br\/site\/wp-json\/wp\/v2\/product"}],"about":[{"href":"https:\/\/www.irdin.org.br\/site\/wp-json\/wp\/v2\/types\/product"}],"version-history":[{"count":1,"href":"https:\/\/www.irdin.org.br\/site\/wp-json\/wp\/v2\/product\/84346\/revisions"}],"predecessor-version":[{"id":107644,"href":"https:\/\/www.irdin.org.br\/site\/wp-json\/wp\/v2\/product\/84346\/revisions\/107644"}],"wp:featuredmedia":[{"embeddable":true,"href":"https:\/\/www.irdin.org.br\/site\/wp-json\/wp\/v2\/media\/37803"}],"wp:attachment":[{"href":"https:\/\/www.irdin.org.br\/site\/wp-json\/wp\/v2\/media?parent=84346"}],"wp:term":[{"taxonomy":"product_brand","embeddable":true,"href":"https:\/\/www.irdin.org.br\/site\/wp-json\/wp\/v2\/product_brand?post=84346"},{"taxonomy":"product_cat","embeddable":true,"href":"https:\/\/www.irdin.org.br\/site\/wp-json\/wp\/v2\/product_cat?post=84346"},{"taxonomy":"product_tag","embeddable":true,"href":"https:\/\/www.irdin.org.br\/site\/wp-json\/wp\/v2\/product_tag?post=84346"}],"curies":[{"name":"wp","href":"https:\/\/api.w.org\/{rel}","templated":true}]}}