{"id":84349,"date":"2018-04-26T18:36:37","date_gmt":"2018-04-26T18:36:37","guid":{"rendered":"http:\/\/www.irdin.org.br\/site\/produto\/recapitulacoes-que-se-fazem-necessarias\/"},"modified":"2025-03-15T18:42:59","modified_gmt":"2025-03-15T18:42:59","slug":"recapitulacoes-que-se-fazem-necessarias","status":"publish","type":"product","link":"https:\/\/www.irdin.org.br\/site\/produtos\/recapitulacoes-que-se-fazem-necessarias\/","title":{"rendered":"Recapitula\u00e7\u00f5es que se fazem necess\u00e1rias"},"content":{"rendered":"<p><em>D\u00favidas e sentimentos que se re\u00fanem e que tentamos pacificar com a colabora\u00e7\u00e3o dos pr\u00f3prios seres envolvidos.<\/em><\/p>\n<p>&nbsp;<br \/>\n<strong>Ou\u00e7a agora:<\/strong><\/p>\n<p><span data-href=\"https:\/\/www.irdin.org.br\/site\/envios\/audios\/2853_0014__por_por__recapitulacoes_que_se_fazem_necessarias.mp3\" data-title=\"recapitula\u00e7\u00f5es que se fazem necess\u00e1rias\" data-rel=\"\" data-target=\"\" data-meta=\"#fap-meta-69e5441cda233\" class=\"fap-single-track fap-track-button fap-play-button\" data-enqueue=\"no\" data-autoenqueue=\"no\" title=\"recapitula\u00e7\u00f5es que se fazem necess\u00e1rias\"><span class=\"fap-icon-play\"><\/span>Ouvir<\/span> <a href=\"https:\/\/www.irdin.org.br\/site\/envios\/audios\/2853_0014__por_por__recapitulacoes_que_se_fazem_necessarias.mp3\" class=\"baixar\" download><span class=\"fa fa-arrow-down\"><\/span>Baixar<\/span><\/a> <span class=\"textobaixar\"> recapitula\u00e7\u00f5es que se fazem necess\u00e1rias<\/span><\/p>\n<p>&nbsp;<\/p>\n","protected":false},"excerpt":{"rendered":"<p>D\u00favidas e sentimentos que se re\u00fanem e que tentamos pacificar com a colabora\u00e7\u00e3o dos pr\u00f3prios seres envolvidos. &nbsp; Ou\u00e7a agora:<\/p>\n","protected":false},"featured_media":37803,"template":"","meta":{"_acf_changed":false},"product_brand":[],"product_cat":[18076,33068],"product_tag":[41999],"class_list":{"0":"post-84349","1":"product","2":"type-product","3":"status-publish","4":"has-post-thumbnail","6":"product_cat-cddvd","7":"product_cat-palestras","8":"product_tag-41999","9":"pa_autor-trigueirinho","10":"pa_codigo-da-serie-27789","11":"pa_codigo-externo-28530014porcd","12":"pa_data-de-gravacao-27831","13":"pa_duracao-60min","14":"pa_idioma-de-destino-portugues","15":"pa_idioma-de-origem-portugues","16":"pa_lancamento-no","17":"pa_midia-cd","18":"pa_moac-41998","19":"pa_quantidade-de-saldo-33067","20":"pa_sequencial-da-serie-31896","21":"pa_tipo-de-traducao-nao-classificado","23":"first","24":"outofstock","25":"product-type-simple"},"acf":[],"_links":{"self":[{"href":"https:\/\/www.irdin.org.br\/site\/wp-json\/wp\/v2\/product\/84349","targetHints":{"allow":["GET"]}}],"collection":[{"href":"https:\/\/www.irdin.org.br\/site\/wp-json\/wp\/v2\/product"}],"about":[{"href":"https:\/\/www.irdin.org.br\/site\/wp-json\/wp\/v2\/types\/product"}],"version-history":[{"count":1,"href":"https:\/\/www.irdin.org.br\/site\/wp-json\/wp\/v2\/product\/84349\/revisions"}],"predecessor-version":[{"id":108278,"href":"https:\/\/www.irdin.org.br\/site\/wp-json\/wp\/v2\/product\/84349\/revisions\/108278"}],"wp:featuredmedia":[{"embeddable":true,"href":"https:\/\/www.irdin.org.br\/site\/wp-json\/wp\/v2\/media\/37803"}],"wp:attachment":[{"href":"https:\/\/www.irdin.org.br\/site\/wp-json\/wp\/v2\/media?parent=84349"}],"wp:term":[{"taxonomy":"product_brand","embeddable":true,"href":"https:\/\/www.irdin.org.br\/site\/wp-json\/wp\/v2\/product_brand?post=84349"},{"taxonomy":"product_cat","embeddable":true,"href":"https:\/\/www.irdin.org.br\/site\/wp-json\/wp\/v2\/product_cat?post=84349"},{"taxonomy":"product_tag","embeddable":true,"href":"https:\/\/www.irdin.org.br\/site\/wp-json\/wp\/v2\/product_tag?post=84349"}],"curies":[{"name":"wp","href":"https:\/\/api.w.org\/{rel}","templated":true}]}}