{"id":84356,"date":"2018-04-26T18:36:37","date_gmt":"2018-04-26T18:36:37","guid":{"rendered":"http:\/\/www.irdin.org.br\/site\/produto\/desafios-do-nosso-trabalho-de-transformacao\/"},"modified":"2025-03-15T18:43:54","modified_gmt":"2025-03-15T18:43:54","slug":"desafios-do-nosso-trabalho-de-transformacao","status":"publish","type":"product","link":"https:\/\/www.irdin.org.br\/site\/produtos\/desafios-do-nosso-trabalho-de-transformacao\/","title":{"rendered":"Desafios do nosso trabalho de transforma\u00e7\u00e3o"},"content":{"rendered":"<p><em>Um conjunto de experi\u00eancias pr\u00f3prias dos que buscam estar em paz com a consci\u00eancia \/ O estado em que esta civiliza\u00e7\u00e3o se encontra \u00e9 exposto atrav\u00e9s do esfor\u00e7o que as pessoas fazem para se libertar de seus condicionamentos<\/em><\/p>\n<p>&nbsp;<br \/>\n<strong>Ou\u00e7a agora:<\/strong><\/p>\n<p><span data-href=\"https:\/\/www.irdin.org.br\/site\/envios\/audios\/2853_0024__por_por__desafios_do_nosso_trabalho_de_transformacao.mp3\" data-title=\"desafios do nosso trabalho de transforma\u00e7\u00e3o\" data-rel=\"\" data-target=\"\" data-meta=\"#fap-meta-69ff471c7136c\" class=\"fap-single-track fap-track-button fap-play-button\" data-enqueue=\"no\" data-autoenqueue=\"no\" title=\"desafios do nosso trabalho de transforma\u00e7\u00e3o\"><span class=\"fap-icon-play\"><\/span>Ouvir<\/span> <a href=\"https:\/\/www.irdin.org.br\/site\/envios\/audios\/2853_0024__por_por__desafios_do_nosso_trabalho_de_transformacao.mp3\" class=\"baixar\" download><span class=\"fa fa-arrow-down\"><\/span>Baixar<\/span><\/a> <span class=\"textobaixar\"> desafios do nosso trabalho de transforma\u00e7\u00e3o<\/span><\/p>\n<p>&nbsp;<\/p>\n","protected":false},"excerpt":{"rendered":"<p>Um conjunto de experi\u00eancias pr\u00f3prias dos que buscam estar em paz com a consci\u00eancia \/ O estado em que esta<\/p>\n","protected":false},"featured_media":37803,"template":"","meta":{"_acf_changed":false},"product_brand":[],"product_cat":[18076,33068],"product_tag":[42013],"class_list":{"0":"post-84356","1":"product","2":"type-product","3":"status-publish","4":"has-post-thumbnail","6":"product_cat-cddvd","7":"product_cat-palestras","8":"product_tag-42013","9":"pa_autor-trigueirinho","10":"pa_codigo-da-serie-27789","11":"pa_codigo-externo-28530024porcd","12":"pa_data-de-gravacao-27852","13":"pa_duracao-54-min","14":"pa_idioma-de-destino-portugues","15":"pa_idioma-de-origem-portugues","16":"pa_lancamento-no","17":"pa_midia-cd","18":"pa_moac-42012","19":"pa_quantidade-de-saldo-33067","20":"pa_sequencial-da-serie-31900","21":"pa_tipo-de-traducao-nao-classificado","23":"first","24":"outofstock","25":"product-type-simple"},"acf":[],"_links":{"self":[{"href":"https:\/\/www.irdin.org.br\/site\/wp-json\/wp\/v2\/product\/84356","targetHints":{"allow":["GET"]}}],"collection":[{"href":"https:\/\/www.irdin.org.br\/site\/wp-json\/wp\/v2\/product"}],"about":[{"href":"https:\/\/www.irdin.org.br\/site\/wp-json\/wp\/v2\/types\/product"}],"version-history":[{"count":1,"href":"https:\/\/www.irdin.org.br\/site\/wp-json\/wp\/v2\/product\/84356\/revisions"}],"predecessor-version":[{"id":108283,"href":"https:\/\/www.irdin.org.br\/site\/wp-json\/wp\/v2\/product\/84356\/revisions\/108283"}],"wp:featuredmedia":[{"embeddable":true,"href":"https:\/\/www.irdin.org.br\/site\/wp-json\/wp\/v2\/media\/37803"}],"wp:attachment":[{"href":"https:\/\/www.irdin.org.br\/site\/wp-json\/wp\/v2\/media?parent=84356"}],"wp:term":[{"taxonomy":"product_brand","embeddable":true,"href":"https:\/\/www.irdin.org.br\/site\/wp-json\/wp\/v2\/product_brand?post=84356"},{"taxonomy":"product_cat","embeddable":true,"href":"https:\/\/www.irdin.org.br\/site\/wp-json\/wp\/v2\/product_cat?post=84356"},{"taxonomy":"product_tag","embeddable":true,"href":"https:\/\/www.irdin.org.br\/site\/wp-json\/wp\/v2\/product_tag?post=84356"}],"curies":[{"name":"wp","href":"https:\/\/api.w.org\/{rel}","templated":true}]}}