{"id":84357,"date":"2018-04-26T18:36:37","date_gmt":"2018-04-26T18:36:37","guid":{"rendered":"http:\/\/www.irdin.org.br\/site\/produto\/revisoes-de-valores-maiores-e-menores\/"},"modified":"2025-03-15T18:44:04","modified_gmt":"2025-03-15T18:44:04","slug":"revisoes-de-valores-maiores-e-menores","status":"publish","type":"product","link":"https:\/\/www.irdin.org.br\/site\/produtos\/revisoes-de-valores-maiores-e-menores\/","title":{"rendered":"Revis\u00f5es de valores maiores e menores"},"content":{"rendered":"<p><em>Abertura, desenvolvimento e conclus\u00f5es de processos humanos que podem nos servir de par\u00e2metro ou despertar nossa neutralidade diante dos fatos da vida \/ Leitura da mensagem extraordin\u00e1ria de Maria enviada para essa reuni\u00e3o<\/em><\/p>\n<p>&nbsp;<br \/>\n<strong>Ou\u00e7a agora:<\/strong><\/p>\n<p><span data-href=\"https:\/\/www.irdin.org.br\/site\/envios\/audios\/2853_0025__por_por__previsoes_de_valores_maiores_e_menores.mp3\" data-title=\"revis\u00f5es de valores maiores e menores\" data-rel=\"\" data-target=\"\" data-meta=\"#fap-meta-69ff5c2c3adfb\" class=\"fap-single-track fap-track-button fap-play-button\" data-enqueue=\"no\" data-autoenqueue=\"no\" title=\"revis\u00f5es de valores maiores e menores\"><span class=\"fap-icon-play\"><\/span>Ouvir<\/span> <a href=\"https:\/\/www.irdin.org.br\/site\/envios\/audios\/2853_0025__por_por__previsoes_de_valores_maiores_e_menores.mp3\" class=\"baixar\" download><span class=\"fa fa-arrow-down\"><\/span>Baixar<\/span><\/a> <span class=\"textobaixar\"> revis\u00f5es de valores maiores e menores<\/span><\/p>\n<p>&nbsp;<\/p>\n","protected":false},"excerpt":{"rendered":"<p>Abertura, desenvolvimento e conclus\u00f5es de processos humanos que podem nos servir de par\u00e2metro ou despertar nossa neutralidade diante dos fatos<\/p>\n","protected":false},"featured_media":37803,"template":"","meta":{"_acf_changed":false},"product_brand":[],"product_cat":[18076,33068],"product_tag":[42015],"class_list":{"0":"post-84357","1":"product","2":"type-product","3":"status-publish","4":"has-post-thumbnail","6":"product_cat-cddvd","7":"product_cat-palestras","8":"product_tag-42015","9":"pa_autor-trigueirinho","10":"pa_codigo-da-serie-27789","11":"pa_codigo-externo-28530025porcd","12":"pa_data-de-gravacao-27855","13":"pa_duracao-73-min","14":"pa_idioma-de-destino-portugues","15":"pa_idioma-de-origem-portugues","16":"pa_lancamento-no","17":"pa_midia-cd","18":"pa_moac-42014","19":"pa_quantidade-de-saldo-33067","20":"pa_sequencial-da-serie-31901","21":"pa_tipo-de-traducao-nao-classificado","23":"first","24":"outofstock","25":"product-type-simple"},"acf":[],"_links":{"self":[{"href":"https:\/\/www.irdin.org.br\/site\/wp-json\/wp\/v2\/product\/84357","targetHints":{"allow":["GET"]}}],"collection":[{"href":"https:\/\/www.irdin.org.br\/site\/wp-json\/wp\/v2\/product"}],"about":[{"href":"https:\/\/www.irdin.org.br\/site\/wp-json\/wp\/v2\/types\/product"}],"version-history":[{"count":1,"href":"https:\/\/www.irdin.org.br\/site\/wp-json\/wp\/v2\/product\/84357\/revisions"}],"predecessor-version":[{"id":108284,"href":"https:\/\/www.irdin.org.br\/site\/wp-json\/wp\/v2\/product\/84357\/revisions\/108284"}],"wp:featuredmedia":[{"embeddable":true,"href":"https:\/\/www.irdin.org.br\/site\/wp-json\/wp\/v2\/media\/37803"}],"wp:attachment":[{"href":"https:\/\/www.irdin.org.br\/site\/wp-json\/wp\/v2\/media?parent=84357"}],"wp:term":[{"taxonomy":"product_brand","embeddable":true,"href":"https:\/\/www.irdin.org.br\/site\/wp-json\/wp\/v2\/product_brand?post=84357"},{"taxonomy":"product_cat","embeddable":true,"href":"https:\/\/www.irdin.org.br\/site\/wp-json\/wp\/v2\/product_cat?post=84357"},{"taxonomy":"product_tag","embeddable":true,"href":"https:\/\/www.irdin.org.br\/site\/wp-json\/wp\/v2\/product_tag?post=84357"}],"curies":[{"name":"wp","href":"https:\/\/api.w.org\/{rel}","templated":true}]}}