{"id":84358,"date":"2018-04-26T18:36:58","date_gmt":"2018-04-26T18:36:58","guid":{"rendered":"http:\/\/www.irdin.org.br\/site\/produto\/varios-caminhos-diante-dos-seres-humanos\/"},"modified":"2024-09-23T13:51:41","modified_gmt":"2024-09-23T13:51:41","slug":"varios-caminhos-diante-dos-seres-humanos","status":"publish","type":"product","link":"https:\/\/www.irdin.org.br\/site\/produtos\/varios-caminhos-diante-dos-seres-humanos\/","title":{"rendered":"V\u00e1rios caminhos diante dos seres humanos"},"content":{"rendered":"<p><em>Apesar da diversidade de problemas, o rem\u00e9dio quase sempre infal\u00edvel para os seres humanos \u00e9 a ora\u00e7\u00e3o, quando sincera \/ A necessidade de alinhamento com os n\u00edveis superiores da consci\u00eancia torna-se cada vez mais imprescind\u00edvel \/ V\u00e1rias quest\u00f5es coligadas com o momento atual da humanidade<\/em><\/p>\n<p>&nbsp;<br \/>\n<strong>Ou\u00e7a agora:<\/strong><\/p>\n<p><span data-href=\"https:\/\/www.irdin.org.br\/site\/envios\/audios\/2853_0026__por_por__varios_caminhos_diante_dos_seres_humanos.mp3\" data-title=\"v\u00e1rios caminhos diante dos seres humanos\" data-rel=\"\" data-target=\"\" data-meta=\"#fap-meta-69e72ef9e4307\" class=\"fap-single-track fap-track-button fap-play-button\" data-enqueue=\"no\" data-autoenqueue=\"no\" title=\"v\u00e1rios caminhos diante dos seres humanos\"><span class=\"fap-icon-play\"><\/span>Ouvir<\/span> <a href=\"https:\/\/www.irdin.org.br\/site\/envios\/audios\/2853_0026__por_por__varios_caminhos_diante_dos_seres_humanos.mp3\" class=\"baixar\" download><span class=\"fa fa-arrow-down\"><\/span>Baixar<\/span><\/a> <span class=\"textobaixar\"> v\u00e1rios caminhos diante dos seres humanos<\/span><\/p>\n<p>&nbsp;<\/p>\n","protected":false},"excerpt":{"rendered":"<p>Apesar da diversidade de problemas, o rem\u00e9dio quase sempre infal\u00edvel para os seres humanos \u00e9 a ora\u00e7\u00e3o, quando sincera \/<\/p>\n","protected":false},"featured_media":37803,"template":"","meta":{"_acf_changed":false},"product_brand":[],"product_cat":[18076,33068],"product_tag":[42017],"class_list":{"0":"post-84358","1":"product","2":"type-product","3":"status-publish","4":"has-post-thumbnail","6":"product_cat-cddvd","7":"product_cat-palestras","8":"product_tag-42017","9":"pa_autor-trigueirinho","10":"pa_codigo-da-serie-27789","11":"pa_codigo-externo-28530026porcd","12":"pa_data-de-gravacao-27859","13":"pa_duracao-46-min","14":"pa_idioma-de-destino-portugues","15":"pa_idioma-de-origem-portugues","16":"pa_lancamento-no","17":"pa_midia-cd","18":"pa_moac-42016","19":"pa_quantidade-de-saldo-33067","20":"pa_sequencial-da-serie-31902","21":"pa_tipo-de-traducao-nao-classificado","23":"first","24":"outofstock","25":"product-type-simple"},"acf":[],"_links":{"self":[{"href":"https:\/\/www.irdin.org.br\/site\/wp-json\/wp\/v2\/product\/84358","targetHints":{"allow":["GET"]}}],"collection":[{"href":"https:\/\/www.irdin.org.br\/site\/wp-json\/wp\/v2\/product"}],"about":[{"href":"https:\/\/www.irdin.org.br\/site\/wp-json\/wp\/v2\/types\/product"}],"version-history":[{"count":1,"href":"https:\/\/www.irdin.org.br\/site\/wp-json\/wp\/v2\/product\/84358\/revisions"}],"predecessor-version":[{"id":107620,"href":"https:\/\/www.irdin.org.br\/site\/wp-json\/wp\/v2\/product\/84358\/revisions\/107620"}],"wp:featuredmedia":[{"embeddable":true,"href":"https:\/\/www.irdin.org.br\/site\/wp-json\/wp\/v2\/media\/37803"}],"wp:attachment":[{"href":"https:\/\/www.irdin.org.br\/site\/wp-json\/wp\/v2\/media?parent=84358"}],"wp:term":[{"taxonomy":"product_brand","embeddable":true,"href":"https:\/\/www.irdin.org.br\/site\/wp-json\/wp\/v2\/product_brand?post=84358"},{"taxonomy":"product_cat","embeddable":true,"href":"https:\/\/www.irdin.org.br\/site\/wp-json\/wp\/v2\/product_cat?post=84358"},{"taxonomy":"product_tag","embeddable":true,"href":"https:\/\/www.irdin.org.br\/site\/wp-json\/wp\/v2\/product_tag?post=84358"}],"curies":[{"name":"wp","href":"https:\/\/api.w.org\/{rel}","templated":true}]}}