{"id":84360,"date":"2018-04-26T18:36:58","date_gmt":"2018-04-26T18:36:58","guid":{"rendered":"http:\/\/www.irdin.org.br\/site\/produto\/tempos-de-definicoes\/"},"modified":"2024-09-23T13:52:16","modified_gmt":"2024-09-23T13:52:16","slug":"tempos-de-definicoes","status":"publish","type":"product","link":"https:\/\/www.irdin.org.br\/site\/produtos\/tempos-de-definicoes\/","title":{"rendered":"Tempos de defini\u00e7\u00f5es"},"content":{"rendered":"<p><em>Receptividade a perguntas que v\u00e3o desde temas espirituais vigorosos at\u00e9 quest\u00f5es referentes a processos humanos comuns atualmente \/ Do matrim\u00f4nio que conhecemos, at\u00e9 uma vis\u00e3o da Sagrada Fam\u00edlia \/ Dos guias espirituais externos at\u00e9 a guian\u00e7a real do Eu interior \/ Etapa que antecede o retorno de Cristo, e outros temas que nos foram propostos<\/em><\/p>\n<p>&nbsp;<br \/>\n<strong>Ou\u00e7a agora:<\/strong><\/p>\n<p><span data-href=\"https:\/\/www.irdin.org.br\/site\/envios\/audios\/2853_0028__por_por__tempos_de_definicoes.mp3\" data-title=\"tempos de defini\u00e7\u00f5es\" data-rel=\"\" data-target=\"\" data-meta=\"#fap-meta-69e2aabb8f59a\" class=\"fap-single-track fap-track-button fap-play-button\" data-enqueue=\"no\" data-autoenqueue=\"no\" title=\"tempos de defini\u00e7\u00f5es\"><span class=\"fap-icon-play\"><\/span>Ouvir<\/span> <a href=\"https:\/\/www.irdin.org.br\/site\/envios\/audios\/2853_0028__por_por__tempos_de_definicoes.mp3\" class=\"baixar\" download><span class=\"fa fa-arrow-down\"><\/span>Baixar<\/span><\/a> <span class=\"textobaixar\"> tempos de defini\u00e7\u00f5es<\/span><\/p>\n<p>&nbsp;<\/p>\n","protected":false},"excerpt":{"rendered":"<p>Receptividade a perguntas que v\u00e3o desde temas espirituais vigorosos at\u00e9 quest\u00f5es referentes a processos humanos comuns atualmente \/ Do matrim\u00f4nio<\/p>\n","protected":false},"featured_media":37803,"template":"","meta":{"_acf_changed":false},"product_brand":[],"product_cat":[18076,33068],"product_tag":[42021],"class_list":{"0":"post-84360","1":"product","2":"type-product","3":"status-publish","4":"has-post-thumbnail","6":"product_cat-cddvd","7":"product_cat-palestras","8":"product_tag-42021","9":"pa_autor-trigueirinho","10":"pa_codigo-da-serie-27789","11":"pa_codigo-externo-28530028porcd","12":"pa_data-de-gravacao-27865","13":"pa_duracao-44-min","14":"pa_idioma-de-destino-portugues","15":"pa_idioma-de-origem-portugues","16":"pa_lancamento-no","17":"pa_midia-cd","18":"pa_moac-42020","19":"pa_quantidade-de-saldo-33067","20":"pa_sequencial-da-serie-31904","21":"pa_tipo-de-traducao-nao-classificado","23":"first","24":"outofstock","25":"product-type-simple"},"acf":[],"_links":{"self":[{"href":"https:\/\/www.irdin.org.br\/site\/wp-json\/wp\/v2\/product\/84360","targetHints":{"allow":["GET"]}}],"collection":[{"href":"https:\/\/www.irdin.org.br\/site\/wp-json\/wp\/v2\/product"}],"about":[{"href":"https:\/\/www.irdin.org.br\/site\/wp-json\/wp\/v2\/types\/product"}],"version-history":[{"count":1,"href":"https:\/\/www.irdin.org.br\/site\/wp-json\/wp\/v2\/product\/84360\/revisions"}],"predecessor-version":[{"id":107622,"href":"https:\/\/www.irdin.org.br\/site\/wp-json\/wp\/v2\/product\/84360\/revisions\/107622"}],"wp:featuredmedia":[{"embeddable":true,"href":"https:\/\/www.irdin.org.br\/site\/wp-json\/wp\/v2\/media\/37803"}],"wp:attachment":[{"href":"https:\/\/www.irdin.org.br\/site\/wp-json\/wp\/v2\/media?parent=84360"}],"wp:term":[{"taxonomy":"product_brand","embeddable":true,"href":"https:\/\/www.irdin.org.br\/site\/wp-json\/wp\/v2\/product_brand?post=84360"},{"taxonomy":"product_cat","embeddable":true,"href":"https:\/\/www.irdin.org.br\/site\/wp-json\/wp\/v2\/product_cat?post=84360"},{"taxonomy":"product_tag","embeddable":true,"href":"https:\/\/www.irdin.org.br\/site\/wp-json\/wp\/v2\/product_tag?post=84360"}],"curies":[{"name":"wp","href":"https:\/\/api.w.org\/{rel}","templated":true}]}}