{"id":84364,"date":"2018-04-26T18:36:58","date_gmt":"2018-04-26T18:36:58","guid":{"rendered":"http:\/\/www.irdin.org.br\/site\/produto\/ave-marias-no-caos\/"},"modified":"2024-09-23T13:53:30","modified_gmt":"2024-09-23T13:53:30","slug":"ave-marias-no-caos","status":"publish","type":"product","link":"https:\/\/www.irdin.org.br\/site\/produtos\/ave-marias-no-caos\/","title":{"rendered":"Ave-Marias no caos"},"content":{"rendered":"<p><em>Como buscar posi\u00e7\u00f5es positivas diante de tantos erros humanos \/ Se os desejos s\u00e3o t\u00e3o fortes e sempre presentes, como conseguir neutralidade? \/ Nossas rela\u00e7\u00f5es dentro de uma humanidade heterog\u00eanea que se encontra em t\u00e3o diferentes n\u00edveis de consci\u00eancia \/ Como o imposs\u00edvel pode chegar a acontecer<\/em><\/p>\n<p>&nbsp;<br \/>\n<strong>Ou\u00e7a agora:<\/strong><\/p>\n<p><span data-href=\"https:\/\/www.irdin.org.br\/site\/envios\/audios\/2853_0032__por_por__ave_marias_no_caos.mp3\" data-title=\"ave-marias no caos\" data-rel=\"\" data-target=\"\" data-meta=\"#fap-meta-69f8e9c44d35e\" class=\"fap-single-track fap-track-button fap-play-button\" data-enqueue=\"no\" data-autoenqueue=\"no\" title=\"ave-marias no caos\"><span class=\"fap-icon-play\"><\/span>Ouvir<\/span> <a href=\"https:\/\/www.irdin.org.br\/site\/envios\/audios\/2853_0032__por_por__ave_marias_no_caos.mp3\" class=\"baixar\" download><span class=\"fa fa-arrow-down\"><\/span>Baixar<\/span><\/a> <span class=\"textobaixar\"> ave-marias no caos<\/span><\/p>\n<p>&nbsp;<\/p>\n","protected":false},"excerpt":{"rendered":"<p>Como buscar posi\u00e7\u00f5es positivas diante de tantos erros humanos \/ Se os desejos s\u00e3o t\u00e3o fortes e sempre presentes, como<\/p>\n","protected":false},"featured_media":37803,"template":"","meta":{"_acf_changed":false},"product_brand":[],"product_cat":[18076,33068],"product_tag":[42029],"class_list":{"0":"post-84364","1":"product","2":"type-product","3":"status-publish","4":"has-post-thumbnail","6":"product_cat-cddvd","7":"product_cat-palestras","8":"product_tag-42029","9":"pa_autor-trigueirinho","10":"pa_codigo-da-serie-27789","11":"pa_codigo-externo-28530032porcd","12":"pa_data-de-gravacao-27877","13":"pa_duracao-48-min","14":"pa_idioma-de-destino-portugues","15":"pa_idioma-de-origem-portugues","16":"pa_lancamento-no","17":"pa_midia-cd","18":"pa_moac-42028","19":"pa_quantidade-de-saldo-33067","20":"pa_sequencial-da-serie-31908","21":"pa_tipo-de-traducao-nao-classificado","23":"first","24":"outofstock","25":"product-type-simple"},"acf":[],"_links":{"self":[{"href":"https:\/\/www.irdin.org.br\/site\/wp-json\/wp\/v2\/product\/84364","targetHints":{"allow":["GET"]}}],"collection":[{"href":"https:\/\/www.irdin.org.br\/site\/wp-json\/wp\/v2\/product"}],"about":[{"href":"https:\/\/www.irdin.org.br\/site\/wp-json\/wp\/v2\/types\/product"}],"version-history":[{"count":1,"href":"https:\/\/www.irdin.org.br\/site\/wp-json\/wp\/v2\/product\/84364\/revisions"}],"predecessor-version":[{"id":107629,"href":"https:\/\/www.irdin.org.br\/site\/wp-json\/wp\/v2\/product\/84364\/revisions\/107629"}],"wp:featuredmedia":[{"embeddable":true,"href":"https:\/\/www.irdin.org.br\/site\/wp-json\/wp\/v2\/media\/37803"}],"wp:attachment":[{"href":"https:\/\/www.irdin.org.br\/site\/wp-json\/wp\/v2\/media?parent=84364"}],"wp:term":[{"taxonomy":"product_brand","embeddable":true,"href":"https:\/\/www.irdin.org.br\/site\/wp-json\/wp\/v2\/product_brand?post=84364"},{"taxonomy":"product_cat","embeddable":true,"href":"https:\/\/www.irdin.org.br\/site\/wp-json\/wp\/v2\/product_cat?post=84364"},{"taxonomy":"product_tag","embeddable":true,"href":"https:\/\/www.irdin.org.br\/site\/wp-json\/wp\/v2\/product_tag?post=84364"}],"curies":[{"name":"wp","href":"https:\/\/api.w.org\/{rel}","templated":true}]}}