{"id":84367,"date":"2018-04-26T18:36:58","date_gmt":"2018-04-26T18:36:58","guid":{"rendered":"http:\/\/www.irdin.org.br\/site\/produto\/pontos-de-vista\/"},"modified":"2024-09-23T13:53:06","modified_gmt":"2024-09-23T13:53:06","slug":"pontos-de-vista","status":"publish","type":"product","link":"https:\/\/www.irdin.org.br\/site\/produtos\/pontos-de-vista\/","title":{"rendered":"Pontos de vista"},"content":{"rendered":"<p><em>Cura de doen\u00e7as inexplic\u00e1veis \/ Carma da Ra\u00e7a Negra \/ O papel dos anjos junto \u00e0s almas \/ Estudo dos princ\u00edpios das Comunidades-Luz \/ Rela\u00e7\u00e3o entre os 12 Ap\u00f3stolos e os Discos Solares \/ Espiritualidade africana e afro-brasileira \/ Informa\u00e7\u00f5es sobre o destino dos povos ind\u00edgenas<\/em><\/p>\n<p>&nbsp;<br \/>\n<strong>Ou\u00e7a agora:<\/strong><\/p>\n<p><span data-href=\"https:\/\/www.irdin.org.br\/site\/envios\/audios\/2859_0002__por_por__pontos_de_vista.mp3\" data-title=\"pontos de vista\" data-rel=\"\" data-target=\"\" data-meta=\"#fap-meta-69e284818ddc0\" class=\"fap-single-track fap-track-button fap-play-button\" data-enqueue=\"no\" data-autoenqueue=\"no\" title=\"pontos de vista\"><span class=\"fap-icon-play\"><\/span>Ouvir<\/span> <a href=\"https:\/\/www.irdin.org.br\/site\/envios\/audios\/2859_0002__por_por__pontos_de_vista.mp3\" class=\"baixar\" download><span class=\"fa fa-arrow-down\"><\/span>Baixar<\/span><\/a> <span class=\"textobaixar\"> pontos de vista<\/span><\/p>\n<p>&nbsp;<\/p>\n","protected":false},"excerpt":{"rendered":"<p>Cura de doen\u00e7as inexplic\u00e1veis \/ Carma da Ra\u00e7a Negra \/ O papel dos anjos junto \u00e0s almas \/ Estudo dos<\/p>\n","protected":false},"featured_media":37803,"template":"","meta":{"_acf_changed":false},"product_brand":[],"product_cat":[18076,33068],"product_tag":[42035],"class_list":{"0":"post-84367","1":"product","2":"type-product","3":"status-publish","4":"has-post-thumbnail","6":"product_cat-cddvd","7":"product_cat-palestras","8":"product_tag-42035","9":"pa_autor-trigueirinho","10":"pa_codigo-da-serie-27959","11":"pa_codigo-externo-28590002mulcd","12":"pa_data-de-gravacao-27574","13":"pa_duracao-32min","14":"pa_idioma-de-destino-portugues","15":"pa_idioma-de-origem-portugues","16":"pa_lancamento-no","17":"pa_midia-cd","18":"pa_moac-42034","19":"pa_quantidade-de-saldo-33067","20":"pa_sequencial-da-serie-31878","21":"pa_tipo-de-traducao-nao-classificado","23":"first","24":"outofstock","25":"product-type-simple"},"acf":[],"_links":{"self":[{"href":"https:\/\/www.irdin.org.br\/site\/wp-json\/wp\/v2\/product\/84367","targetHints":{"allow":["GET"]}}],"collection":[{"href":"https:\/\/www.irdin.org.br\/site\/wp-json\/wp\/v2\/product"}],"about":[{"href":"https:\/\/www.irdin.org.br\/site\/wp-json\/wp\/v2\/types\/product"}],"version-history":[{"count":1,"href":"https:\/\/www.irdin.org.br\/site\/wp-json\/wp\/v2\/product\/84367\/revisions"}],"predecessor-version":[{"id":107627,"href":"https:\/\/www.irdin.org.br\/site\/wp-json\/wp\/v2\/product\/84367\/revisions\/107627"}],"wp:featuredmedia":[{"embeddable":true,"href":"https:\/\/www.irdin.org.br\/site\/wp-json\/wp\/v2\/media\/37803"}],"wp:attachment":[{"href":"https:\/\/www.irdin.org.br\/site\/wp-json\/wp\/v2\/media?parent=84367"}],"wp:term":[{"taxonomy":"product_brand","embeddable":true,"href":"https:\/\/www.irdin.org.br\/site\/wp-json\/wp\/v2\/product_brand?post=84367"},{"taxonomy":"product_cat","embeddable":true,"href":"https:\/\/www.irdin.org.br\/site\/wp-json\/wp\/v2\/product_cat?post=84367"},{"taxonomy":"product_tag","embeddable":true,"href":"https:\/\/www.irdin.org.br\/site\/wp-json\/wp\/v2\/product_tag?post=84367"}],"curies":[{"name":"wp","href":"https:\/\/api.w.org\/{rel}","templated":true}]}}