{"id":84370,"date":"2018-04-26T18:36:58","date_gmt":"2018-04-26T18:36:58","guid":{"rendered":"http:\/\/www.irdin.org.br\/site\/produto\/o-chamado-da-paz-e-da-misericordia\/"},"modified":"2024-09-23T13:53:51","modified_gmt":"2024-09-23T13:53:51","slug":"o-chamado-da-paz-e-da-misericordia","status":"publish","type":"product","link":"https:\/\/www.irdin.org.br\/site\/produtos\/o-chamado-da-paz-e-da-misericordia\/","title":{"rendered":"O chamado da Paz e da Miseric\u00f3rdia"},"content":{"rendered":"<p><em>As Gra\u00e7as de Cristo n\u00e3o est\u00e3o sendo consideradas pela humanidade \/ Situa\u00e7\u00f5es que seriam intransform\u00e1veis s\u00e3o resolvidas em um momento \/ Liberar, redimir e transfigurar as almas \/ Confian\u00e7a absoluta que resolve \/ Diferen\u00e7a entre a mente e o cora\u00e7\u00e3o \/ Transpar\u00eancia nos nossos atos<\/em><\/p>\n<p>&nbsp;<br \/>\n<strong>Ou\u00e7a agora:<\/strong><\/p>\n<p><span data-href=\"https:\/\/www.irdin.org.br\/site\/envios\/audios\/2863_0018__por_por__o_chamado_da_paz_e_da_misericordia.mp3\" data-title=\"o chamado da paz e da miseric\u00f3rdia\" data-rel=\"\" data-target=\"\" data-meta=\"#fap-meta-69e284ee1fd6b\" class=\"fap-single-track fap-track-button fap-play-button\" data-enqueue=\"no\" data-autoenqueue=\"no\" title=\"o chamado da paz e da miseric\u00f3rdia\"><span class=\"fap-icon-play\"><\/span>Ouvir<\/span> <a href=\"https:\/\/www.irdin.org.br\/site\/envios\/audios\/2863_0018__por_por__o_chamado_da_paz_e_da_misericordia.mp3\" class=\"baixar\" download><span class=\"fa fa-arrow-down\"><\/span>Baixar<\/span><\/a> <span class=\"textobaixar\"> o chamado da paz e da miseric\u00f3rdia<\/span><\/p>\n<p>&nbsp;<\/p>\n","protected":false},"excerpt":{"rendered":"<p>As Gra\u00e7as de Cristo n\u00e3o est\u00e3o sendo consideradas pela humanidade \/ Situa\u00e7\u00f5es que seriam intransform\u00e1veis s\u00e3o resolvidas em um momento<\/p>\n","protected":false},"featured_media":37803,"template":"","meta":{"_acf_changed":false},"product_brand":[],"product_cat":[18076,33068],"product_tag":[42041],"class_list":{"0":"post-84370","1":"product","2":"type-product","3":"status-publish","4":"has-post-thumbnail","6":"product_cat-cddvd","7":"product_cat-palestras","8":"product_tag-42041","9":"pa_autor-trigueirinho","10":"pa_codigo-da-serie-27986","11":"pa_codigo-externo-28630018porcd","12":"pa_data-de-gravacao-28037","13":"pa_duracao-36-min","14":"pa_idioma-de-destino-portugues","15":"pa_idioma-de-origem-portugues","16":"pa_lancamento-no","17":"pa_midia-cd","18":"pa_moac-42040","19":"pa_quantidade-de-saldo-33067","20":"pa_sequencial-da-serie-31871","21":"pa_tipo-de-traducao-nao-classificado","23":"first","24":"outofstock","25":"product-type-simple"},"acf":[],"_links":{"self":[{"href":"https:\/\/www.irdin.org.br\/site\/wp-json\/wp\/v2\/product\/84370","targetHints":{"allow":["GET"]}}],"collection":[{"href":"https:\/\/www.irdin.org.br\/site\/wp-json\/wp\/v2\/product"}],"about":[{"href":"https:\/\/www.irdin.org.br\/site\/wp-json\/wp\/v2\/types\/product"}],"version-history":[{"count":1,"href":"https:\/\/www.irdin.org.br\/site\/wp-json\/wp\/v2\/product\/84370\/revisions"}],"predecessor-version":[{"id":107630,"href":"https:\/\/www.irdin.org.br\/site\/wp-json\/wp\/v2\/product\/84370\/revisions\/107630"}],"wp:featuredmedia":[{"embeddable":true,"href":"https:\/\/www.irdin.org.br\/site\/wp-json\/wp\/v2\/media\/37803"}],"wp:attachment":[{"href":"https:\/\/www.irdin.org.br\/site\/wp-json\/wp\/v2\/media?parent=84370"}],"wp:term":[{"taxonomy":"product_brand","embeddable":true,"href":"https:\/\/www.irdin.org.br\/site\/wp-json\/wp\/v2\/product_brand?post=84370"},{"taxonomy":"product_cat","embeddable":true,"href":"https:\/\/www.irdin.org.br\/site\/wp-json\/wp\/v2\/product_cat?post=84370"},{"taxonomy":"product_tag","embeddable":true,"href":"https:\/\/www.irdin.org.br\/site\/wp-json\/wp\/v2\/product_tag?post=84370"}],"curies":[{"name":"wp","href":"https:\/\/api.w.org\/{rel}","templated":true}]}}