{"id":84377,"date":"2018-04-26T18:36:58","date_gmt":"2018-04-26T18:36:58","guid":{"rendered":"http:\/\/www.irdin.org.br\/site\/produto\/uma-visao-espiritual-dos-reinos-da-natureza\/"},"modified":"2024-09-23T13:54:56","modified_gmt":"2024-09-23T13:54:56","slug":"uma-visao-espiritual-dos-reinos-da-natureza","status":"publish","type":"product","link":"https:\/\/www.irdin.org.br\/site\/produtos\/uma-visao-espiritual-dos-reinos-da-natureza\/","title":{"rendered":"Uma vis\u00e3o espiritual dos Reinos da Natureza"},"content":{"rendered":"<p><em>Ind\u00edgenas que, desencarnados, aperfei\u00e7oaram-se e tornaram-se Instrutores \/ Que \u00e9 a Natureza e os seus Reinos \/ Vis\u00e3o adequada dos Reinos \/ Quando a energia espiritual flui sobre n\u00f3s \/ Luminesc\u00eancia do fogo c\u00f3smico<\/em><\/p>\n<p>&nbsp;<br \/>\n<strong>Ou\u00e7a agora:<\/strong><\/p>\n<p><span data-href=\"https:\/\/www.irdin.org.br\/site\/envios\/audios\/2864_0006__por_por__uma_visao_espiritual_dos_reinos_da_natureza.mp3\" data-title=\"uma vis\u00e3o espiritual dos reinos da natureza\" data-rel=\"\" data-target=\"\" data-meta=\"#fap-meta-6a005b877f5c3\" class=\"fap-single-track fap-track-button fap-play-button\" data-enqueue=\"no\" data-autoenqueue=\"no\" title=\"uma vis\u00e3o espiritual dos reinos da natureza\"><span class=\"fap-icon-play\"><\/span>Ouvir<\/span> <a href=\"https:\/\/www.irdin.org.br\/site\/envios\/audios\/2864_0006__por_por__uma_visao_espiritual_dos_reinos_da_natureza.mp3\" class=\"baixar\" download><span class=\"fa fa-arrow-down\"><\/span>Baixar<\/span><\/a> <span class=\"textobaixar\"> uma vis\u00e3o espiritual dos reinos da natureza<\/span><\/p>\n<p>&nbsp;<\/p>\n","protected":false},"excerpt":{"rendered":"<p>Ind\u00edgenas que, desencarnados, aperfei\u00e7oaram-se e tornaram-se Instrutores \/ Que \u00e9 a Natureza e os seus Reinos \/ Vis\u00e3o adequada dos<\/p>\n","protected":false},"featured_media":37803,"template":"","meta":{"_acf_changed":false},"product_brand":[],"product_cat":[18076,33068],"product_tag":[42055],"class_list":{"0":"post-84377","1":"product","2":"type-product","3":"status-publish","4":"has-post-thumbnail","6":"product_cat-cddvd","7":"product_cat-palestras","8":"product_tag-42055","9":"pa_autor-trigueirinho","10":"pa_codigo-da-serie-28077","11":"pa_codigo-externo-28640006porcd","12":"pa_data-de-gravacao-28092","13":"pa_duracao-59min","14":"pa_idioma-de-destino-portugues","15":"pa_idioma-de-origem-portugues","16":"pa_lancamento-no","17":"pa_midia-cd","18":"pa_moac-42054","19":"pa_quantidade-de-saldo-33067","20":"pa_sequencial-da-serie-31882","21":"pa_tipo-de-traducao-nao-classificado","23":"first","24":"outofstock","25":"product-type-simple"},"acf":[],"_links":{"self":[{"href":"https:\/\/www.irdin.org.br\/site\/wp-json\/wp\/v2\/product\/84377","targetHints":{"allow":["GET"]}}],"collection":[{"href":"https:\/\/www.irdin.org.br\/site\/wp-json\/wp\/v2\/product"}],"about":[{"href":"https:\/\/www.irdin.org.br\/site\/wp-json\/wp\/v2\/types\/product"}],"version-history":[{"count":1,"href":"https:\/\/www.irdin.org.br\/site\/wp-json\/wp\/v2\/product\/84377\/revisions"}],"predecessor-version":[{"id":107637,"href":"https:\/\/www.irdin.org.br\/site\/wp-json\/wp\/v2\/product\/84377\/revisions\/107637"}],"wp:featuredmedia":[{"embeddable":true,"href":"https:\/\/www.irdin.org.br\/site\/wp-json\/wp\/v2\/media\/37803"}],"wp:attachment":[{"href":"https:\/\/www.irdin.org.br\/site\/wp-json\/wp\/v2\/media?parent=84377"}],"wp:term":[{"taxonomy":"product_brand","embeddable":true,"href":"https:\/\/www.irdin.org.br\/site\/wp-json\/wp\/v2\/product_brand?post=84377"},{"taxonomy":"product_cat","embeddable":true,"href":"https:\/\/www.irdin.org.br\/site\/wp-json\/wp\/v2\/product_cat?post=84377"},{"taxonomy":"product_tag","embeddable":true,"href":"https:\/\/www.irdin.org.br\/site\/wp-json\/wp\/v2\/product_tag?post=84377"}],"curies":[{"name":"wp","href":"https:\/\/api.w.org\/{rel}","templated":true}]}}