{"id":84379,"date":"2018-04-26T18:37:20","date_gmt":"2018-04-26T18:37:20","guid":{"rendered":"http:\/\/www.irdin.org.br\/site\/produto\/encontro-com-o-deva-de-uma-arvore\/"},"modified":"2024-09-23T13:48:36","modified_gmt":"2024-09-23T13:48:36","slug":"encontro-com-o-deva-de-uma-arvore","status":"publish","type":"product","link":"https:\/\/www.irdin.org.br\/site\/produtos\/encontro-com-o-deva-de-uma-arvore\/","title":{"rendered":"Encontro com o deva de uma \u00e1rvore"},"content":{"rendered":"<p><em>Experi\u00eancia que mostra o quanto seria valioso um contato frequente com os esp\u00edritos construtores que servem \u00e0 Natureza e que nos inspiram a assumirmos um papel mais adequado dentro do Plano Evolutivo.<\/em><\/p>\n<p>&nbsp;<br \/>\n<strong>Ou\u00e7a agora:<\/strong><\/p>\n<p><span data-href=\"https:\/\/www.irdin.org.br\/site\/envios\/audios\/2864_0008__por_por__encontro_com_o_deva_de_uma_arvore.mp3\" data-title=\"encontro com o deva de uma \u00e1rvore\" data-rel=\"\" data-target=\"\" data-meta=\"#fap-meta-6a007d3784be1\" class=\"fap-single-track fap-track-button fap-play-button\" data-enqueue=\"no\" data-autoenqueue=\"no\" title=\"encontro com o deva de uma \u00e1rvore\"><span class=\"fap-icon-play\"><\/span>Ouvir<\/span> <a href=\"https:\/\/www.irdin.org.br\/site\/envios\/audios\/2864_0008__por_por__encontro_com_o_deva_de_uma_arvore.mp3\" class=\"baixar\" download><span class=\"fa fa-arrow-down\"><\/span>Baixar<\/span><\/a> <span class=\"textobaixar\"> encontro com o deva de uma \u00e1rvore<\/span><\/p>\n<p>&nbsp;<\/p>\n","protected":false},"excerpt":{"rendered":"<p>Experi\u00eancia que mostra o quanto seria valioso um contato frequente com os esp\u00edritos construtores que servem \u00e0 Natureza e que<\/p>\n","protected":false},"featured_media":37803,"template":"","meta":{"_acf_changed":false},"product_brand":[],"product_cat":[18076,33068],"product_tag":[42059],"class_list":{"0":"post-84379","1":"product","2":"type-product","3":"status-publish","4":"has-post-thumbnail","6":"product_cat-cddvd","7":"product_cat-palestras","8":"product_tag-42059","9":"pa_autor-trigueirinho","10":"pa_codigo-da-serie-28077","11":"pa_codigo-externo-28640008porcd","12":"pa_data-de-gravacao-28099","13":"pa_duracao-36min","14":"pa_idioma-de-destino-portugues","15":"pa_idioma-de-origem-portugues","16":"pa_lancamento-no","17":"pa_midia-cd","18":"pa_moac-42058","19":"pa_quantidade-de-saldo-33067","20":"pa_sequencial-da-serie-31888","21":"pa_tipo-de-traducao-nao-classificado","23":"first","24":"outofstock","25":"product-type-simple"},"acf":[],"_links":{"self":[{"href":"https:\/\/www.irdin.org.br\/site\/wp-json\/wp\/v2\/product\/84379","targetHints":{"allow":["GET"]}}],"collection":[{"href":"https:\/\/www.irdin.org.br\/site\/wp-json\/wp\/v2\/product"}],"about":[{"href":"https:\/\/www.irdin.org.br\/site\/wp-json\/wp\/v2\/types\/product"}],"version-history":[{"count":1,"href":"https:\/\/www.irdin.org.br\/site\/wp-json\/wp\/v2\/product\/84379\/revisions"}],"predecessor-version":[{"id":107608,"href":"https:\/\/www.irdin.org.br\/site\/wp-json\/wp\/v2\/product\/84379\/revisions\/107608"}],"wp:featuredmedia":[{"embeddable":true,"href":"https:\/\/www.irdin.org.br\/site\/wp-json\/wp\/v2\/media\/37803"}],"wp:attachment":[{"href":"https:\/\/www.irdin.org.br\/site\/wp-json\/wp\/v2\/media?parent=84379"}],"wp:term":[{"taxonomy":"product_brand","embeddable":true,"href":"https:\/\/www.irdin.org.br\/site\/wp-json\/wp\/v2\/product_brand?post=84379"},{"taxonomy":"product_cat","embeddable":true,"href":"https:\/\/www.irdin.org.br\/site\/wp-json\/wp\/v2\/product_cat?post=84379"},{"taxonomy":"product_tag","embeddable":true,"href":"https:\/\/www.irdin.org.br\/site\/wp-json\/wp\/v2\/product_tag?post=84379"}],"curies":[{"name":"wp","href":"https:\/\/api.w.org\/{rel}","templated":true}]}}