{"id":84380,"date":"2018-04-26T18:37:20","date_gmt":"2018-04-26T18:37:20","guid":{"rendered":"http:\/\/www.irdin.org.br\/site\/produto\/chamados-de-socorro\/"},"modified":"2024-09-23T13:50:53","modified_gmt":"2024-09-23T13:50:53","slug":"chamados-de-socorro","status":"publish","type":"product","link":"https:\/\/www.irdin.org.br\/site\/produtos\/chamados-de-socorro\/","title":{"rendered":"Chamados de socorro"},"content":{"rendered":"<p><em>Aprender a obedecer \u00e0s pautas da Hierarquia \/ O cora\u00e7\u00e3o como sede da alma \/ Instru\u00e7\u00e3o de Mishuk no livro Consci\u00eancias e Hierarquias\u00b4 \/ Os Reinos da Natureza, a situa\u00e7\u00e3o planet\u00e1ria e a for\u00e7a da ora\u00e7\u00e3o                                                                                                                                                                                                                                                                                                                                                                                                                                                                                                                                                                                                                                                                                                                                                                                                                                                                                                                                                                                                                                                                                                                                                                                                                                                                                                                                                                                                                                                                                                                                                                                                                                                                                                                                                                                                                                                                                                                                                                                                                                                                                                                                                                                                                                                                                                                                                                                                                                                                                                                                                                                                                                                                                                                                                                                                                                                                                                                                                                                                                                                                                                                                                                                                                                                                                                                                                                                                                                                                                                                                                                                                                                                                                                                                                                                                                                                                                                                                                                                                                                                                                                                                                             \u00b4<\/em><\/p>\n<p>&nbsp;<br \/>\n<strong>Ou\u00e7a agora:<\/strong><\/p>\n<p><span data-href=\"https:\/\/www.irdin.org.br\/site\/envios\/audios\/2864_0009__por_por__chamados_de_socorro.mp3\" data-title=\"chamados de socorro\" data-rel=\"\" data-target=\"\" data-meta=\"#fap-meta-69fe47d0d2660\" class=\"fap-single-track fap-track-button fap-play-button\" data-enqueue=\"no\" data-autoenqueue=\"no\" title=\"chamados de socorro\"><span class=\"fap-icon-play\"><\/span>Ouvir<\/span> <a href=\"https:\/\/www.irdin.org.br\/site\/envios\/audios\/2864_0009__por_por__chamados_de_socorro.mp3\" class=\"baixar\" download><span class=\"fa fa-arrow-down\"><\/span>Baixar<\/span><\/a> <span class=\"textobaixar\"> chamados de socorro<\/span><\/p>\n<p>&nbsp;<\/p>\n","protected":false},"excerpt":{"rendered":"<p>Aprender a obedecer \u00e0s pautas da Hierarquia \/ O cora\u00e7\u00e3o como sede da alma \/ Instru\u00e7\u00e3o de Mishuk no livro<\/p>\n","protected":false},"featured_media":37803,"template":"","meta":{"_acf_changed":false},"product_brand":[],"product_cat":[18076,33068],"product_tag":[42061],"class_list":{"0":"post-84380","1":"product","2":"type-product","3":"status-publish","4":"has-post-thumbnail","6":"product_cat-cddvd","7":"product_cat-palestras","8":"product_tag-42061","9":"pa_autor-trigueirinho","10":"pa_codigo-da-serie-28077","11":"pa_codigo-externo-28640009porcd","12":"pa_data-de-gravacao-28102","13":"pa_duracao-50min","14":"pa_idioma-de-destino-portugues","15":"pa_idioma-de-origem-portugues","16":"pa_lancamento-no","17":"pa_midia-cd","18":"pa_moac-42060","19":"pa_quantidade-de-saldo-33067","20":"pa_sequencial-da-serie-31889","21":"pa_tipo-de-traducao-nao-classificado","23":"first","24":"outofstock","25":"product-type-simple"},"acf":[],"_links":{"self":[{"href":"https:\/\/www.irdin.org.br\/site\/wp-json\/wp\/v2\/product\/84380","targetHints":{"allow":["GET"]}}],"collection":[{"href":"https:\/\/www.irdin.org.br\/site\/wp-json\/wp\/v2\/product"}],"about":[{"href":"https:\/\/www.irdin.org.br\/site\/wp-json\/wp\/v2\/types\/product"}],"version-history":[{"count":1,"href":"https:\/\/www.irdin.org.br\/site\/wp-json\/wp\/v2\/product\/84380\/revisions"}],"predecessor-version":[{"id":107615,"href":"https:\/\/www.irdin.org.br\/site\/wp-json\/wp\/v2\/product\/84380\/revisions\/107615"}],"wp:featuredmedia":[{"embeddable":true,"href":"https:\/\/www.irdin.org.br\/site\/wp-json\/wp\/v2\/media\/37803"}],"wp:attachment":[{"href":"https:\/\/www.irdin.org.br\/site\/wp-json\/wp\/v2\/media?parent=84380"}],"wp:term":[{"taxonomy":"product_brand","embeddable":true,"href":"https:\/\/www.irdin.org.br\/site\/wp-json\/wp\/v2\/product_brand?post=84380"},{"taxonomy":"product_cat","embeddable":true,"href":"https:\/\/www.irdin.org.br\/site\/wp-json\/wp\/v2\/product_cat?post=84380"},{"taxonomy":"product_tag","embeddable":true,"href":"https:\/\/www.irdin.org.br\/site\/wp-json\/wp\/v2\/product_tag?post=84380"}],"curies":[{"name":"wp","href":"https:\/\/api.w.org\/{rel}","templated":true}]}}