{"id":84383,"date":"2018-04-26T18:37:20","date_gmt":"2018-04-26T18:37:20","guid":{"rendered":"http:\/\/www.irdin.org.br\/site\/produto\/moleculas-divinas-em-nossa-consciencia\/"},"modified":"2024-09-23T13:50:27","modified_gmt":"2024-09-23T13:50:27","slug":"moleculas-divinas-em-nossa-consciencia","status":"publish","type":"product","link":"https:\/\/www.irdin.org.br\/site\/produtos\/moleculas-divinas-em-nossa-consciencia\/","title":{"rendered":"Mol\u00e9culas Divinas em nossa consci\u00eancia"},"content":{"rendered":"<p><em>Um encontro com Maria, a M\u00e3e Universal, que revela o mist\u00e9rio da nossa reden\u00e7\u00e3o \/ De onde prov\u00e9m a salva\u00e7\u00e3o de que toda a alma necessita \/ A possibilidade de reconhecermos a ci\u00eancia c\u00f3smica e a paci\u00eancia sideral \/ Estudo da apari\u00e7\u00e3o da Virgem no dia 1\u00ba de julho de 2014<\/em><\/p>\n<p>&nbsp;<br \/>\n<strong>Ou\u00e7a agora:<\/strong><\/p>\n<p><span data-href=\"https:\/\/www.irdin.org.br\/site\/envios\/audios\/2864_0012__por_por__moleculas_divinas_em_nossa_consciencia.mp3\" data-title=\"mol\u00e9culas divinas em nossa consci\u00eancia\" data-rel=\"\" data-target=\"\" data-meta=\"#fap-meta-69ff5cb375142\" class=\"fap-single-track fap-track-button fap-play-button\" data-enqueue=\"no\" data-autoenqueue=\"no\" title=\"mol\u00e9culas divinas em nossa consci\u00eancia\"><span class=\"fap-icon-play\"><\/span>Ouvir<\/span> <a href=\"https:\/\/www.irdin.org.br\/site\/envios\/audios\/2864_0012__por_por__moleculas_divinas_em_nossa_consciencia.mp3\" class=\"baixar\" download><span class=\"fa fa-arrow-down\"><\/span>Baixar<\/span><\/a> <span class=\"textobaixar\"> mol\u00e9culas divinas em nossa consci\u00eancia<\/span><\/p>\n<p>&nbsp;<\/p>\n","protected":false},"excerpt":{"rendered":"<p>Um encontro com Maria, a M\u00e3e Universal, que revela o mist\u00e9rio da nossa reden\u00e7\u00e3o \/ De onde prov\u00e9m a salva\u00e7\u00e3o<\/p>\n","protected":false},"featured_media":37803,"template":"","meta":{"_acf_changed":false},"product_brand":[],"product_cat":[18076,33068],"product_tag":[42067],"class_list":{"0":"post-84383","1":"product","2":"type-product","3":"status-publish","4":"has-post-thumbnail","6":"product_cat-cddvd","7":"product_cat-palestras","8":"product_tag-42067","9":"pa_autor-trigueirinho","10":"pa_codigo-da-serie-28077","11":"pa_codigo-externo-28640012porcd","12":"pa_data-de-gravacao-28112","13":"pa_duracao-67min","14":"pa_idioma-de-destino-portugues","15":"pa_idioma-de-origem-portugues","16":"pa_lancamento-no","17":"pa_midia-cd","18":"pa_moac-42066","19":"pa_quantidade-de-saldo-33067","20":"pa_sequencial-da-serie-31892","21":"pa_tipo-de-traducao-nao-classificado","23":"first","24":"outofstock","25":"product-type-simple"},"acf":[],"_links":{"self":[{"href":"https:\/\/www.irdin.org.br\/site\/wp-json\/wp\/v2\/product\/84383","targetHints":{"allow":["GET"]}}],"collection":[{"href":"https:\/\/www.irdin.org.br\/site\/wp-json\/wp\/v2\/product"}],"about":[{"href":"https:\/\/www.irdin.org.br\/site\/wp-json\/wp\/v2\/types\/product"}],"version-history":[{"count":1,"href":"https:\/\/www.irdin.org.br\/site\/wp-json\/wp\/v2\/product\/84383\/revisions"}],"predecessor-version":[{"id":107612,"href":"https:\/\/www.irdin.org.br\/site\/wp-json\/wp\/v2\/product\/84383\/revisions\/107612"}],"wp:featuredmedia":[{"embeddable":true,"href":"https:\/\/www.irdin.org.br\/site\/wp-json\/wp\/v2\/media\/37803"}],"wp:attachment":[{"href":"https:\/\/www.irdin.org.br\/site\/wp-json\/wp\/v2\/media?parent=84383"}],"wp:term":[{"taxonomy":"product_brand","embeddable":true,"href":"https:\/\/www.irdin.org.br\/site\/wp-json\/wp\/v2\/product_brand?post=84383"},{"taxonomy":"product_cat","embeddable":true,"href":"https:\/\/www.irdin.org.br\/site\/wp-json\/wp\/v2\/product_cat?post=84383"},{"taxonomy":"product_tag","embeddable":true,"href":"https:\/\/www.irdin.org.br\/site\/wp-json\/wp\/v2\/product_tag?post=84383"}],"curies":[{"name":"wp","href":"https:\/\/api.w.org\/{rel}","templated":true}]}}