{"id":84388,"date":"2018-04-26T18:37:20","date_gmt":"2018-04-26T18:37:20","guid":{"rendered":"http:\/\/www.irdin.org.br\/site\/produto\/vamos-despertar\/"},"modified":"2024-09-23T13:51:17","modified_gmt":"2024-09-23T13:51:17","slug":"vamos-despertar","status":"publish","type":"product","link":"https:\/\/www.irdin.org.br\/site\/produtos\/vamos-despertar\/","title":{"rendered":"Vamos despertar?"},"content":{"rendered":"<p><em>Sinais para uma evolu\u00e7\u00e3o superior \/ Eleva\u00e7\u00e3o das energias capitais, o trabalho da vida \/ Uma nova irmandade com os reinos da natureza \/ Desenvolvimento tecnol\u00f3gico visto como atraso \/ Ci\u00eancia separada do esp\u00edrito \/ Revela\u00e7\u00f5es de Antuakh sobre chaves que ser\u00e3o conhecidas na Terra futura \/ Transmiss\u00e3o da Hierarquia em 14\/7\/2015<\/em><\/p>\n<p>&nbsp;<br \/>\n<strong>Ou\u00e7a agora:<\/strong><\/p>\n<p><span data-href=\"https:\/\/www.irdin.org.br\/site\/envios\/audios\/2864_0017__por_por__vamos_despertar.mp3\" data-title=\"vamos despertar?\" data-rel=\"\" data-target=\"\" data-meta=\"#fap-meta-69e4937e0b420\" class=\"fap-single-track fap-track-button fap-play-button\" data-enqueue=\"no\" data-autoenqueue=\"no\" title=\"vamos despertar?\"><span class=\"fap-icon-play\"><\/span>Ouvir<\/span> <a href=\"https:\/\/www.irdin.org.br\/site\/envios\/audios\/2864_0017__por_por__vamos_despertar.mp3\" class=\"baixar\" download><span class=\"fa fa-arrow-down\"><\/span>Baixar<\/span><\/a> <span class=\"textobaixar\"> vamos despertar?<\/span><\/p>\n<p>&nbsp;<\/p>\n","protected":false},"excerpt":{"rendered":"<p>Sinais para uma evolu\u00e7\u00e3o superior \/ Eleva\u00e7\u00e3o das energias capitais, o trabalho da vida \/ Uma nova irmandade com os<\/p>\n","protected":false},"featured_media":37803,"template":"","meta":{"_acf_changed":false},"product_brand":[],"product_cat":[18076,33068],"product_tag":[42077],"class_list":{"0":"post-84388","1":"product","2":"type-product","3":"status-publish","4":"has-post-thumbnail","6":"product_cat-cddvd","7":"product_cat-palestras","8":"product_tag-42077","9":"pa_autor-trigueirinho","10":"pa_codigo-da-serie-28077","11":"pa_codigo-externo-28640017porcd","12":"pa_data-de-gravacao-28127","13":"pa_duracao-62-min","14":"pa_idioma-de-destino-portugues","15":"pa_idioma-de-origem-portugues","16":"pa_lancamento-no","17":"pa_midia-cd","18":"pa_moac-42076","19":"pa_quantidade-de-saldo-33067","20":"pa_sequencial-da-serie-31870","21":"pa_tipo-de-traducao-nao-classificado","23":"first","24":"outofstock","25":"product-type-simple"},"acf":[],"_links":{"self":[{"href":"https:\/\/www.irdin.org.br\/site\/wp-json\/wp\/v2\/product\/84388","targetHints":{"allow":["GET"]}}],"collection":[{"href":"https:\/\/www.irdin.org.br\/site\/wp-json\/wp\/v2\/product"}],"about":[{"href":"https:\/\/www.irdin.org.br\/site\/wp-json\/wp\/v2\/types\/product"}],"version-history":[{"count":1,"href":"https:\/\/www.irdin.org.br\/site\/wp-json\/wp\/v2\/product\/84388\/revisions"}],"predecessor-version":[{"id":107617,"href":"https:\/\/www.irdin.org.br\/site\/wp-json\/wp\/v2\/product\/84388\/revisions\/107617"}],"wp:featuredmedia":[{"embeddable":true,"href":"https:\/\/www.irdin.org.br\/site\/wp-json\/wp\/v2\/media\/37803"}],"wp:attachment":[{"href":"https:\/\/www.irdin.org.br\/site\/wp-json\/wp\/v2\/media?parent=84388"}],"wp:term":[{"taxonomy":"product_brand","embeddable":true,"href":"https:\/\/www.irdin.org.br\/site\/wp-json\/wp\/v2\/product_brand?post=84388"},{"taxonomy":"product_cat","embeddable":true,"href":"https:\/\/www.irdin.org.br\/site\/wp-json\/wp\/v2\/product_cat?post=84388"},{"taxonomy":"product_tag","embeddable":true,"href":"https:\/\/www.irdin.org.br\/site\/wp-json\/wp\/v2\/product_tag?post=84388"}],"curies":[{"name":"wp","href":"https:\/\/api.w.org\/{rel}","templated":true}]}}