{"id":84390,"date":"2018-04-26T18:37:20","date_gmt":"2018-04-26T18:37:20","guid":{"rendered":"http:\/\/www.irdin.org.br\/site\/produto\/recuperacao-do-que-parece-perdido\/"},"modified":"2024-09-23T13:51:32","modified_gmt":"2024-09-23T13:51:32","slug":"recuperacao-do-que-parece-perdido","status":"publish","type":"product","link":"https:\/\/www.irdin.org.br\/site\/produtos\/recuperacao-do-que-parece-perdido\/","title":{"rendered":"Recupera\u00e7\u00e3o do que parece perdido"},"content":{"rendered":"<p><em>Os mission\u00e1rios de S\u00e3o Jos\u00e9 em a\u00e7\u00e3o interna e externa nas trag\u00e9dias do Oriente M\u00e9dio e entre os ind\u00edgenas da Argentina \/ Revers\u00e3o do carma humano diante de um colapso ps\u00edquico coletivo \/ A miss\u00e3o que preserva princ\u00edpios divinos \/ Devemos unirmo-nos ao processo planet\u00e1rio de purifica\u00e7\u00e3o e jamais rejeit\u00e1-lo \/ O medo \/ S\u00e3o Jos\u00e9 nesses acontecimentos<\/em><\/p>\n<p>&nbsp;<br \/>\n<strong>Ou\u00e7a agora:<\/strong><\/p>\n<p><span data-href=\"https:\/\/www.irdin.org.br\/site\/envios\/audios\/2864_0019__por_por__recuperacao_do_que_parece_perdido.mp3\" data-title=\"recupera\u00e7\u00e3o do que parece perdido\" data-rel=\"\" data-target=\"\" data-meta=\"#fap-meta-6a0508c205e6a\" class=\"fap-single-track fap-track-button fap-play-button\" data-enqueue=\"no\" data-autoenqueue=\"no\" title=\"recupera\u00e7\u00e3o do que parece perdido\"><span class=\"fap-icon-play\"><\/span>Ouvir<\/span> <a href=\"https:\/\/www.irdin.org.br\/site\/envios\/audios\/2864_0019__por_por__recuperacao_do_que_parece_perdido.mp3\" class=\"baixar\" download><span class=\"fa fa-arrow-down\"><\/span>Baixar<\/span><\/a> <span class=\"textobaixar\"> recupera\u00e7\u00e3o do que parece perdido<\/span><\/p>\n<p>&nbsp;<\/p>\n","protected":false},"excerpt":{"rendered":"<p>Os mission\u00e1rios de S\u00e3o Jos\u00e9 em a\u00e7\u00e3o interna e externa nas trag\u00e9dias do Oriente M\u00e9dio e entre os ind\u00edgenas da<\/p>\n","protected":false},"featured_media":37803,"template":"","meta":{"_acf_changed":false},"product_brand":[],"product_cat":[18076,33068],"product_tag":[42081],"class_list":{"0":"post-84390","1":"product","2":"type-product","3":"status-publish","4":"has-post-thumbnail","6":"product_cat-cddvd","7":"product_cat-palestras","8":"product_tag-42081","9":"pa_autor-trigueirinho","10":"pa_codigo-da-serie-28077","11":"pa_codigo-externo-28640019porcd","12":"pa_data-de-gravacao-28133","13":"pa_duracao-47-min","14":"pa_idioma-de-destino-portugues","15":"pa_idioma-de-origem-portugues","16":"pa_lancamento-no","17":"pa_midia-cd","18":"pa_moac-42080","19":"pa_quantidade-de-saldo-33067","20":"pa_sequencial-da-serie-31872","21":"pa_tipo-de-traducao-nao-classificado","23":"first","24":"outofstock","25":"product-type-simple"},"acf":[],"_links":{"self":[{"href":"https:\/\/www.irdin.org.br\/site\/wp-json\/wp\/v2\/product\/84390","targetHints":{"allow":["GET"]}}],"collection":[{"href":"https:\/\/www.irdin.org.br\/site\/wp-json\/wp\/v2\/product"}],"about":[{"href":"https:\/\/www.irdin.org.br\/site\/wp-json\/wp\/v2\/types\/product"}],"version-history":[{"count":1,"href":"https:\/\/www.irdin.org.br\/site\/wp-json\/wp\/v2\/product\/84390\/revisions"}],"predecessor-version":[{"id":107619,"href":"https:\/\/www.irdin.org.br\/site\/wp-json\/wp\/v2\/product\/84390\/revisions\/107619"}],"wp:featuredmedia":[{"embeddable":true,"href":"https:\/\/www.irdin.org.br\/site\/wp-json\/wp\/v2\/media\/37803"}],"wp:attachment":[{"href":"https:\/\/www.irdin.org.br\/site\/wp-json\/wp\/v2\/media?parent=84390"}],"wp:term":[{"taxonomy":"product_brand","embeddable":true,"href":"https:\/\/www.irdin.org.br\/site\/wp-json\/wp\/v2\/product_brand?post=84390"},{"taxonomy":"product_cat","embeddable":true,"href":"https:\/\/www.irdin.org.br\/site\/wp-json\/wp\/v2\/product_cat?post=84390"},{"taxonomy":"product_tag","embeddable":true,"href":"https:\/\/www.irdin.org.br\/site\/wp-json\/wp\/v2\/product_tag?post=84390"}],"curies":[{"name":"wp","href":"https:\/\/api.w.org\/{rel}","templated":true}]}}