{"id":84399,"date":"2018-04-26T18:37:42","date_gmt":"2018-04-26T18:37:42","guid":{"rendered":"http:\/\/www.irdin.org.br\/site\/produto\/a-revolucao-de-sao-jose\/"},"modified":"2024-09-23T13:36:07","modified_gmt":"2024-09-23T13:36:07","slug":"a-revolucao-de-sao-jose","status":"publish","type":"product","link":"https:\/\/www.irdin.org.br\/site\/produtos\/a-revolucao-de-sao-jose\/","title":{"rendered":"A revolu\u00e7\u00e3o de S\u00e3o Jos\u00e9"},"content":{"rendered":"<p><em>Os santos e o equil\u00edbrio planet\u00e1rio \/ O governo das for\u00e7as c\u00f3smicas no planeta \/ Necessidade de mudarmos nosso ponto de vista \/ Palavras que nos preparam para o Apocalipse e o Armagedom \/ Buscar a perfei\u00e7\u00e3o de todas as almas e n\u00e3o s\u00f3 da pr\u00f3pria \/ Os novos rumos para o amor \/ Mensagens de S\u00e3o Jos\u00e9 de 19 e 20 de setembro de 2015<\/em><\/p>\n<p>&nbsp;<br \/>\n<strong>Ou\u00e7a agora:<\/strong><\/p>\n<p><span data-href=\"https:\/\/www.irdin.org.br\/site\/envios\/audios\/2867_0012__por_por__a_revolucao_de_sao_jose.mp3\" data-title=\"a revolu\u00e7\u00e3o de s\u00e3o jos\u00e9\" data-rel=\"\" data-target=\"\" data-meta=\"#fap-meta-6a03b3682f67c\" class=\"fap-single-track fap-track-button fap-play-button\" data-enqueue=\"no\" data-autoenqueue=\"no\" title=\"a revolu\u00e7\u00e3o de s\u00e3o jos\u00e9\"><span class=\"fap-icon-play\"><\/span>Ouvir<\/span> <a href=\"https:\/\/www.irdin.org.br\/site\/envios\/audios\/2867_0012__por_por__a_revolucao_de_sao_jose.mp3\" class=\"baixar\" download><span class=\"fa fa-arrow-down\"><\/span>Baixar<\/span><\/a> <span class=\"textobaixar\"> a revolu\u00e7\u00e3o de s\u00e3o jos\u00e9<\/span><\/p>\n<p>&nbsp;<\/p>\n","protected":false},"excerpt":{"rendered":"<p>Os santos e o equil\u00edbrio planet\u00e1rio \/ O governo das for\u00e7as c\u00f3smicas no planeta \/ Necessidade de mudarmos nosso ponto<\/p>\n","protected":false},"featured_media":37803,"template":"","meta":{"_acf_changed":false},"product_brand":[],"product_cat":[18076,33068],"product_tag":[42099],"class_list":{"0":"post-84399","1":"product","2":"type-product","3":"status-publish","4":"has-post-thumbnail","6":"product_cat-cddvd","7":"product_cat-palestras","8":"product_tag-42099","9":"pa_autor-trigueirinho","10":"pa_codigo-da-serie-28166","11":"pa_codigo-externo-28670012porcd","12":"pa_data-de-gravacao-28199","13":"pa_duracao-44-min","14":"pa_idioma-de-destino-portugues","15":"pa_idioma-de-origem-portugues","16":"pa_lancamento-no","17":"pa_midia-cd","18":"pa_moac-42098","19":"pa_quantidade-de-saldo-33067","20":"pa_sequencial-da-serie-31892","21":"pa_tipo-de-traducao-nao-classificado","23":"first","24":"outofstock","25":"product-type-simple"},"acf":[],"_links":{"self":[{"href":"https:\/\/www.irdin.org.br\/site\/wp-json\/wp\/v2\/product\/84399","targetHints":{"allow":["GET"]}}],"collection":[{"href":"https:\/\/www.irdin.org.br\/site\/wp-json\/wp\/v2\/product"}],"about":[{"href":"https:\/\/www.irdin.org.br\/site\/wp-json\/wp\/v2\/types\/product"}],"version-history":[{"count":1,"href":"https:\/\/www.irdin.org.br\/site\/wp-json\/wp\/v2\/product\/84399\/revisions"}],"predecessor-version":[{"id":107589,"href":"https:\/\/www.irdin.org.br\/site\/wp-json\/wp\/v2\/product\/84399\/revisions\/107589"}],"wp:featuredmedia":[{"embeddable":true,"href":"https:\/\/www.irdin.org.br\/site\/wp-json\/wp\/v2\/media\/37803"}],"wp:attachment":[{"href":"https:\/\/www.irdin.org.br\/site\/wp-json\/wp\/v2\/media?parent=84399"}],"wp:term":[{"taxonomy":"product_brand","embeddable":true,"href":"https:\/\/www.irdin.org.br\/site\/wp-json\/wp\/v2\/product_brand?post=84399"},{"taxonomy":"product_cat","embeddable":true,"href":"https:\/\/www.irdin.org.br\/site\/wp-json\/wp\/v2\/product_cat?post=84399"},{"taxonomy":"product_tag","embeddable":true,"href":"https:\/\/www.irdin.org.br\/site\/wp-json\/wp\/v2\/product_tag?post=84399"}],"curies":[{"name":"wp","href":"https:\/\/api.w.org\/{rel}","templated":true}]}}