{"id":84402,"date":"2018-04-26T18:37:42","date_gmt":"2018-04-26T18:37:42","guid":{"rendered":"http:\/\/www.irdin.org.br\/site\/produto\/questoes-destes-tempos\/"},"modified":"2024-09-23T13:36:18","modified_gmt":"2024-09-23T13:36:18","slug":"questoes-destes-tempos","status":"publish","type":"product","link":"https:\/\/www.irdin.org.br\/site\/produtos\/questoes-destes-tempos\/","title":{"rendered":"Quest\u00f5es destes tempos"},"content":{"rendered":"<p><em>Uma regi\u00e3o da consci\u00eancia denominada limbo\u00b4 \/ Sobre os Templ\u00e1rios \/ A f\u00e9 inabal\u00e1vel \/ Lidar com as resist\u00eancias dentro de si \/ \u00daltimo chamado de Maria e Cristo \/ Quem s\u00e3o as ovelhas de Cristo \/ Ora\u00e7\u00f5es em v\u00e1rios idiomas \/ Renova\u00e7\u00e3o do ser e vida de servi\u00e7o, tarefas urgentes destes tempos \u00b4<\/em><\/p>\n<p><strong>Ou\u00e7a agora:<\/strong><\/p>\n<p><span data-href=\"https:\/\/www.irdin.org.br\/site\/envios\/audios\/2887_0001__questoes_destes_tempos.mp3\" data-title=\"quest\u00f5es destes tempos\" data-rel=\"\" data-target=\"\" data-meta=\"#fap-meta-69ff92d5776b1\" class=\"fap-single-track fap-track-button fap-play-button\" data-enqueue=\"no\" data-autoenqueue=\"no\" title=\"quest\u00f5es destes tempos\"><span class=\"fap-icon-play\"><\/span>Ouvir<\/span> <a class=\"baixar\" href=\"https:\/\/www.irdin.org.br\/site\/envios\/audios\/2887_0001__por_por__questoes_destes_tempos.mp3\" download=\"\">Baixar<\/a> <span class=\"textobaixar\"> quest\u00f5es destes tempos<\/span><\/p>\n<p>&nbsp;<\/p>\n","protected":false},"excerpt":{"rendered":"<p>Uma regi\u00e3o da consci\u00eancia denominada limbo\u00b4 \/ Sobre os Templ\u00e1rios \/ A f\u00e9 inabal\u00e1vel \/ Lidar com as resist\u00eancias dentro<\/p>\n","protected":false},"featured_media":37803,"template":"","meta":{"_acf_changed":false},"product_brand":[],"product_cat":[18076,33068],"product_tag":[42105],"class_list":{"0":"post-84402","1":"product","2":"type-product","3":"status-publish","4":"has-post-thumbnail","6":"product_cat-cddvd","7":"product_cat-palestras","8":"product_tag-42105","9":"pa_autor-trigueirinho","10":"pa_codigo-da-serie-28499","11":"pa_codigo-externo-28870001porcd","12":"pa_data-de-gravacao-20662","13":"pa_duracao-34min","14":"pa_idioma-de-destino-portugues","15":"pa_idioma-de-origem-portugues","16":"pa_lancamento-no","17":"pa_midia-cd","18":"pa_moac-42104","19":"pa_quantidade-de-saldo-33067","20":"pa_sequencial-da-serie-31877","21":"pa_tipo-de-traducao-nao-classificado","23":"first","24":"outofstock","25":"product-type-simple"},"acf":[],"_links":{"self":[{"href":"https:\/\/www.irdin.org.br\/site\/wp-json\/wp\/v2\/product\/84402","targetHints":{"allow":["GET"]}}],"collection":[{"href":"https:\/\/www.irdin.org.br\/site\/wp-json\/wp\/v2\/product"}],"about":[{"href":"https:\/\/www.irdin.org.br\/site\/wp-json\/wp\/v2\/types\/product"}],"version-history":[{"count":2,"href":"https:\/\/www.irdin.org.br\/site\/wp-json\/wp\/v2\/product\/84402\/revisions"}],"predecessor-version":[{"id":106373,"href":"https:\/\/www.irdin.org.br\/site\/wp-json\/wp\/v2\/product\/84402\/revisions\/106373"}],"wp:featuredmedia":[{"embeddable":true,"href":"https:\/\/www.irdin.org.br\/site\/wp-json\/wp\/v2\/media\/37803"}],"wp:attachment":[{"href":"https:\/\/www.irdin.org.br\/site\/wp-json\/wp\/v2\/media?parent=84402"}],"wp:term":[{"taxonomy":"product_brand","embeddable":true,"href":"https:\/\/www.irdin.org.br\/site\/wp-json\/wp\/v2\/product_brand?post=84402"},{"taxonomy":"product_cat","embeddable":true,"href":"https:\/\/www.irdin.org.br\/site\/wp-json\/wp\/v2\/product_cat?post=84402"},{"taxonomy":"product_tag","embeddable":true,"href":"https:\/\/www.irdin.org.br\/site\/wp-json\/wp\/v2\/product_tag?post=84402"}],"curies":[{"name":"wp","href":"https:\/\/api.w.org\/{rel}","templated":true}]}}