{"id":84404,"date":"2018-04-26T18:37:42","date_gmt":"2018-04-26T18:37:42","guid":{"rendered":"http:\/\/www.irdin.org.br\/site\/produto\/que-significa-seguir-uma-hierarquia\/"},"modified":"2024-09-23T13:36:42","modified_gmt":"2024-09-23T13:36:42","slug":"que-significa-seguir-uma-hierarquia","status":"publish","type":"product","link":"https:\/\/www.irdin.org.br\/site\/produtos\/que-significa-seguir-uma-hierarquia\/","title":{"rendered":"Que significa seguir uma Hierarquia"},"content":{"rendered":"<p><em>Fases do processo de seguirmos at\u00e9 nos transformarmos em agentes do plano evolutivo \/ Uma Apari\u00e7\u00e3o de Maria serve a cada um segundo o que precisa \/ Os novos ramos de uma antiga \u00e1rvore \/ Um cora\u00e7\u00e3o novo que nasce no seu cora\u00e7\u00e3o \/ Quando uma luz acende em nosso interior \/ Coment\u00e1rios sobre a Apari\u00e7\u00e3o de 1\/7\/2014<\/em><\/p>\n<p>&nbsp;<br \/>\n<strong>Ou\u00e7a agora:<\/strong><\/p>\n<p><span data-href=\"https:\/\/www.irdin.org.br\/site\/envios\/audios\/2895_0001__por_por__que_significa_seguir_uma_hierarquia.mp3\" data-title=\"que significa seguir uma hierarquia\" data-rel=\"\" data-target=\"\" data-meta=\"#fap-meta-6a08042468140\" class=\"fap-single-track fap-track-button fap-play-button\" data-enqueue=\"no\" data-autoenqueue=\"no\" title=\"que significa seguir uma hierarquia\"><span class=\"fap-icon-play\"><\/span>Ouvir<\/span> <a href=\"https:\/\/www.irdin.org.br\/site\/envios\/audios\/2895_0001__por_por__que_significa_seguir_uma_hierarquia.mp3\" class=\"baixar\" download><span class=\"fa fa-arrow-down\"><\/span>Baixar<\/span><\/a> <span class=\"textobaixar\"> que significa seguir uma hierarquia<\/span><\/p>\n<p>&nbsp;<\/p>\n","protected":false},"excerpt":{"rendered":"<p>Fases do processo de seguirmos at\u00e9 nos transformarmos em agentes do plano evolutivo \/ Uma Apari\u00e7\u00e3o de Maria serve a<\/p>\n","protected":false},"featured_media":37803,"template":"","meta":{"_acf_changed":false},"product_brand":[],"product_cat":[18076,33068],"product_tag":[42109],"class_list":{"0":"post-84404","1":"product","2":"type-product","3":"status-publish","4":"has-post-thumbnail","6":"product_cat-cddvd","7":"product_cat-palestras","8":"product_tag-42109","9":"pa_autor-trigueirinho","10":"pa_codigo-da-serie-28538","11":"pa_codigo-externo-28950001porcd","12":"pa_data-de-gravacao-28536","13":"pa_duracao-58-min","14":"pa_idioma-de-destino-portugues","15":"pa_idioma-de-origem-portugues","16":"pa_lancamento-no","17":"pa_midia-cd","18":"pa_moac-42108","19":"pa_quantidade-de-saldo-33067","20":"pa_sequencial-da-serie-31877","21":"pa_tipo-de-traducao-nao-classificado","23":"first","24":"outofstock","25":"product-type-simple"},"acf":[],"_links":{"self":[{"href":"https:\/\/www.irdin.org.br\/site\/wp-json\/wp\/v2\/product\/84404","targetHints":{"allow":["GET"]}}],"collection":[{"href":"https:\/\/www.irdin.org.br\/site\/wp-json\/wp\/v2\/product"}],"about":[{"href":"https:\/\/www.irdin.org.br\/site\/wp-json\/wp\/v2\/types\/product"}],"version-history":[{"count":1,"href":"https:\/\/www.irdin.org.br\/site\/wp-json\/wp\/v2\/product\/84404\/revisions"}],"predecessor-version":[{"id":107593,"href":"https:\/\/www.irdin.org.br\/site\/wp-json\/wp\/v2\/product\/84404\/revisions\/107593"}],"wp:featuredmedia":[{"embeddable":true,"href":"https:\/\/www.irdin.org.br\/site\/wp-json\/wp\/v2\/media\/37803"}],"wp:attachment":[{"href":"https:\/\/www.irdin.org.br\/site\/wp-json\/wp\/v2\/media?parent=84404"}],"wp:term":[{"taxonomy":"product_brand","embeddable":true,"href":"https:\/\/www.irdin.org.br\/site\/wp-json\/wp\/v2\/product_brand?post=84404"},{"taxonomy":"product_cat","embeddable":true,"href":"https:\/\/www.irdin.org.br\/site\/wp-json\/wp\/v2\/product_cat?post=84404"},{"taxonomy":"product_tag","embeddable":true,"href":"https:\/\/www.irdin.org.br\/site\/wp-json\/wp\/v2\/product_tag?post=84404"}],"curies":[{"name":"wp","href":"https:\/\/api.w.org\/{rel}","templated":true}]}}