{"id":84407,"date":"2018-04-26T18:37:42","date_gmt":"2018-04-26T18:37:42","guid":{"rendered":"http:\/\/www.irdin.org.br\/site\/produto\/maria-e-a-ciencia-da-criacao\/"},"modified":"2024-09-23T13:44:00","modified_gmt":"2024-09-23T13:44:00","slug":"maria-e-a-ciencia-da-criacao","status":"publish","type":"product","link":"https:\/\/www.irdin.org.br\/site\/produtos\/maria-e-a-ciencia-da-criacao\/","title":{"rendered":"Maria e a ci\u00eancia da Cria\u00e7\u00e3o"},"content":{"rendered":"<p><em>A M\u00e3e Universal revela verdades e confirma que haver\u00e1 os mil anos de paz \/ Quando se disp\u00f5e a fazer o caminho, a humanidade cumpre apenas 30% da pr\u00f3pria tarefa \/ Os reflexos da maldade humana sobre o mundo \/ Um encontro com mensagens e pensamentos de Maria dos dias 12, 15, 16 e 17 de novembro de 2015<\/em><\/p>\n<p>&nbsp;<br \/>\n<strong>Ou\u00e7a agora:<\/strong><\/p>\n<p><span data-href=\"https:\/\/www.irdin.org.br\/site\/envios\/audios\/2895_0005__por_por__maria_e_a_ciencia_da_criacao.mp3\" data-title=\"maria e a ci\u00eancia da cria\u00e7\u00e3o\" data-rel=\"\" data-target=\"\" data-meta=\"#fap-meta-6a04cb52268a6\" class=\"fap-single-track fap-track-button fap-play-button\" data-enqueue=\"no\" data-autoenqueue=\"no\" title=\"maria e a ci\u00eancia da cria\u00e7\u00e3o\"><span class=\"fap-icon-play\"><\/span>Ouvir<\/span> <a href=\"https:\/\/www.irdin.org.br\/site\/envios\/audios\/2895_0005__por_por__maria_e_a_ciencia_da_criacao.mp3\" class=\"baixar\" download><span class=\"fa fa-arrow-down\"><\/span>Baixar<\/span><\/a> <span class=\"textobaixar\"> maria e a ci\u00eancia da cria\u00e7\u00e3o<\/span><\/p>\n<p>&nbsp;<\/p>\n","protected":false},"excerpt":{"rendered":"<p>A M\u00e3e Universal revela verdades e confirma que haver\u00e1 os mil anos de paz \/ Quando se disp\u00f5e a fazer<\/p>\n","protected":false},"featured_media":37803,"template":"","meta":{"_acf_changed":false},"product_brand":[],"product_cat":[18076,33068],"product_tag":[42115],"class_list":{"0":"post-84407","1":"product","2":"type-product","3":"status-publish","4":"has-post-thumbnail","6":"product_cat-cddvd","7":"product_cat-palestras","8":"product_tag-42115","9":"pa_autor-trigueirinho","10":"pa_codigo-da-serie-28538","11":"pa_codigo-externo-28950005porcd","12":"pa_data-de-gravacao-28549","13":"pa_duracao-49-min","14":"pa_idioma-de-destino-portugues","15":"pa_idioma-de-origem-portugues","16":"pa_lancamento-no","17":"pa_midia-cd","18":"pa_moac-42114","19":"pa_quantidade-de-saldo-33067","20":"pa_sequencial-da-serie-31881","21":"pa_tipo-de-traducao-nao-classificado","23":"first","24":"outofstock","25":"product-type-simple"},"acf":[],"_links":{"self":[{"href":"https:\/\/www.irdin.org.br\/site\/wp-json\/wp\/v2\/product\/84407","targetHints":{"allow":["GET"]}}],"collection":[{"href":"https:\/\/www.irdin.org.br\/site\/wp-json\/wp\/v2\/product"}],"about":[{"href":"https:\/\/www.irdin.org.br\/site\/wp-json\/wp\/v2\/types\/product"}],"version-history":[{"count":1,"href":"https:\/\/www.irdin.org.br\/site\/wp-json\/wp\/v2\/product\/84407\/revisions"}],"predecessor-version":[{"id":107596,"href":"https:\/\/www.irdin.org.br\/site\/wp-json\/wp\/v2\/product\/84407\/revisions\/107596"}],"wp:featuredmedia":[{"embeddable":true,"href":"https:\/\/www.irdin.org.br\/site\/wp-json\/wp\/v2\/media\/37803"}],"wp:attachment":[{"href":"https:\/\/www.irdin.org.br\/site\/wp-json\/wp\/v2\/media?parent=84407"}],"wp:term":[{"taxonomy":"product_brand","embeddable":true,"href":"https:\/\/www.irdin.org.br\/site\/wp-json\/wp\/v2\/product_brand?post=84407"},{"taxonomy":"product_cat","embeddable":true,"href":"https:\/\/www.irdin.org.br\/site\/wp-json\/wp\/v2\/product_cat?post=84407"},{"taxonomy":"product_tag","embeddable":true,"href":"https:\/\/www.irdin.org.br\/site\/wp-json\/wp\/v2\/product_tag?post=84407"}],"curies":[{"name":"wp","href":"https:\/\/api.w.org\/{rel}","templated":true}]}}