{"id":84416,"date":"2018-04-26T18:37:42","date_gmt":"2018-04-26T18:37:42","guid":{"rendered":"http:\/\/www.irdin.org.br\/site\/produto\/passos-que-necessitamos-dar\/"},"modified":"2025-07-12T21:15:13","modified_gmt":"2025-07-13T00:15:13","slug":"passos-que-necessitamos-dar","status":"publish","type":"product","link":"https:\/\/www.irdin.org.br\/site\/produtos\/passos-que-necessitamos-dar\/","title":{"rendered":"Passos que necessitamos dar"},"content":{"rendered":"<p><em>Como evitar a 3\u00aa guerra mundial? \/ Mainhdra e a cura interior \/ O que se espera de um servidor? \/ Aromas e Hierarquias \/ Na f\u00e9, receber a todos \/ N\u00facleo de ora\u00e7\u00e3o permanente \/ Ora\u00e7\u00e3o, jejum e sacrif\u00edcio \/ Que significa adotar uma alma?<\/em><\/p>\n<p>&nbsp;<br \/>\n<strong>Ou\u00e7a agora:<\/strong><\/p>\n<p><span data-href=\"https:\/\/www.irdin.org.br\/site\/envios\/audios\/0002_0012__por_por__passos_que_necessitamos_dar.mp3\" data-title=\"passos que necessitamos dar\" data-rel=\"\" data-target=\"\" data-meta=\"#fap-meta-69e2b1281e417\" class=\"fap-single-track fap-track-button fap-play-button\" data-enqueue=\"no\" data-autoenqueue=\"no\" title=\"passos que necessitamos dar\"><span class=\"fap-icon-play\"><\/span>Ouvir<\/span> <a href=\"https:\/\/www.irdin.org.br\/site\/envios\/audios\/0002_0012__por_por__passos_que_necessitamos_dar.mp3\" class=\"baixar\" download><span class=\"fa fa-arrow-down\"><\/span>Baixar<\/span><\/a> <span class=\"textobaixar\"> passos que necessitamos dar<\/span><\/p>\n<p>&nbsp;<\/p>\n","protected":false},"excerpt":{"rendered":"<p>Como evitar a 3\u00aa guerra mundial? \/ Mainhdra e a cura interior \/ O que se espera de um servidor?<\/p>\n","protected":false},"featured_media":37803,"template":"","meta":{"_acf_changed":false},"product_brand":[],"product_cat":[18076,33068],"product_tag":[42133],"class_list":{"0":"post-84416","1":"product","2":"type-product","3":"status-publish","4":"has-post-thumbnail","6":"product_cat-cddvd","7":"product_cat-palestras","8":"product_tag-42133","9":"pa_autor-trigueirinho","10":"pa_codigo-da-serie-32017","11":"pa_codigo-externo-00020012porcd","12":"pa_data-de-gravacao-18102","13":"pa_descricao-da-serie-nossos-relacionamentos-superiores","14":"pa_duracao-35m06s","15":"pa_idioma-de-destino-portugues","16":"pa_idioma-de-origem-portugues","17":"pa_lancamento-no","18":"pa_midia-cd","19":"pa_moac-42132","20":"pa_quantidade-de-saldo-33067","21":"pa_sequencial-da-serie-31892","22":"pa_tipo-de-traducao-nao-classificado","24":"first","25":"outofstock","26":"product-type-simple"},"acf":[],"_links":{"self":[{"href":"https:\/\/www.irdin.org.br\/site\/wp-json\/wp\/v2\/product\/84416","targetHints":{"allow":["GET"]}}],"collection":[{"href":"https:\/\/www.irdin.org.br\/site\/wp-json\/wp\/v2\/product"}],"about":[{"href":"https:\/\/www.irdin.org.br\/site\/wp-json\/wp\/v2\/types\/product"}],"version-history":[{"count":1,"href":"https:\/\/www.irdin.org.br\/site\/wp-json\/wp\/v2\/product\/84416\/revisions"}],"predecessor-version":[{"id":107606,"href":"https:\/\/www.irdin.org.br\/site\/wp-json\/wp\/v2\/product\/84416\/revisions\/107606"}],"wp:featuredmedia":[{"embeddable":true,"href":"https:\/\/www.irdin.org.br\/site\/wp-json\/wp\/v2\/media\/37803"}],"wp:attachment":[{"href":"https:\/\/www.irdin.org.br\/site\/wp-json\/wp\/v2\/media?parent=84416"}],"wp:term":[{"taxonomy":"product_brand","embeddable":true,"href":"https:\/\/www.irdin.org.br\/site\/wp-json\/wp\/v2\/product_brand?post=84416"},{"taxonomy":"product_cat","embeddable":true,"href":"https:\/\/www.irdin.org.br\/site\/wp-json\/wp\/v2\/product_cat?post=84416"},{"taxonomy":"product_tag","embeddable":true,"href":"https:\/\/www.irdin.org.br\/site\/wp-json\/wp\/v2\/product_tag?post=84416"}],"curies":[{"name":"wp","href":"https:\/\/api.w.org\/{rel}","templated":true}]}}