{"id":84417,"date":"2018-04-26T18:37:42","date_gmt":"2018-04-26T18:37:42","guid":{"rendered":"http:\/\/www.irdin.org.br\/site\/produto\/revisao-diante-das-aparicoes-da-hierarquia-espiritual\/"},"modified":"2025-07-12T21:28:37","modified_gmt":"2025-07-13T00:28:37","slug":"revisao-diante-das-aparicoes-da-hierarquia-espiritual","status":"publish","type":"product","link":"https:\/\/www.irdin.org.br\/site\/produtos\/revisao-diante-das-aparicoes-da-hierarquia-espiritual\/","title":{"rendered":"Revis\u00e3o diante das apari\u00e7\u00f5es da Hierarquia Espiritual"},"content":{"rendered":"<p><em>Ocupamo-nos de coisas que n\u00e3o dizem respeito \u00e0 evolu\u00e7\u00e3o superior \/ Estamos habituados \u00e0 ilus\u00e3o? \/ A energia materna que desconhec\u00edamos, usada pela M\u00e3e Universal \/ Precisamos receber um tratamento universal e n\u00e3o tanto individual \/ A transmiss\u00e3o muito especial de 25\/8\/2014<\/em><\/p>\n<p>&nbsp;<br \/>\n<strong>Ou\u00e7a agora:<\/strong><\/p>\n<p><span data-href=\"https:\/\/www.irdin.org.br\/site\/envios\/audios\/0002_0014__por_por__revisao_diante_das_aparicoes_da_hierarquia_espiritual.mp3\" data-title=\"revis\u00e3o diante das apari\u00e7\u00f5es da hierarquia espiritual\" data-rel=\"\" data-target=\"\" data-meta=\"#fap-meta-69e29e4ab5405\" class=\"fap-single-track fap-track-button fap-play-button\" data-enqueue=\"no\" data-autoenqueue=\"no\" title=\"revis\u00e3o diante das apari\u00e7\u00f5es da hierarquia espiritual\"><span class=\"fap-icon-play\"><\/span>Ouvir<\/span> <a href=\"https:\/\/www.irdin.org.br\/site\/envios\/audios\/0002_0014__por_por__revisao_diante_das_aparicoes_da_hierarquia_espiritual.mp3\" class=\"baixar\" download><span class=\"fa fa-arrow-down\"><\/span>Baixar<\/span><\/a> <span class=\"textobaixar\"> revis\u00e3o diante das apari\u00e7\u00f5es da hierarquia espiritual<\/span><\/p>\n<p>&nbsp;<\/p>\n","protected":false},"excerpt":{"rendered":"<p>Ocupamo-nos de coisas que n\u00e3o dizem respeito \u00e0 evolu\u00e7\u00e3o superior \/ Estamos habituados \u00e0 ilus\u00e3o? \/ A energia materna que<\/p>\n","protected":false},"featured_media":37803,"template":"","meta":{"_acf_changed":false},"product_brand":[],"product_cat":[18076,33068],"product_tag":[42135],"class_list":{"0":"post-84417","1":"product","2":"type-product","3":"status-publish","4":"has-post-thumbnail","6":"product_cat-cddvd","7":"product_cat-palestras","8":"product_tag-42135","9":"pa_autor-trigueirinho","10":"pa_codigo-da-serie-32017","11":"pa_codigo-externo-00020014porcd","12":"pa_data-de-gravacao-18113","13":"pa_descricao-da-serie-nossos-relacionamentos-superiores","14":"pa_duracao-52-min","15":"pa_idioma-de-destino-portugues","16":"pa_idioma-de-origem-portugues","17":"pa_lancamento-no","18":"pa_midia-cd","19":"pa_moac-42134","20":"pa_quantidade-de-saldo-33067","21":"pa_sequencial-da-serie-31896","22":"pa_tipo-de-traducao-nao-classificado","24":"first","25":"outofstock","26":"product-type-simple"},"acf":[],"_links":{"self":[{"href":"https:\/\/www.irdin.org.br\/site\/wp-json\/wp\/v2\/product\/84417","targetHints":{"allow":["GET"]}}],"collection":[{"href":"https:\/\/www.irdin.org.br\/site\/wp-json\/wp\/v2\/product"}],"about":[{"href":"https:\/\/www.irdin.org.br\/site\/wp-json\/wp\/v2\/types\/product"}],"version-history":[{"count":1,"href":"https:\/\/www.irdin.org.br\/site\/wp-json\/wp\/v2\/product\/84417\/revisions"}],"predecessor-version":[{"id":107605,"href":"https:\/\/www.irdin.org.br\/site\/wp-json\/wp\/v2\/product\/84417\/revisions\/107605"}],"wp:featuredmedia":[{"embeddable":true,"href":"https:\/\/www.irdin.org.br\/site\/wp-json\/wp\/v2\/media\/37803"}],"wp:attachment":[{"href":"https:\/\/www.irdin.org.br\/site\/wp-json\/wp\/v2\/media?parent=84417"}],"wp:term":[{"taxonomy":"product_brand","embeddable":true,"href":"https:\/\/www.irdin.org.br\/site\/wp-json\/wp\/v2\/product_brand?post=84417"},{"taxonomy":"product_cat","embeddable":true,"href":"https:\/\/www.irdin.org.br\/site\/wp-json\/wp\/v2\/product_cat?post=84417"},{"taxonomy":"product_tag","embeddable":true,"href":"https:\/\/www.irdin.org.br\/site\/wp-json\/wp\/v2\/product_tag?post=84417"}],"curies":[{"name":"wp","href":"https:\/\/api.w.org\/{rel}","templated":true}]}}