{"id":84420,"date":"2018-04-26T18:38:05","date_gmt":"2018-04-26T18:38:05","guid":{"rendered":"http:\/\/www.irdin.org.br\/site\/produto\/los-suenos-como-mensajes-del-alma\/"},"modified":"2025-07-12T21:49:30","modified_gmt":"2025-07-13T00:49:30","slug":"los-suenos-como-mensajes-del-alma","status":"publish","type":"product","link":"https:\/\/www.irdin.org.br\/site\/produtos\/los-suenos-como-mensajes-del-alma\/","title":{"rendered":"Los sue\u00f1os como mensajes del alma"},"content":{"rendered":"<p><em>Encarar la vida diaria como un simple juego y no valorar s\u00f3lo la realidad material, sino tambi\u00e9n acoger lo que nos llega a trav\u00e9s de los sue\u00f1os de niveles superiores de existencia.<\/em><\/p>\n<p>&nbsp;<br \/>\n<strong>Ou\u00e7a agora:<\/strong><\/p>\n<p><span data-href=\"https:\/\/www.irdin.org.br\/site\/envios\/audios\/0004_0018__por_spa__los_suenos_como_mensajes_del_alma.mp3\" data-title=\"los sue\u00f1os como mensajes del alma\" data-rel=\"\" data-target=\"\" data-meta=\"#fap-meta-6a04debaa4eb0\" class=\"fap-single-track fap-track-button fap-play-button\" data-enqueue=\"no\" data-autoenqueue=\"no\" title=\"los sue\u00f1os como mensajes del alma\"><span class=\"fap-icon-play\"><\/span>Ouvir<\/span> <a href=\"https:\/\/www.irdin.org.br\/site\/envios\/audios\/0004_0018__por_spa__los_suenos_como_mensajes_del_alma.mp3\" class=\"baixar\" download><span class=\"fa fa-arrow-down\"><\/span>Baixar<\/span><\/a> <span class=\"textobaixar\"> los sue\u00f1os como mensajes del alma<\/span><\/p>\n<p>&nbsp;<\/p>\n","protected":false},"excerpt":{"rendered":"<p>Encarar la vida diaria como un simple juego y no valorar s\u00f3lo la realidad material, sino tambi\u00e9n acoger lo que<\/p>\n","protected":false},"featured_media":37803,"template":"","meta":{"_acf_changed":false},"product_brand":[],"product_cat":[18076,33068],"product_tag":[42141],"class_list":{"0":"post-84420","1":"product","2":"type-product","3":"status-publish","4":"has-post-thumbnail","6":"product_cat-cddvd","7":"product_cat-palestras","8":"product_tag-42141","9":"pa_autor-trigueirinho","10":"pa_codigo-da-serie-32039","11":"pa_codigo-externo-00040018spaspacd","12":"pa_data-de-gravacao-18204","13":"pa_descricao-da-serie-os-sonhos","14":"pa_duracao-50-min","15":"pa_idioma-de-destino-espanhol","16":"pa_idioma-de-origem-portugues","17":"pa_lancamento-no","18":"pa_midia-cd","19":"pa_moac-42140","20":"pa_quantidade-de-saldo-33067","21":"pa_sequencial-da-serie-31871","22":"pa_tipo-de-traducao-nao-classificado","24":"first","25":"outofstock","26":"product-type-simple"},"acf":[],"_links":{"self":[{"href":"https:\/\/www.irdin.org.br\/site\/wp-json\/wp\/v2\/product\/84420","targetHints":{"allow":["GET"]}}],"collection":[{"href":"https:\/\/www.irdin.org.br\/site\/wp-json\/wp\/v2\/product"}],"about":[{"href":"https:\/\/www.irdin.org.br\/site\/wp-json\/wp\/v2\/types\/product"}],"version-history":[{"count":1,"href":"https:\/\/www.irdin.org.br\/site\/wp-json\/wp\/v2\/product\/84420\/revisions"}],"predecessor-version":[{"id":109844,"href":"https:\/\/www.irdin.org.br\/site\/wp-json\/wp\/v2\/product\/84420\/revisions\/109844"}],"wp:featuredmedia":[{"embeddable":true,"href":"https:\/\/www.irdin.org.br\/site\/wp-json\/wp\/v2\/media\/37803"}],"wp:attachment":[{"href":"https:\/\/www.irdin.org.br\/site\/wp-json\/wp\/v2\/media?parent=84420"}],"wp:term":[{"taxonomy":"product_brand","embeddable":true,"href":"https:\/\/www.irdin.org.br\/site\/wp-json\/wp\/v2\/product_brand?post=84420"},{"taxonomy":"product_cat","embeddable":true,"href":"https:\/\/www.irdin.org.br\/site\/wp-json\/wp\/v2\/product_cat?post=84420"},{"taxonomy":"product_tag","embeddable":true,"href":"https:\/\/www.irdin.org.br\/site\/wp-json\/wp\/v2\/product_tag?post=84420"}],"curies":[{"name":"wp","href":"https:\/\/api.w.org\/{rel}","templated":true}]}}