{"id":84423,"date":"2018-04-26T18:38:05","date_gmt":"2018-04-26T18:38:05","guid":{"rendered":"http:\/\/www.irdin.org.br\/site\/produto\/solidao-e-silencio-em-dia-de-vigilia\/"},"modified":"2025-07-13T16:01:13","modified_gmt":"2025-07-13T19:01:13","slug":"solidao-e-silencio-em-dia-de-vigilia","status":"publish","type":"product","link":"https:\/\/www.irdin.org.br\/site\/produtos\/solidao-e-silencio-em-dia-de-vigilia\/","title":{"rendered":"Solid\u00e3o e sil\u00eancio em dia de vig\u00edlia"},"content":{"rendered":"<p><em>Ao educarmos o corpo f\u00edsico, o emocional e o mental, levando em conta suas leis, percebemos como nos posicionar na vida.<\/em><\/p>\n<p>&nbsp;<br \/>\n<strong>Ou\u00e7a agora:<\/strong><\/p>\n<p><span data-href=\"https:\/\/www.irdin.org.br\/site\/envios\/audios\/0010_0050__por_por__solidao_e_silencio_em_dia_de_vigilia.mp3\" data-title=\"solid\u00e3o e sil\u00eancio em dia de vig\u00edlia\" data-rel=\"\" data-target=\"\" data-meta=\"#fap-meta-6a04e0bb2ef77\" class=\"fap-single-track fap-track-button fap-play-button\" data-enqueue=\"no\" data-autoenqueue=\"no\" title=\"solid\u00e3o e sil\u00eancio em dia de vig\u00edlia\"><span class=\"fap-icon-play\"><\/span>Ouvir<\/span> <a href=\"https:\/\/www.irdin.org.br\/site\/envios\/audios\/0010_0050__por_por__solidao_e_silencio_em_dia_de_vigilia.mp3\" class=\"baixar\" download><span class=\"fa fa-arrow-down\"><\/span>Baixar<\/span><\/a> <span class=\"textobaixar\"> solid\u00e3o e sil\u00eancio em dia de vig\u00edlia<\/span><\/p>\n<p>&nbsp;<\/p>\n","protected":false},"excerpt":{"rendered":"<p>Ao educarmos o corpo f\u00edsico, o emocional e o mental, levando em conta suas leis, percebemos como nos posicionar na<\/p>\n","protected":false},"featured_media":37803,"template":"","meta":{"_acf_changed":false},"product_brand":[],"product_cat":[18076,33068],"product_tag":[42147],"class_list":{"0":"post-84423","1":"product","2":"type-product","3":"status-publish","4":"has-post-thumbnail","6":"product_cat-cddvd","7":"product_cat-palestras","8":"product_tag-42147","9":"pa_autor-trigueirinho","10":"pa_codigo-da-serie-32091","11":"pa_codigo-externo-00100050porcd","12":"pa_data-de-gravacao-18269","13":"pa_descricao-da-serie-para-ouvir-no-silencio","14":"pa_duracao-38min08s","15":"pa_idioma-de-destino-portugues","16":"pa_idioma-de-origem-portugues","17":"pa_lancamento-no","18":"pa_midia-cd","19":"pa_moac-42146","20":"pa_quantidade-de-saldo-33067","21":"pa_sequencial-da-serie-31926","22":"pa_tipo-de-traducao-nao-classificado","24":"first","25":"outofstock","26":"product-type-simple"},"acf":[],"_links":{"self":[{"href":"https:\/\/www.irdin.org.br\/site\/wp-json\/wp\/v2\/product\/84423","targetHints":{"allow":["GET"]}}],"collection":[{"href":"https:\/\/www.irdin.org.br\/site\/wp-json\/wp\/v2\/product"}],"about":[{"href":"https:\/\/www.irdin.org.br\/site\/wp-json\/wp\/v2\/types\/product"}],"version-history":[{"count":1,"href":"https:\/\/www.irdin.org.br\/site\/wp-json\/wp\/v2\/product\/84423\/revisions"}],"predecessor-version":[{"id":107575,"href":"https:\/\/www.irdin.org.br\/site\/wp-json\/wp\/v2\/product\/84423\/revisions\/107575"}],"wp:featuredmedia":[{"embeddable":true,"href":"https:\/\/www.irdin.org.br\/site\/wp-json\/wp\/v2\/media\/37803"}],"wp:attachment":[{"href":"https:\/\/www.irdin.org.br\/site\/wp-json\/wp\/v2\/media?parent=84423"}],"wp:term":[{"taxonomy":"product_brand","embeddable":true,"href":"https:\/\/www.irdin.org.br\/site\/wp-json\/wp\/v2\/product_brand?post=84423"},{"taxonomy":"product_cat","embeddable":true,"href":"https:\/\/www.irdin.org.br\/site\/wp-json\/wp\/v2\/product_cat?post=84423"},{"taxonomy":"product_tag","embeddable":true,"href":"https:\/\/www.irdin.org.br\/site\/wp-json\/wp\/v2\/product_tag?post=84423"}],"curies":[{"name":"wp","href":"https:\/\/api.w.org\/{rel}","templated":true}]}}