{"id":84426,"date":"2018-04-26T18:38:05","date_gmt":"2018-04-26T18:38:05","guid":{"rendered":"http:\/\/www.irdin.org.br\/site\/produto\/o-novo-juizo-e-um-novo-carater\/"},"modified":"2025-07-13T16:54:42","modified_gmt":"2025-07-13T19:54:42","slug":"o-novo-juizo-e-um-novo-carater","status":"publish","type":"product","link":"https:\/\/www.irdin.org.br\/site\/produtos\/o-novo-juizo-e-um-novo-carater\/","title":{"rendered":"O Novo Ju\u00edzo e um novo car\u00e1ter"},"content":{"rendered":"<p><em>Nessa luta final entre for\u00e7as antag\u00f4nicas na Terra somos exortados e inspirados pela Hierarquia Planet\u00e1ria a criar uma ponte entre a mente e a supramente. E Murielh diz que s\u00f3 atrav\u00e9s da ora\u00e7\u00e3o \u00e9 que podemos efetivar essa evolu\u00e7\u00e3o.<\/em><\/p>\n<p>&nbsp;<br \/>\n<strong>Ou\u00e7a agora:<\/strong><\/p>\n<p><span data-href=\"https:\/\/www.irdin.org.br\/site\/envios\/audios\/0011_0005__por_por__o_novo_juizo_e_um_novo_carater.mp3\" data-title=\"o novo ju\u00edzo e um novo car\u00e1ter\" data-rel=\"\" data-target=\"\" data-meta=\"#fap-meta-69e6523cc140e\" class=\"fap-single-track fap-track-button fap-play-button\" data-enqueue=\"no\" data-autoenqueue=\"no\" title=\"o novo ju\u00edzo e um novo car\u00e1ter\"><span class=\"fap-icon-play\"><\/span>Ouvir<\/span> <a href=\"https:\/\/www.irdin.org.br\/site\/envios\/audios\/0011_0005__por_por__o_novo_juizo_e_um_novo_carater.mp3\" class=\"baixar\" download><span class=\"fa fa-arrow-down\"><\/span>Baixar<\/span><\/a> <span class=\"textobaixar\"> o novo ju\u00edzo e um novo car\u00e1ter<\/span><\/p>\n<p>&nbsp;<\/p>\n","protected":false},"excerpt":{"rendered":"<p>Nessa luta final entre for\u00e7as antag\u00f4nicas na Terra somos exortados e inspirados pela Hierarquia Planet\u00e1ria a criar uma ponte entre<\/p>\n","protected":false},"featured_media":37803,"template":"","meta":{"_acf_changed":false},"product_brand":[],"product_cat":[18076,33068],"product_tag":[42153],"class_list":{"0":"post-84426","1":"product","2":"type-product","3":"status-publish","4":"has-post-thumbnail","6":"product_cat-cddvd","7":"product_cat-palestras","8":"product_tag-42153","9":"pa_autor-trigueirinho","10":"pa_codigo-da-serie-32096","11":"pa_codigo-externo-00110005porcd","12":"pa_data-de-gravacao-18289","13":"pa_descricao-da-serie-a-vida-que-nos-espera","14":"pa_duracao-39min36s","15":"pa_idioma-de-destino-portugues","16":"pa_idioma-de-origem-portugues","17":"pa_lancamento-no","18":"pa_midia-cd","19":"pa_moac-42152","20":"pa_quantidade-de-saldo-33067","21":"pa_sequencial-da-serie-31881","22":"pa_tipo-de-traducao-nao-classificado","24":"first","25":"outofstock","26":"product-type-simple"},"acf":[],"_links":{"self":[{"href":"https:\/\/www.irdin.org.br\/site\/wp-json\/wp\/v2\/product\/84426","targetHints":{"allow":["GET"]}}],"collection":[{"href":"https:\/\/www.irdin.org.br\/site\/wp-json\/wp\/v2\/product"}],"about":[{"href":"https:\/\/www.irdin.org.br\/site\/wp-json\/wp\/v2\/types\/product"}],"version-history":[{"count":1,"href":"https:\/\/www.irdin.org.br\/site\/wp-json\/wp\/v2\/product\/84426\/revisions"}],"predecessor-version":[{"id":107578,"href":"https:\/\/www.irdin.org.br\/site\/wp-json\/wp\/v2\/product\/84426\/revisions\/107578"}],"wp:featuredmedia":[{"embeddable":true,"href":"https:\/\/www.irdin.org.br\/site\/wp-json\/wp\/v2\/media\/37803"}],"wp:attachment":[{"href":"https:\/\/www.irdin.org.br\/site\/wp-json\/wp\/v2\/media?parent=84426"}],"wp:term":[{"taxonomy":"product_brand","embeddable":true,"href":"https:\/\/www.irdin.org.br\/site\/wp-json\/wp\/v2\/product_brand?post=84426"},{"taxonomy":"product_cat","embeddable":true,"href":"https:\/\/www.irdin.org.br\/site\/wp-json\/wp\/v2\/product_cat?post=84426"},{"taxonomy":"product_tag","embeddable":true,"href":"https:\/\/www.irdin.org.br\/site\/wp-json\/wp\/v2\/product_tag?post=84426"}],"curies":[{"name":"wp","href":"https:\/\/api.w.org\/{rel}","templated":true}]}}