{"id":84427,"date":"2018-04-26T18:38:05","date_gmt":"2018-04-26T18:38:05","guid":{"rendered":"http:\/\/www.irdin.org.br\/site\/produto\/falando-de-vida-divina\/"},"modified":"2025-07-13T16:57:14","modified_gmt":"2025-07-13T19:57:14","slug":"falando-de-vida-divina","status":"publish","type":"product","link":"https:\/\/www.irdin.org.br\/site\/produtos\/falando-de-vida-divina\/","title":{"rendered":"Falando de Vida Divina"},"content":{"rendered":"<p><em>A Vida Divina estimula a rever\u00eancia a tudo o que \u00e9 superior e inspira-nos \u00e0 sobriedade. Miz Tli Tlan tem na Vida Divina sua forma de express\u00e3o e nos coloca em contato com a semente dessa vida. Somos tocados pela Vida Divina quando nos tornamos humildes.<\/em><\/p>\n<p>&nbsp;<br \/>\n<strong>Ou\u00e7a agora:<\/strong><\/p>\n<p><span data-href=\"https:\/\/www.irdin.org.br\/site\/envios\/audios\/0011_0006__por_por__falando_de_vida_divina.mp3\" data-title=\"falando de vida divina\" data-rel=\"\" data-target=\"\" data-meta=\"#fap-meta-6a053553e9cdc\" class=\"fap-single-track fap-track-button fap-play-button\" data-enqueue=\"no\" data-autoenqueue=\"no\" title=\"falando de vida divina\"><span class=\"fap-icon-play\"><\/span>Ouvir<\/span> <a href=\"https:\/\/www.irdin.org.br\/site\/envios\/audios\/0011_0006__por_por__falando_de_vida_divina.mp3\" class=\"baixar\" download><span class=\"fa fa-arrow-down\"><\/span>Baixar<\/span><\/a> <span class=\"textobaixar\"> falando de vida divina<\/span><\/p>\n<p>&nbsp;<\/p>\n","protected":false},"excerpt":{"rendered":"<p>A Vida Divina estimula a rever\u00eancia a tudo o que \u00e9 superior e inspira-nos \u00e0 sobriedade. Miz Tli Tlan tem<\/p>\n","protected":false},"featured_media":37803,"template":"","meta":{"_acf_changed":false},"product_brand":[],"product_cat":[18076,33068],"product_tag":[42155],"class_list":{"0":"post-84427","1":"product","2":"type-product","3":"status-publish","4":"has-post-thumbnail","6":"product_cat-cddvd","7":"product_cat-palestras","8":"product_tag-42155","9":"pa_autor-trigueirinho","10":"pa_codigo-da-serie-32096","11":"pa_codigo-externo-00110006porcd","12":"pa_data-de-gravacao-18293","13":"pa_descricao-da-serie-a-vida-que-nos-espera","14":"pa_duracao-52m-44s","15":"pa_idioma-de-destino-portugues","16":"pa_idioma-de-origem-portugues","17":"pa_lancamento-no","18":"pa_midia-cd","19":"pa_moac-42154","20":"pa_quantidade-de-saldo-33067","21":"pa_sequencial-da-serie-31882","22":"pa_tipo-de-traducao-nao-classificado","24":"first","25":"outofstock","26":"product-type-simple"},"acf":[],"_links":{"self":[{"href":"https:\/\/www.irdin.org.br\/site\/wp-json\/wp\/v2\/product\/84427","targetHints":{"allow":["GET"]}}],"collection":[{"href":"https:\/\/www.irdin.org.br\/site\/wp-json\/wp\/v2\/product"}],"about":[{"href":"https:\/\/www.irdin.org.br\/site\/wp-json\/wp\/v2\/types\/product"}],"version-history":[{"count":1,"href":"https:\/\/www.irdin.org.br\/site\/wp-json\/wp\/v2\/product\/84427\/revisions"}],"predecessor-version":[{"id":107577,"href":"https:\/\/www.irdin.org.br\/site\/wp-json\/wp\/v2\/product\/84427\/revisions\/107577"}],"wp:featuredmedia":[{"embeddable":true,"href":"https:\/\/www.irdin.org.br\/site\/wp-json\/wp\/v2\/media\/37803"}],"wp:attachment":[{"href":"https:\/\/www.irdin.org.br\/site\/wp-json\/wp\/v2\/media?parent=84427"}],"wp:term":[{"taxonomy":"product_brand","embeddable":true,"href":"https:\/\/www.irdin.org.br\/site\/wp-json\/wp\/v2\/product_brand?post=84427"},{"taxonomy":"product_cat","embeddable":true,"href":"https:\/\/www.irdin.org.br\/site\/wp-json\/wp\/v2\/product_cat?post=84427"},{"taxonomy":"product_tag","embeddable":true,"href":"https:\/\/www.irdin.org.br\/site\/wp-json\/wp\/v2\/product_tag?post=84427"}],"curies":[{"name":"wp","href":"https:\/\/api.w.org\/{rel}","templated":true}]}}