{"id":84434,"date":"2018-04-26T18:38:05","date_gmt":"2018-04-26T18:38:05","guid":{"rendered":"http:\/\/www.irdin.org.br\/site\/produto\/alegria\/"},"modified":"2025-07-13T17:19:28","modified_gmt":"2025-07-13T20:19:28","slug":"alegria","status":"publish","type":"product","link":"https:\/\/www.irdin.org.br\/site\/produtos\/alegria\/","title":{"rendered":"Alegria"},"content":{"rendered":"<p><em>A verdadeira alegria vem da alma e por ela se pratica uma forma de servi\u00e7o das mais necess\u00e1rias.<\/em><\/p>\n<p>&nbsp;<br \/>\n<strong>Ou\u00e7a agora:<\/strong><\/p>\n<p><span data-href=\"https:\/\/www.irdin.org.br\/site\/envios\/audios\/0014_0048__por_por__alegria.mp3\" data-title=\"alegria\" data-rel=\"\" data-target=\"\" data-meta=\"#fap-meta-6a05264335bce\" class=\"fap-single-track fap-track-button fap-play-button\" data-enqueue=\"no\" data-autoenqueue=\"no\" title=\"alegria\"><span class=\"fap-icon-play\"><\/span>Ouvir<\/span> <a href=\"https:\/\/www.irdin.org.br\/site\/envios\/audios\/0014_0048__por_por__alegria.mp3\" class=\"baixar\" download><span class=\"fa fa-arrow-down\"><\/span>Baixar<\/span><\/a> <span class=\"textobaixar\"> alegria<\/span><\/p>\n<p>&nbsp;<\/p>\n","protected":false},"excerpt":{"rendered":"<p>A verdadeira alegria vem da alma e por ela se pratica uma forma de servi\u00e7o das mais necess\u00e1rias. &nbsp; Ou\u00e7a<\/p>\n","protected":false},"featured_media":37803,"template":"","meta":{"_acf_changed":false},"product_brand":[],"product_cat":[18076,33068],"product_tag":[42169],"class_list":{"0":"post-84434","1":"product","2":"type-product","3":"status-publish","4":"has-post-thumbnail","6":"product_cat-cddvd","7":"product_cat-palestras","8":"product_tag-42169","9":"pa_autor-trigueirinho","10":"pa_codigo-da-serie-32103","11":"pa_data-de-gravacao-18348","12":"pa_descricao-da-serie-reflexoes","13":"pa_idioma-de-destino-portugues","14":"pa_lancamento-no","15":"pa_midia-cd","16":"pa_moac-42168","17":"pa_quantidade-de-saldo-33067","18":"pa_sequencial-da-serie-31924","19":"pa_tipo-de-traducao-nao-classificado","21":"first","22":"outofstock","23":"product-type-simple"},"acf":[],"_links":{"self":[{"href":"https:\/\/www.irdin.org.br\/site\/wp-json\/wp\/v2\/product\/84434","targetHints":{"allow":["GET"]}}],"collection":[{"href":"https:\/\/www.irdin.org.br\/site\/wp-json\/wp\/v2\/product"}],"about":[{"href":"https:\/\/www.irdin.org.br\/site\/wp-json\/wp\/v2\/types\/product"}],"version-history":[{"count":2,"href":"https:\/\/www.irdin.org.br\/site\/wp-json\/wp\/v2\/product\/84434\/revisions"}],"predecessor-version":[{"id":109849,"href":"https:\/\/www.irdin.org.br\/site\/wp-json\/wp\/v2\/product\/84434\/revisions\/109849"}],"wp:featuredmedia":[{"embeddable":true,"href":"https:\/\/www.irdin.org.br\/site\/wp-json\/wp\/v2\/media\/37803"}],"wp:attachment":[{"href":"https:\/\/www.irdin.org.br\/site\/wp-json\/wp\/v2\/media?parent=84434"}],"wp:term":[{"taxonomy":"product_brand","embeddable":true,"href":"https:\/\/www.irdin.org.br\/site\/wp-json\/wp\/v2\/product_brand?post=84434"},{"taxonomy":"product_cat","embeddable":true,"href":"https:\/\/www.irdin.org.br\/site\/wp-json\/wp\/v2\/product_cat?post=84434"},{"taxonomy":"product_tag","embeddable":true,"href":"https:\/\/www.irdin.org.br\/site\/wp-json\/wp\/v2\/product_tag?post=84434"}],"curies":[{"name":"wp","href":"https:\/\/api.w.org\/{rel}","templated":true}]}}