{"id":84436,"date":"2018-04-26T18:38:05","date_gmt":"2018-04-26T18:38:05","guid":{"rendered":"http:\/\/www.irdin.org.br\/site\/produto\/como-se-comeca-a-perceber-o-eu-interno\/"},"modified":"2025-09-14T20:50:00","modified_gmt":"2025-09-14T23:50:00","slug":"como-se-comeca-a-perceber-o-eu-interno","status":"publish","type":"product","link":"https:\/\/www.irdin.org.br\/site\/produtos\/como-se-comeca-a-perceber-o-eu-interno\/","title":{"rendered":"Como se come\u00e7a a perceber o eu interno"},"content":{"rendered":"<p><em>Uma luz, al\u00e9m da mente, mostra o destino.<\/em><\/p>\n<p>&nbsp;<br \/>\n<strong>Ou\u00e7a agora:<\/strong><\/p>\n<p><span data-href=\"https:\/\/www.irdin.org.br\/site\/envios\/audios\/0014_0052__por_por__como_se_comeca_a_perceber_o_eu_interno.mp3\" data-title=\"como se come\u00e7a a perceber o eu interno\" data-rel=\"\" data-target=\"\" data-meta=\"#fap-meta-6a055c53019b7\" class=\"fap-single-track fap-track-button fap-play-button\" data-enqueue=\"no\" data-autoenqueue=\"no\" title=\"como se come\u00e7a a perceber o eu interno\"><span class=\"fap-icon-play\"><\/span>Ouvir<\/span> <a href=\"https:\/\/www.irdin.org.br\/site\/envios\/audios\/0014_0052__por_por__como_se_comeca_a_perceber_o_eu_interno.mp3\" class=\"baixar\"><span class=\"fa fa-arrow-down\"><\/span>Baixar<\/span><\/a> <span class=\"textobaixar\"> como se come\u00e7a a perceber o eu interno<\/span><\/p>\n<p>&nbsp;<\/p>\n","protected":false},"excerpt":{"rendered":"<p>Uma luz, al\u00e9m da mente, mostra o destino. &nbsp; Ou\u00e7a agora: Baixar como se come\u00e7a a perceber o eu interno<\/p>\n","protected":false},"featured_media":37803,"template":"","meta":{"_acf_changed":false},"product_brand":[],"product_cat":[18076,33068],"product_tag":[42173],"class_list":{"0":"post-84436","1":"product","2":"type-product","3":"status-publish","4":"has-post-thumbnail","6":"product_cat-cddvd","7":"product_cat-palestras","8":"product_tag-42173","9":"pa_autor-trigueirinho","10":"pa_codigo-da-serie-32103","11":"pa_data-de-gravacao-18364","12":"pa_descricao-da-serie-reflexoes","13":"pa_idioma-de-destino-portugues","14":"pa_lancamento-no","15":"pa_midia-cd","16":"pa_moac-42172","17":"pa_quantidade-de-saldo-33067","18":"pa_sequencial-da-serie-31928","19":"pa_tipo-de-traducao-nao-classificado","21":"first","22":"outofstock","23":"product-type-simple"},"acf":[],"_links":{"self":[{"href":"https:\/\/www.irdin.org.br\/site\/wp-json\/wp\/v2\/product\/84436","targetHints":{"allow":["GET"]}}],"collection":[{"href":"https:\/\/www.irdin.org.br\/site\/wp-json\/wp\/v2\/product"}],"about":[{"href":"https:\/\/www.irdin.org.br\/site\/wp-json\/wp\/v2\/types\/product"}],"version-history":[{"count":1,"href":"https:\/\/www.irdin.org.br\/site\/wp-json\/wp\/v2\/product\/84436\/revisions"}],"predecessor-version":[{"id":107581,"href":"https:\/\/www.irdin.org.br\/site\/wp-json\/wp\/v2\/product\/84436\/revisions\/107581"}],"wp:featuredmedia":[{"embeddable":true,"href":"https:\/\/www.irdin.org.br\/site\/wp-json\/wp\/v2\/media\/37803"}],"wp:attachment":[{"href":"https:\/\/www.irdin.org.br\/site\/wp-json\/wp\/v2\/media?parent=84436"}],"wp:term":[{"taxonomy":"product_brand","embeddable":true,"href":"https:\/\/www.irdin.org.br\/site\/wp-json\/wp\/v2\/product_brand?post=84436"},{"taxonomy":"product_cat","embeddable":true,"href":"https:\/\/www.irdin.org.br\/site\/wp-json\/wp\/v2\/product_cat?post=84436"},{"taxonomy":"product_tag","embeddable":true,"href":"https:\/\/www.irdin.org.br\/site\/wp-json\/wp\/v2\/product_tag?post=84436"}],"curies":[{"name":"wp","href":"https:\/\/api.w.org\/{rel}","templated":true}]}}