{"id":84439,"date":"2018-04-26T18:38:28","date_gmt":"2018-04-26T18:38:28","guid":{"rendered":"http:\/\/www.irdin.org.br\/site\/produto\/trabalho-espiritual-com-a-mente\/"},"modified":"2025-09-14T20:57:32","modified_gmt":"2025-09-14T23:57:32","slug":"trabalho-espiritual-com-a-mente","status":"publish","type":"product","link":"https:\/\/www.irdin.org.br\/site\/produtos\/trabalho-espiritual-com-a-mente\/","title":{"rendered":"Trabalho espiritual com a mente"},"content":{"rendered":"<p><em>O trajeto pelos diversos n\u00edveis da mente, dos materiais aos mais elevados, da obscuridade \u00e0 luz, \u00e9 o que cabe ao ser humano que aspira a viver em plenitude. Esse trajeto come\u00e7a com a regenera\u00e7\u00e3o das suas c\u00e9lulas cerebrais e o conduz passo a passo a tornar-se prolongamento da Hierarquia espiritual para um servi\u00e7o superior.<\/em><\/p>\n<p>&nbsp;<br \/>\n<strong>Ou\u00e7a agora:<\/strong><\/p>\n<p><span data-href=\"https:\/\/www.irdin.org.br\/site\/envios\/audios\/0014_0062__por_por__trabalho_espiritual_com_a_mente.mp3\" data-title=\"trabalho espiritual com a mente\" data-rel=\"\" data-target=\"\" data-meta=\"#fap-meta-69e765f85d25b\" class=\"fap-single-track fap-track-button fap-play-button\" data-enqueue=\"no\" data-autoenqueue=\"no\" title=\"trabalho espiritual com a mente\"><span class=\"fap-icon-play\"><\/span>Ouvir<\/span> <a href=\"https:\/\/www.irdin.org.br\/site\/envios\/audios\/0014_0062__por_por__trabalho_espiritual_com_a_mente.mp3\" class=\"baixar\" download><span class=\"fa fa-arrow-down\"><\/span>Baixar<\/span><\/a> <span class=\"textobaixar\"> trabalho espiritual com a mente<\/span><\/p>\n<p>&nbsp;<\/p>\n","protected":false},"excerpt":{"rendered":"<p>O trajeto pelos diversos n\u00edveis da mente, dos materiais aos mais elevados, da obscuridade \u00e0 luz, \u00e9 o que cabe<\/p>\n","protected":false},"featured_media":37803,"template":"","meta":{"_acf_changed":false},"product_brand":[],"product_cat":[18076,33068],"product_tag":[42179],"class_list":{"0":"post-84439","1":"product","2":"type-product","3":"status-publish","4":"has-post-thumbnail","6":"product_cat-cddvd","7":"product_cat-palestras","8":"product_tag-42179","9":"pa_autor-trigueirinho","10":"pa_codigo-da-serie-32103","11":"pa_codigo-externo-00140062porcd","12":"pa_data-de-gravacao-18385","13":"pa_descricao-da-serie-reflexoes","14":"pa_duracao-55min25s","15":"pa_idioma-de-destino-portugues","16":"pa_idioma-de-origem-portugues","17":"pa_lancamento-no","18":"pa_midia-cd","19":"pa_moac-42178","20":"pa_quantidade-de-saldo-33067","21":"pa_sequencial-da-serie-31937","22":"pa_tipo-de-traducao-nao-classificado","24":"first","25":"outofstock","26":"product-type-simple"},"acf":[],"_links":{"self":[{"href":"https:\/\/www.irdin.org.br\/site\/wp-json\/wp\/v2\/product\/84439","targetHints":{"allow":["GET"]}}],"collection":[{"href":"https:\/\/www.irdin.org.br\/site\/wp-json\/wp\/v2\/product"}],"about":[{"href":"https:\/\/www.irdin.org.br\/site\/wp-json\/wp\/v2\/types\/product"}],"version-history":[{"count":1,"href":"https:\/\/www.irdin.org.br\/site\/wp-json\/wp\/v2\/product\/84439\/revisions"}],"predecessor-version":[{"id":107553,"href":"https:\/\/www.irdin.org.br\/site\/wp-json\/wp\/v2\/product\/84439\/revisions\/107553"}],"wp:featuredmedia":[{"embeddable":true,"href":"https:\/\/www.irdin.org.br\/site\/wp-json\/wp\/v2\/media\/37803"}],"wp:attachment":[{"href":"https:\/\/www.irdin.org.br\/site\/wp-json\/wp\/v2\/media?parent=84439"}],"wp:term":[{"taxonomy":"product_brand","embeddable":true,"href":"https:\/\/www.irdin.org.br\/site\/wp-json\/wp\/v2\/product_brand?post=84439"},{"taxonomy":"product_cat","embeddable":true,"href":"https:\/\/www.irdin.org.br\/site\/wp-json\/wp\/v2\/product_cat?post=84439"},{"taxonomy":"product_tag","embeddable":true,"href":"https:\/\/www.irdin.org.br\/site\/wp-json\/wp\/v2\/product_tag?post=84439"}],"curies":[{"name":"wp","href":"https:\/\/api.w.org\/{rel}","templated":true}]}}