{"id":84447,"date":"2018-04-26T18:38:28","date_gmt":"2018-04-26T18:38:28","guid":{"rendered":"http:\/\/www.irdin.org.br\/site\/produto\/do-reino-humano-ao-espiritual\/"},"modified":"2025-09-14T23:49:50","modified_gmt":"2025-09-15T02:49:50","slug":"do-reino-humano-ao-espiritual","status":"publish","type":"product","link":"https:\/\/www.irdin.org.br\/site\/produtos\/do-reino-humano-ao-espiritual\/","title":{"rendered":"Do reino humano ao espiritual"},"content":{"rendered":"<p><em>Para transmigrar de um reino a outro, o exerc\u00edcio b\u00e1sico \u00e9 ofertar a Deus tudo o que se faz.<\/em><\/p>\n<p>&nbsp;<br \/>\n<strong>Ou\u00e7a agora:<\/strong><\/p>\n<p><span data-href=\"https:\/\/www.irdin.org.br\/site\/envios\/audios\/0014_0102__por_por__do_reino_humano_ao_espiritual.mp3\" data-title=\"do reino humano ao espiritual\" data-rel=\"\" data-target=\"\" data-meta=\"#fap-meta-6a0235d7cbf39\" class=\"fap-single-track fap-track-button fap-play-button\" data-enqueue=\"no\" data-autoenqueue=\"no\" title=\"do reino humano ao espiritual\"><span class=\"fap-icon-play\"><\/span>Ouvir<\/span> <a href=\"https:\/\/www.irdin.org.br\/site\/envios\/audios\/0014_0102__por_por__do_reino_humano_ao_espiritual.mp3\" class=\"baixar\" download><span class=\"fa fa-arrow-down\"><\/span>Baixar<\/span><\/a> <span class=\"textobaixar\"> do reino humano ao espiritual<\/span><\/p>\n<p>&nbsp;<\/p>\n","protected":false},"excerpt":{"rendered":"<p>Para transmigrar de um reino a outro, o exerc\u00edcio b\u00e1sico \u00e9 ofertar a Deus tudo o que se faz. &nbsp;<\/p>\n","protected":false},"featured_media":37803,"template":"","meta":{"_acf_changed":false},"product_brand":[],"product_cat":[18076,33068],"product_tag":[42195],"class_list":{"0":"post-84447","1":"product","2":"type-product","3":"status-publish","4":"has-post-thumbnail","6":"product_cat-cddvd","7":"product_cat-palestras","8":"product_tag-42195","9":"pa_autor-trigueirinho","10":"pa_codigo-da-serie-32103","11":"pa_codigo-externo-00140102porcd","12":"pa_data-de-gravacao-18431","13":"pa_descricao-da-serie-reflexoes","14":"pa_duracao-42min2s","15":"pa_idioma-de-destino-portugues","16":"pa_idioma-de-origem-portugues","17":"pa_lancamento-no","18":"pa_midia-cd","19":"pa_moac-42194","20":"pa_quantidade-de-saldo-33067","21":"pa_sequencial-da-serie-32150","22":"pa_tipo-de-traducao-nao-classificado","24":"first","25":"outofstock","26":"product-type-simple"},"acf":[],"_links":{"self":[{"href":"https:\/\/www.irdin.org.br\/site\/wp-json\/wp\/v2\/product\/84447","targetHints":{"allow":["GET"]}}],"collection":[{"href":"https:\/\/www.irdin.org.br\/site\/wp-json\/wp\/v2\/product"}],"about":[{"href":"https:\/\/www.irdin.org.br\/site\/wp-json\/wp\/v2\/types\/product"}],"version-history":[{"count":1,"href":"https:\/\/www.irdin.org.br\/site\/wp-json\/wp\/v2\/product\/84447\/revisions"}],"predecessor-version":[{"id":107562,"href":"https:\/\/www.irdin.org.br\/site\/wp-json\/wp\/v2\/product\/84447\/revisions\/107562"}],"wp:featuredmedia":[{"embeddable":true,"href":"https:\/\/www.irdin.org.br\/site\/wp-json\/wp\/v2\/media\/37803"}],"wp:attachment":[{"href":"https:\/\/www.irdin.org.br\/site\/wp-json\/wp\/v2\/media?parent=84447"}],"wp:term":[{"taxonomy":"product_brand","embeddable":true,"href":"https:\/\/www.irdin.org.br\/site\/wp-json\/wp\/v2\/product_brand?post=84447"},{"taxonomy":"product_cat","embeddable":true,"href":"https:\/\/www.irdin.org.br\/site\/wp-json\/wp\/v2\/product_cat?post=84447"},{"taxonomy":"product_tag","embeddable":true,"href":"https:\/\/www.irdin.org.br\/site\/wp-json\/wp\/v2\/product_tag?post=84447"}],"curies":[{"name":"wp","href":"https:\/\/api.w.org\/{rel}","templated":true}]}}