{"id":84450,"date":"2018-04-26T18:38:28","date_gmt":"2018-04-26T18:38:28","guid":{"rendered":"http:\/\/www.irdin.org.br\/site\/produto\/reverencia-perdao\/"},"modified":"2025-09-14T23:55:34","modified_gmt":"2025-09-15T02:55:34","slug":"reverencia-perdao","status":"publish","type":"product","link":"https:\/\/www.irdin.org.br\/site\/produtos\/reverencia-perdao\/","title":{"rendered":"Rever\u00eancia, perd\u00e3o"},"content":{"rendered":"<p><em>Uma maneira s\u00e1bia de equilibrar d\u00e9bitos c\u00e1rmicos e de estar em verdadeira sintonia com o caminho de ascens\u00e3o.<\/em><\/p>\n<p>&nbsp;<br \/>\n<strong>Ou\u00e7a agora:<\/strong><\/p>\n<p><span data-href=\"https:\/\/www.irdin.org.br\/site\/envios\/audios\/0014_0104__por_por__reverencia_perdao.mp3\" data-title=\"rever\u00eancia, perd\u00e3o\" data-rel=\"\" data-target=\"\" data-meta=\"#fap-meta-69e8888f6e8f6\" class=\"fap-single-track fap-track-button fap-play-button\" data-enqueue=\"no\" data-autoenqueue=\"no\" title=\"rever\u00eancia, perd\u00e3o\"><span class=\"fap-icon-play\"><\/span>Ouvir<\/span> <a href=\"https:\/\/www.irdin.org.br\/site\/envios\/audios\/0014_0104__por_por__reverencia_perdao.mp3\" class=\"baixar\" download><span class=\"fa fa-arrow-down\"><\/span>Baixar<\/span><\/a> <span class=\"textobaixar\"> rever\u00eancia, perd\u00e3o<\/span><\/p>\n<p>&nbsp;<\/p>\n","protected":false},"excerpt":{"rendered":"<p>Uma maneira s\u00e1bia de equilibrar d\u00e9bitos c\u00e1rmicos e de estar em verdadeira sintonia com o caminho de ascens\u00e3o. &nbsp; Ou\u00e7a<\/p>\n","protected":false},"featured_media":37803,"template":"","meta":{"_acf_changed":false},"product_brand":[],"product_cat":[18076,33068],"product_tag":[42201],"class_list":{"0":"post-84450","1":"product","2":"type-product","3":"status-publish","4":"has-post-thumbnail","6":"product_cat-cddvd","7":"product_cat-palestras","8":"product_tag-42201","9":"pa_autor-trigueirinho","10":"pa_codigo-da-serie-32103","11":"pa_data-de-gravacao-18446","12":"pa_descricao-da-serie-reflexoes","13":"pa_idioma-de-destino-portugues","14":"pa_lancamento-no","15":"pa_midia-cd","16":"pa_moac-42200","17":"pa_quantidade-de-saldo-33067","18":"pa_sequencial-da-serie-32156","19":"pa_tipo-de-traducao-nao-classificado","21":"first","22":"outofstock","23":"product-type-simple"},"acf":[],"_links":{"self":[{"href":"https:\/\/www.irdin.org.br\/site\/wp-json\/wp\/v2\/product\/84450","targetHints":{"allow":["GET"]}}],"collection":[{"href":"https:\/\/www.irdin.org.br\/site\/wp-json\/wp\/v2\/product"}],"about":[{"href":"https:\/\/www.irdin.org.br\/site\/wp-json\/wp\/v2\/types\/product"}],"version-history":[{"count":1,"href":"https:\/\/www.irdin.org.br\/site\/wp-json\/wp\/v2\/product\/84450\/revisions"}],"predecessor-version":[{"id":107563,"href":"https:\/\/www.irdin.org.br\/site\/wp-json\/wp\/v2\/product\/84450\/revisions\/107563"}],"wp:featuredmedia":[{"embeddable":true,"href":"https:\/\/www.irdin.org.br\/site\/wp-json\/wp\/v2\/media\/37803"}],"wp:attachment":[{"href":"https:\/\/www.irdin.org.br\/site\/wp-json\/wp\/v2\/media?parent=84450"}],"wp:term":[{"taxonomy":"product_brand","embeddable":true,"href":"https:\/\/www.irdin.org.br\/site\/wp-json\/wp\/v2\/product_brand?post=84450"},{"taxonomy":"product_cat","embeddable":true,"href":"https:\/\/www.irdin.org.br\/site\/wp-json\/wp\/v2\/product_cat?post=84450"},{"taxonomy":"product_tag","embeddable":true,"href":"https:\/\/www.irdin.org.br\/site\/wp-json\/wp\/v2\/product_tag?post=84450"}],"curies":[{"name":"wp","href":"https:\/\/api.w.org\/{rel}","templated":true}]}}