{"id":84451,"date":"2018-04-26T18:38:28","date_gmt":"2018-04-26T18:38:28","guid":{"rendered":"http:\/\/www.irdin.org.br\/site\/produto\/preparatorio-aprofundamento-e-realizacao-no-caminho-espiritual\/"},"modified":"2025-09-14T23:57:24","modified_gmt":"2025-09-15T02:57:24","slug":"preparatorio-aprofundamento-e-realizacao-no-caminho-espiritual","status":"publish","type":"product","link":"https:\/\/www.irdin.org.br\/site\/produtos\/preparatorio-aprofundamento-e-realizacao-no-caminho-espiritual\/","title":{"rendered":"Preparat\u00f3rio, aprofundamento e realiza\u00e7\u00e3o no caminho espiritual"},"content":{"rendered":"<p><em>Aceita\u00e7\u00e3o, persist\u00eancia e f\u00e9: qualidades necess\u00e1rias para o equil\u00edbrio dos corpos e tomada de consci\u00eancia da vida interior.<\/em><\/p>\n<p>&nbsp;<br \/>\n<strong>Ou\u00e7a agora:<\/strong><\/p>\n<p><span data-href=\"https:\/\/www.irdin.org.br\/site\/envios\/audios\/0014_0105__por_por__preparatorio_aprofundamento_e_realizacao_no_caminho_espiritual.mp3\" data-title=\"preparat\u00f3rio, aprofundamento e realiza\u00e7\u00e3o no caminho espiritual\" data-rel=\"\" data-target=\"\" data-meta=\"#fap-meta-69f33a0a1247f\" class=\"fap-single-track fap-track-button fap-play-button\" data-enqueue=\"no\" data-autoenqueue=\"no\" title=\"preparat\u00f3rio, aprofundamento e realiza\u00e7\u00e3o no caminho espiritual\"><span class=\"fap-icon-play\"><\/span>Ouvir<\/span> <a href=\"https:\/\/www.irdin.org.br\/site\/envios\/audios\/0014_0105__por_por__preparatorio_aprofundamento_e_realizacao_no_caminho_espiritual.mp3\" class=\"baixar\" download><span class=\"fa fa-arrow-down\"><\/span>Baixar<\/span><\/a> <span class=\"textobaixar\"> preparat\u00f3rio, aprofundamento e realiza\u00e7\u00e3o no caminho espiritual<\/span><\/p>\n<p>&nbsp;<\/p>\n","protected":false},"excerpt":{"rendered":"<p>Aceita\u00e7\u00e3o, persist\u00eancia e f\u00e9: qualidades necess\u00e1rias para o equil\u00edbrio dos corpos e tomada de consci\u00eancia da vida interior. &nbsp; Ou\u00e7a<\/p>\n","protected":false},"featured_media":37803,"template":"","meta":{"_acf_changed":false},"product_brand":[],"product_cat":[18076,33068],"product_tag":[42203],"class_list":{"0":"post-84451","1":"product","2":"type-product","3":"status-publish","4":"has-post-thumbnail","6":"product_cat-cddvd","7":"product_cat-palestras","8":"product_tag-42203","9":"pa_autor-trigueirinho","10":"pa_codigo-da-serie-32103","11":"pa_codigo-externo-00140105porcd","12":"pa_data-de-gravacao-18452","13":"pa_descricao-da-serie-reflexoes","14":"pa_duracao-47min28s","15":"pa_idioma-de-destino-portugues","16":"pa_idioma-de-origem-portugues","17":"pa_lancamento-no","18":"pa_midia-cd","19":"pa_moac-42202","20":"pa_quantidade-de-saldo-33067","21":"pa_sequencial-da-serie-32159","22":"pa_tipo-de-traducao-nao-classificado","24":"first","25":"outofstock","26":"product-type-simple"},"acf":[],"_links":{"self":[{"href":"https:\/\/www.irdin.org.br\/site\/wp-json\/wp\/v2\/product\/84451","targetHints":{"allow":["GET"]}}],"collection":[{"href":"https:\/\/www.irdin.org.br\/site\/wp-json\/wp\/v2\/product"}],"about":[{"href":"https:\/\/www.irdin.org.br\/site\/wp-json\/wp\/v2\/types\/product"}],"version-history":[{"count":1,"href":"https:\/\/www.irdin.org.br\/site\/wp-json\/wp\/v2\/product\/84451\/revisions"}],"predecessor-version":[{"id":107565,"href":"https:\/\/www.irdin.org.br\/site\/wp-json\/wp\/v2\/product\/84451\/revisions\/107565"}],"wp:featuredmedia":[{"embeddable":true,"href":"https:\/\/www.irdin.org.br\/site\/wp-json\/wp\/v2\/media\/37803"}],"wp:attachment":[{"href":"https:\/\/www.irdin.org.br\/site\/wp-json\/wp\/v2\/media?parent=84451"}],"wp:term":[{"taxonomy":"product_brand","embeddable":true,"href":"https:\/\/www.irdin.org.br\/site\/wp-json\/wp\/v2\/product_brand?post=84451"},{"taxonomy":"product_cat","embeddable":true,"href":"https:\/\/www.irdin.org.br\/site\/wp-json\/wp\/v2\/product_cat?post=84451"},{"taxonomy":"product_tag","embeddable":true,"href":"https:\/\/www.irdin.org.br\/site\/wp-json\/wp\/v2\/product_tag?post=84451"}],"curies":[{"name":"wp","href":"https:\/\/api.w.org\/{rel}","templated":true}]}}