{"id":84453,"date":"2018-04-26T18:38:28","date_gmt":"2018-04-26T18:38:28","guid":{"rendered":"http:\/\/www.irdin.org.br\/site\/produto\/provas-espirituais\/"},"modified":"2024-09-23T13:31:52","modified_gmt":"2024-09-23T13:31:52","slug":"provas-espirituais","status":"publish","type":"product","link":"https:\/\/www.irdin.org.br\/site\/produtos\/provas-espirituais\/","title":{"rendered":"Provas espirituais"},"content":{"rendered":"<p><em>Ao superarmos os n\u00edveis humanos do nosso ser, aprimoramos a liga\u00e7\u00e3o com a vida superior.<\/em><\/p>\n<p>&nbsp;<br \/>\n<strong>Ou\u00e7a agora:<\/strong><\/p>\n<p><span data-href=\"https:\/\/www.irdin.org.br\/site\/envios\/audios\/0014_0109__por_por__provas_espirituais.mp3\" data-title=\"provas espirituais\" data-rel=\"\" data-target=\"\" data-meta=\"#fap-meta-6a091f5ded6f9\" class=\"fap-single-track fap-track-button fap-play-button\" data-enqueue=\"no\" data-autoenqueue=\"no\" title=\"provas espirituais\"><span class=\"fap-icon-play\"><\/span>Ouvir<\/span> <a href=\"https:\/\/www.irdin.org.br\/site\/envios\/audios\/0014_0109__por_por__provas_espirituais.mp3\" class=\"baixar\" download><span class=\"fa fa-arrow-down\"><\/span>Baixar<\/span><\/a> <span class=\"textobaixar\"> provas espirituais<\/span><\/p>\n<p>&nbsp;<\/p>\n","protected":false},"excerpt":{"rendered":"<p>Ao superarmos os n\u00edveis humanos do nosso ser, aprimoramos a liga\u00e7\u00e3o com a vida superior. &nbsp; Ou\u00e7a agora: Baixar provas<\/p>\n","protected":false},"featured_media":37803,"template":"","meta":{"_acf_changed":false},"product_brand":[],"product_cat":[18076,33068],"product_tag":[42207],"class_list":{"0":"post-84453","1":"product","2":"type-product","3":"status-publish","4":"has-post-thumbnail","6":"product_cat-cddvd","7":"product_cat-palestras","8":"product_tag-42207","9":"pa_autor-trigueirinho","10":"pa_codigo-da-serie-32103","11":"pa_codigo-externo-00140109porcd","12":"pa_data-de-gravacao-18462","13":"pa_duracao-40min21s","14":"pa_idioma-de-destino-portugues","15":"pa_idioma-de-origem-portugues","16":"pa_lancamento-no","17":"pa_midia-cd","18":"pa_moac-42206","19":"pa_quantidade-de-saldo-33067","20":"pa_sequencial-da-serie-32163","21":"pa_tipo-de-traducao-nao-classificado","23":"first","24":"outofstock","25":"product-type-simple"},"acf":[],"_links":{"self":[{"href":"https:\/\/www.irdin.org.br\/site\/wp-json\/wp\/v2\/product\/84453","targetHints":{"allow":["GET"]}}],"collection":[{"href":"https:\/\/www.irdin.org.br\/site\/wp-json\/wp\/v2\/product"}],"about":[{"href":"https:\/\/www.irdin.org.br\/site\/wp-json\/wp\/v2\/types\/product"}],"version-history":[{"count":1,"href":"https:\/\/www.irdin.org.br\/site\/wp-json\/wp\/v2\/product\/84453\/revisions"}],"predecessor-version":[{"id":107566,"href":"https:\/\/www.irdin.org.br\/site\/wp-json\/wp\/v2\/product\/84453\/revisions\/107566"}],"wp:featuredmedia":[{"embeddable":true,"href":"https:\/\/www.irdin.org.br\/site\/wp-json\/wp\/v2\/media\/37803"}],"wp:attachment":[{"href":"https:\/\/www.irdin.org.br\/site\/wp-json\/wp\/v2\/media?parent=84453"}],"wp:term":[{"taxonomy":"product_brand","embeddable":true,"href":"https:\/\/www.irdin.org.br\/site\/wp-json\/wp\/v2\/product_brand?post=84453"},{"taxonomy":"product_cat","embeddable":true,"href":"https:\/\/www.irdin.org.br\/site\/wp-json\/wp\/v2\/product_cat?post=84453"},{"taxonomy":"product_tag","embeddable":true,"href":"https:\/\/www.irdin.org.br\/site\/wp-json\/wp\/v2\/product_tag?post=84453"}],"curies":[{"name":"wp","href":"https:\/\/api.w.org\/{rel}","templated":true}]}}